{"id":7224,"date":"2026-02-19T08:27:26","date_gmt":"2026-02-19T07:27:26","guid":{"rendered":"https:\/\/monikatschudi-techart.com\/produkt\/hardcover-notizbuch\/"},"modified":"2026-02-19T08:27:47","modified_gmt":"2026-02-19T07:27:47","slug":"hardcover-notizbuch","status":"publish","type":"product","link":"https:\/\/monikatschudi-techart.com\/en\/product\/hardcover-notizbuch\/","title":{"rendered":"Hardcover Notizbuch"},"content":{"rendered":"<p>Dieses Notizbuch wird deinen inneren Shakespeare wecken, ganz gleich, ob du ein Meisterwerk erschaffst oder die n\u00e4chste Idee ausheckst. Das Produkt verf\u00fcgt \u00fcber 80 linierte, cremefarbene Seiten, einen integrierten elastischen Verschluss und einen passenden Seitenmarker aus Band. In der erweiterbaren Innentasche k\u00f6nnen lose Notizen und Visitenkarten aufbewahrt werden, sodass du nie den \u00dcberblick \u00fcber wichtige Informationen verlierst.<\/p>\n<p>\u2022 Einbandmaterial: UltraHyde Hardcover-Papier<br \/>\n\u2022 Gr\u00f6\u00dfe: 13,97 cm \u00d7 21,59 cm (5,5&#8243; \u00d7 8,5&#8243;)<br \/>\n\u2022 Gewicht: 309 g (10,9 oz)<br \/>\n\u2022 80 Seiten liniertes, cremefarbenes Papier<br \/>\n\u2022 Elastischer Verschluss und Bandmarkierung<br \/>\n\u2022 Erweiterbare Innentasche<\/p>\n<p>Age restrictions: For adults<br \/>\nEU Warranty: 2 years<br \/>\nOther compliance information: Erf\u00fcllt die Anforderungen bez\u00fcglich Blei und Phthalate.<\/p>\n<p>In \u00dcbereinstimmung mit der Allgemeinen Produktsicherheitsverordnung (GPSR) <b>Oak inc.<\/b>und <b>SINDEN VENTURES LIMITED<\/b>um sicherzustellen, dass alle angebotenen Verbraucherprodukte sicher sind und den EU-Standards entsprechen. Bei Fragen oder Bedenken bez\u00fcglich der Produktsicherheit wende dich bitte an unseren EU-Vertreter unter <b>gpsr@sindenventures.com<\/b>. Du erreichst uns auch schriftlich unter <b>123 Main Street, Anytown, Country<\/b>or<b>Markou Evgenikou 11, Mesa Geitonia, 4002, Limassol, Cyprus.<b \/><\/p>","protected":false},"excerpt":{"rendered":"<p>Dieses Notizbuch wird deinen inneren Shakespeare wecken, ganz gleich, ob du ein Meisterwerk erschaffst oder die n\u00e4chste Idee ausheckst. Das Produkt verf\u00fcgt \u00fcber 80 linierte, cremefarbene Seiten, einen integrierten elastischen Verschluss und einen passenden Seitenmarker aus Band. In der erweiterbaren Innentasche k\u00f6nnen lose Notizen und Visitenkarten aufbewahrt werden, sodass du nie den \u00dcberblick \u00fcber wichtige [&hellip;]<\/p>\n","protected":false},"featured_media":7227,"comment_status":"open","ping_status":"closed","template":"","meta":{"_bbp_topic_count":0,"_bbp_reply_count":0,"_bbp_total_topic_count":0,"_bbp_total_reply_count":0,"_bbp_voice_count":0,"_bbp_anonymous_reply_count":0,"_bbp_topic_count_hidden":0,"_bbp_reply_count_hidden":0,"_bbp_forum_subforum_count":0,"_et_pb_use_builder":"","_et_pb_old_content":"","_et_gb_content_width":"","om_disable_all_campaigns":false,"pmpro_default_level":"","_uag_custom_page_level_css":"","_monsterinsights_skip_tracking":false,"_monsterinsights_sitenote_active":false,"_monsterinsights_sitenote_note":"","_monsterinsights_sitenote_category":0,"_uf_show_specific_survey":0,"_uf_disable_surveys":false},"product_brand":[],"product_cat":[3008],"product_tag":[],"wf_product_folders":[],"class_list":{"0":"post-7224","1":"product","2":"type-product","3":"status-publish","4":"has-post-thumbnail","6":"product_cat-accessoires","7":"pmpro-has-access","9":"first","10":"instock","11":"taxable","12":"shipping-taxable","13":"purchasable","14":"product-type-variable"},"aioseo_notices":[],"uagb_featured_image_src":{"full":["https:\/\/i0.wp.com\/monikatschudi-techart.com\/wp-content\/uploads\/2026\/02\/hardcover-bound-notebook-white-front-6996bb466c0f8.jpg?fit=2000%2C2000&ssl=1",2000,2000,false],"thumbnail":["https:\/\/i0.wp.com\/monikatschudi-techart.com\/wp-content\/uploads\/2026\/02\/hardcover-bound-notebook-white-front-6996bb466c0f8.jpg?resize=150%2C150&ssl=1",150,150,true],"medium":["https:\/\/i0.wp.com\/monikatschudi-techart.com\/wp-content\/uploads\/2026\/02\/hardcover-bound-notebook-white-front-6996bb466c0f8.jpg?fit=300%2C300&ssl=1",300,300,true],"medium_large":["https:\/\/i0.wp.com\/monikatschudi-techart.com\/wp-content\/uploads\/2026\/02\/hardcover-bound-notebook-white-front-6996bb466c0f8.jpg?fit=768%2C768&ssl=1",768,768,true],"large":["https:\/\/i0.wp.com\/monikatschudi-techart.com\/wp-content\/uploads\/2026\/02\/hardcover-bound-notebook-white-front-6996bb466c0f8.jpg?fit=1024%2C1024&ssl=1",1024,1024,true],"1536x1536":["https:\/\/i0.wp.com\/monikatschudi-techart.com\/wp-content\/uploads\/2026\/02\/hardcover-bound-notebook-white-front-6996bb466c0f8.jpg?fit=1536%2C1536&ssl=1",1536,1536,true],"2048x2048":["https:\/\/i0.wp.com\/monikatschudi-techart.com\/wp-content\/uploads\/2026\/02\/hardcover-bound-notebook-white-front-6996bb466c0f8.jpg?fit=2000%2C2000&ssl=1",2000,2000,true],"trp-custom-language-flag":["https:\/\/i0.wp.com\/monikatschudi-techart.com\/wp-content\/uploads\/2026\/02\/hardcover-bound-notebook-white-front-6996bb466c0f8.jpg?fit=12%2C12&ssl=1",12,12,true],"newspack-article-block-landscape-large":["https:\/\/i0.wp.com\/monikatschudi-techart.com\/wp-content\/uploads\/2026\/02\/hardcover-bound-notebook-white-front-6996bb466c0f8.jpg?resize=1200%2C900&ssl=1",1200,900,true],"newspack-article-block-portrait-large":["https:\/\/i0.wp.com\/monikatschudi-techart.com\/wp-content\/uploads\/2026\/02\/hardcover-bound-notebook-white-front-6996bb466c0f8.jpg?resize=900%2C1200&ssl=1",900,1200,true],"newspack-article-block-square-large":["https:\/\/i0.wp.com\/monikatschudi-techart.com\/wp-content\/uploads\/2026\/02\/hardcover-bound-notebook-white-front-6996bb466c0f8.jpg?resize=1200%2C1200&ssl=1",1200,1200,true],"newspack-article-block-landscape-medium":["https:\/\/i0.wp.com\/monikatschudi-techart.com\/wp-content\/uploads\/2026\/02\/hardcover-bound-notebook-white-front-6996bb466c0f8.jpg?resize=800%2C600&ssl=1",800,600,true],"newspack-article-block-portrait-medium":["https:\/\/i0.wp.com\/monikatschudi-techart.com\/wp-content\/uploads\/2026\/02\/hardcover-bound-notebook-white-front-6996bb466c0f8.jpg?resize=600%2C800&ssl=1",600,800,true],"newspack-article-block-square-medium":["https:\/\/i0.wp.com\/monikatschudi-techart.com\/wp-content\/uploads\/2026\/02\/hardcover-bound-notebook-white-front-6996bb466c0f8.jpg?resize=800%2C800&ssl=1",800,800,true],"newspack-article-block-landscape-intermediate":["https:\/\/i0.wp.com\/monikatschudi-techart.com\/wp-content\/uploads\/2026\/02\/hardcover-bound-notebook-white-front-6996bb466c0f8.jpg?resize=600%2C450&ssl=1",600,450,true],"newspack-article-block-portrait-intermediate":["https:\/\/i0.wp.com\/monikatschudi-techart.com\/wp-content\/uploads\/2026\/02\/hardcover-bound-notebook-white-front-6996bb466c0f8.jpg?resize=450%2C600&ssl=1",450,600,true],"newspack-article-block-square-intermediate":["https:\/\/i0.wp.com\/monikatschudi-techart.com\/wp-content\/uploads\/2026\/02\/hardcover-bound-notebook-white-front-6996bb466c0f8.jpg?resize=600%2C600&ssl=1",600,600,true],"newspack-article-block-landscape-small":["https:\/\/i0.wp.com\/monikatschudi-techart.com\/wp-content\/uploads\/2026\/02\/hardcover-bound-notebook-white-front-6996bb466c0f8.jpg?resize=400%2C300&ssl=1",400,300,true],"newspack-article-block-portrait-small":["https:\/\/i0.wp.com\/monikatschudi-techart.com\/wp-content\/uploads\/2026\/02\/hardcover-bound-notebook-white-front-6996bb466c0f8.jpg?resize=300%2C400&ssl=1",300,400,true],"newspack-article-block-square-small":["https:\/\/i0.wp.com\/monikatschudi-techart.com\/wp-content\/uploads\/2026\/02\/hardcover-bound-notebook-white-front-6996bb466c0f8.jpg?resize=400%2C400&ssl=1",400,400,true],"newspack-article-block-landscape-tiny":["https:\/\/i0.wp.com\/monikatschudi-techart.com\/wp-content\/uploads\/2026\/02\/hardcover-bound-notebook-white-front-6996bb466c0f8.jpg?resize=200%2C150&ssl=1",200,150,true],"newspack-article-block-portrait-tiny":["https:\/\/i0.wp.com\/monikatschudi-techart.com\/wp-content\/uploads\/2026\/02\/hardcover-bound-notebook-white-front-6996bb466c0f8.jpg?resize=150%2C200&ssl=1",150,200,true],"newspack-article-block-square-tiny":["https:\/\/i0.wp.com\/monikatschudi-techart.com\/wp-content\/uploads\/2026\/02\/hardcover-bound-notebook-white-front-6996bb466c0f8.jpg?resize=200%2C200&ssl=1",200,200,true],"newspack-article-block-uncropped":["https:\/\/i0.wp.com\/monikatschudi-techart.com\/wp-content\/uploads\/2026\/02\/hardcover-bound-notebook-white-front-6996bb466c0f8.jpg?fit=1200%2C1200&ssl=1",1200,1200,true],"et-pb-post-main-image":["https:\/\/i0.wp.com\/monikatschudi-techart.com\/wp-content\/uploads\/2026\/02\/hardcover-bound-notebook-white-front-6996bb466c0f8.jpg?resize=400%2C250&ssl=1",400,250,true],"et-pb-post-main-image-fullwidth":["https:\/\/i0.wp.com\/monikatschudi-techart.com\/wp-content\/uploads\/2026\/02\/hardcover-bound-notebook-white-front-6996bb466c0f8.jpg?resize=1080%2C675&ssl=1",1080,675,true],"et-pb-portfolio-image":["https:\/\/i0.wp.com\/monikatschudi-techart.com\/wp-content\/uploads\/2026\/02\/hardcover-bound-notebook-white-front-6996bb466c0f8.jpg?resize=400%2C284&ssl=1",400,284,true],"et-pb-portfolio-module-image":["https:\/\/i0.wp.com\/monikatschudi-techart.com\/wp-content\/uploads\/2026\/02\/hardcover-bound-notebook-white-front-6996bb466c0f8.jpg?resize=510%2C382&ssl=1",510,382,true],"et-pb-portfolio-image-single":["https:\/\/i0.wp.com\/monikatschudi-techart.com\/wp-content\/uploads\/2026\/02\/hardcover-bound-notebook-white-front-6996bb466c0f8.jpg?fit=1080%2C1080&ssl=1",1080,1080,true],"et-pb-gallery-module-image-portrait":["https:\/\/i0.wp.com\/monikatschudi-techart.com\/wp-content\/uploads\/2026\/02\/hardcover-bound-notebook-white-front-6996bb466c0f8.jpg?resize=400%2C516&ssl=1",400,516,true],"et-pb-post-main-image-fullwidth-large":["https:\/\/i0.wp.com\/monikatschudi-techart.com\/wp-content\/uploads\/2026\/02\/hardcover-bound-notebook-white-front-6996bb466c0f8.jpg?resize=2000%2C1800&ssl=1",2000,1800,true],"et-pb-image--responsive--desktop":["https:\/\/i0.wp.com\/monikatschudi-techart.com\/wp-content\/uploads\/2026\/02\/hardcover-bound-notebook-white-front-6996bb466c0f8.jpg?resize=720%2C720&ssl=1",720,720,true],"et-pb-image--responsive--tablet":["https:\/\/i0.wp.com\/monikatschudi-techart.com\/wp-content\/uploads\/2026\/02\/hardcover-bound-notebook-white-front-6996bb466c0f8.jpg?resize=551%2C551&ssl=1",551,551,true],"et-pb-image--responsive--phone":["https:\/\/i0.wp.com\/monikatschudi-techart.com\/wp-content\/uploads\/2026\/02\/hardcover-bound-notebook-white-front-6996bb466c0f8.jpg?resize=270%2C270&ssl=1",270,270,true],"d4p-bbp-thumb":["https:\/\/i0.wp.com\/monikatschudi-techart.com\/wp-content\/uploads\/2026\/02\/hardcover-bound-notebook-white-front-6996bb466c0f8.jpg?resize=128%2C72&ssl=1",128,72,true],"woocommerce_thumbnail":["https:\/\/i0.wp.com\/monikatschudi-techart.com\/wp-content\/uploads\/2026\/02\/hardcover-bound-notebook-white-front-6996bb466c0f8.jpg?resize=300%2C300&ssl=1",300,300,true],"woocommerce_single":["https:\/\/i0.wp.com\/monikatschudi-techart.com\/wp-content\/uploads\/2026\/02\/hardcover-bound-notebook-white-front-6996bb466c0f8.jpg?fit=600%2C600&ssl=1",600,600,true],"woocommerce_gallery_thumbnail":["https:\/\/i0.wp.com\/monikatschudi-techart.com\/wp-content\/uploads\/2026\/02\/hardcover-bound-notebook-white-front-6996bb466c0f8.jpg?resize=100%2C100&ssl=1",100,100,true]},"uagb_author_info":{"display_name":"Monika Tschudi","author_link":"https:\/\/monikatschudi-techart.com\/en\/author\/"},"uagb_comment_info":0,"uagb_excerpt":"Dieses Notizbuch wird deinen inneren Shakespeare wecken, ganz gleich, ob du ein Meisterwerk erschaffst oder die n\u00e4chste Idee ausheckst. Das Produkt verf\u00fcgt \u00fcber 80 linierte, cremefarbene Seiten, einen integrierten elastischen Verschluss und einen passenden Seitenmarker aus Band. In der erweiterbaren Innentasche k\u00f6nnen lose Notizen und Visitenkarten aufbewahrt werden, sodass du nie den \u00dcberblick \u00fcber wichtige&hellip;","jetpack_likes_enabled":true,"jetpack_sharing_enabled":true,"jetpack-related-posts":[],"_links":{"self":[{"href":"https:\/\/monikatschudi-techart.com\/en\/wp-json\/wp\/v2\/product\/7224","targetHints":{"allow":["GET"]}}],"collection":[{"href":"https:\/\/monikatschudi-techart.com\/en\/wp-json\/wp\/v2\/product"}],"about":[{"href":"https:\/\/monikatschudi-techart.com\/en\/wp-json\/wp\/v2\/types\/product"}],"replies":[{"embeddable":true,"href":"https:\/\/monikatschudi-techart.com\/en\/wp-json\/wp\/v2\/comments?post=7224"}],"wp:featuredmedia":[{"embeddable":true,"href":"https:\/\/monikatschudi-techart.com\/en\/wp-json\/wp\/v2\/media\/7227"}],"wp:attachment":[{"href":"https:\/\/monikatschudi-techart.com\/en\/wp-json\/wp\/v2\/media?parent=7224"}],"wp:term":[{"taxonomy":"product_brand","embeddable":true,"href":"https:\/\/monikatschudi-techart.com\/en\/wp-json\/wp\/v2\/product_brand?post=7224"},{"taxonomy":"product_cat","embeddable":true,"href":"https:\/\/monikatschudi-techart.com\/en\/wp-json\/wp\/v2\/product_cat?post=7224"},{"taxonomy":"product_tag","embeddable":true,"href":"https:\/\/monikatschudi-techart.com\/en\/wp-json\/wp\/v2\/product_tag?post=7224"},{"taxonomy":"wf_product_folders","embeddable":true,"href":"https:\/\/monikatschudi-techart.com\/en\/wp-json\/wp\/v2\/wf_product_folders?post=7224"}],"curies":[{"name":"wp","href":"https:\/\/api.w.org\/{rel}","templated":true}]}}