{"id":7050,"date":"2026-02-02T09:51:32","date_gmt":"2026-02-02T08:51:32","guid":{"rendered":"https:\/\/monikatschudi-techart.com\/produkt\/unisex-premium-pullover\/"},"modified":"2026-02-02T10:29:30","modified_gmt":"2026-02-02T09:29:30","slug":"unisex-premium-pullover-best-team","status":"publish","type":"product","link":"https:\/\/monikatschudi-techart.com\/en\/product\/unisex-premium-pullover-best-team\/","title":{"rendered":"Unisex-Premium-Pullover &#8220;Best Team&#8221;"},"content":{"rendered":"<p>Die klassische Sweatshirtform mit geripptem Rundhalsausschnitt, langen \u00c4rmelb\u00fcndchen und einem flachen Saum. Du kannst es kombinieren oder als Einzelst\u00fcck f\u00fcr einen angesagten Streetwear-Look verwenden. Die weiche Fleece-Innenseite und die bequeme Passform machen es zu deinem liebsten Pullover im Alltag!<\/p>\n<p>\u2022 Oberseite 100% Baumwolle<br \/>\n\u2022 65% Baumwolle, 35% Polyester<br \/>\n\u2022 Charcoal Heather: 55% Baumwolle, 45% Polyester<br \/>\n\u2022 Stoffgewicht: 288,2 g\/m\u00b2 (8,5 oz\/y\u00b2)<br \/>\n\u2022 Eng gestricktes 3-End-Fleece<br \/>\n\u2022 Seitlich gen\u00e4hte Ausf\u00fchrung<br \/>\n\u2022 Selbstgestrickter Aufn\u00e4her auf dem R\u00fccken<br \/>\n\u2022 Doppelt gen\u00e4hter Rippkragen, Manschetten und Saum<br \/>\n\u2022 Rohling aus Pakistan<\/p>\n<p>Haftungsausschluss: Dieses Sweatshirt ist klein geschnitten. F\u00fcr eine perfekte Passform empfehlen wir Ihnen, eine Nummer gr\u00f6\u00dfer zu bestellen als Ihre \u00fcbliche Gr\u00f6\u00dfe.<\/p>\n<p>\u2022 R\u00fcckverfolgbarkeit:<br \/>\n&#8211; Weberei \u2013 Pakistan<br \/>\n&#8211; F\u00e4rben \u2013 Pakistan<br \/>\n&#8211; Herstellung \u2013 Pakistan<br \/>\n\u2022 Enth\u00e4lt 0 % recyceltes Polyester<br \/>\n\u2022 Enth\u00e4lt 0 % gef\u00e4hrliche Stoffe<\/p>\n<p>Age restrictions: For adults<br \/>\nEU Warranty: 2 years<br \/>\nOther compliance information: Erf\u00fcllt die Anforderungen bez\u00fcglich Entflammbarkeit, Blei, Cadmium, Bisphenole und Phthalate.<\/p>\n<p>In \u00dcbereinstimmung mit der Allgemeinen Produktsicherheitsverordnung (GPSR) <b>Oak inc.<\/b>und <b>SINDEN VENTURES LIMITED<\/b>um sicherzustellen, dass alle angebotenen Verbraucherprodukte sicher sind und den EU-Standards entsprechen. Bei Fragen oder Bedenken bez\u00fcglich der Produktsicherheit wende dich bitte an unseren EU-Vertreter unter <b>gpsr@sindenventures.com<\/b>. Du erreichst uns auch schriftlich unter <b>123 Main Street, Anytown, Country<\/b>or<b>Markou Evgenikou 11, Mesa Geitonia, 4002, Limassol, Cyprus.<b><\/b><\/b><\/p>","protected":false},"excerpt":{"rendered":"<p>Bequemer Unisex Pullover in top Qualit\u00e4t mit lustigem Spruch &#8220;Best Team &#8211; me &amp; myself&#8221;.<\/p>","protected":false},"featured_media":7071,"comment_status":"open","ping_status":"closed","template":"","meta":{"_bbp_topic_count":0,"_bbp_reply_count":0,"_bbp_total_topic_count":0,"_bbp_total_reply_count":0,"_bbp_voice_count":0,"_bbp_anonymous_reply_count":0,"_bbp_topic_count_hidden":0,"_bbp_reply_count_hidden":0,"_bbp_forum_subforum_count":0,"_et_pb_use_builder":"","_et_pb_old_content":"","_et_gb_content_width":"","om_disable_all_campaigns":false,"pmpro_default_level":"","_uag_custom_page_level_css":"","_monsterinsights_skip_tracking":false,"_monsterinsights_sitenote_active":false,"_monsterinsights_sitenote_note":"","_monsterinsights_sitenote_category":0,"_uf_show_specific_survey":0,"_uf_disable_surveys":false},"product_brand":[],"product_cat":[3007],"product_tag":[],"wf_product_folders":[3320],"class_list":{"0":"post-7050","1":"product","2":"type-product","3":"status-publish","4":"has-post-thumbnail","6":"product_cat-bekleidung-bekleidung","7":"pmpro-has-access","9":"first","10":"instock","11":"taxable","12":"shipping-taxable","13":"purchasable","14":"product-type-variable"},"aioseo_notices":[],"uagb_featured_image_src":{"full":["https:\/\/i0.wp.com\/monikatschudi-techart.com\/wp-content\/uploads\/2026\/02\/unisex-premium-sweatshirt-dusty-rose-front-6980656d7f8e8.jpg?fit=2000%2C2000&ssl=1",2000,2000,false],"thumbnail":["https:\/\/i0.wp.com\/monikatschudi-techart.com\/wp-content\/uploads\/2026\/02\/unisex-premium-sweatshirt-dusty-rose-front-6980656d7f8e8.jpg?resize=150%2C150&ssl=1",150,150,true],"medium":["https:\/\/i0.wp.com\/monikatschudi-techart.com\/wp-content\/uploads\/2026\/02\/unisex-premium-sweatshirt-dusty-rose-front-6980656d7f8e8.jpg?fit=300%2C300&ssl=1",300,300,true],"medium_large":["https:\/\/i0.wp.com\/monikatschudi-techart.com\/wp-content\/uploads\/2026\/02\/unisex-premium-sweatshirt-dusty-rose-front-6980656d7f8e8.jpg?fit=768%2C768&ssl=1",768,768,true],"large":["https:\/\/i0.wp.com\/monikatschudi-techart.com\/wp-content\/uploads\/2026\/02\/unisex-premium-sweatshirt-dusty-rose-front-6980656d7f8e8.jpg?fit=1024%2C1024&ssl=1",1024,1024,true],"1536x1536":["https:\/\/i0.wp.com\/monikatschudi-techart.com\/wp-content\/uploads\/2026\/02\/unisex-premium-sweatshirt-dusty-rose-front-6980656d7f8e8.jpg?fit=1536%2C1536&ssl=1",1536,1536,true],"2048x2048":["https:\/\/i0.wp.com\/monikatschudi-techart.com\/wp-content\/uploads\/2026\/02\/unisex-premium-sweatshirt-dusty-rose-front-6980656d7f8e8.jpg?fit=2000%2C2000&ssl=1",2000,2000,true],"trp-custom-language-flag":["https:\/\/i0.wp.com\/monikatschudi-techart.com\/wp-content\/uploads\/2026\/02\/unisex-premium-sweatshirt-dusty-rose-front-6980656d7f8e8.jpg?fit=12%2C12&ssl=1",12,12,true],"newspack-article-block-landscape-large":["https:\/\/i0.wp.com\/monikatschudi-techart.com\/wp-content\/uploads\/2026\/02\/unisex-premium-sweatshirt-dusty-rose-front-6980656d7f8e8.jpg?resize=1200%2C900&ssl=1",1200,900,true],"newspack-article-block-portrait-large":["https:\/\/i0.wp.com\/monikatschudi-techart.com\/wp-content\/uploads\/2026\/02\/unisex-premium-sweatshirt-dusty-rose-front-6980656d7f8e8.jpg?resize=900%2C1200&ssl=1",900,1200,true],"newspack-article-block-square-large":["https:\/\/i0.wp.com\/monikatschudi-techart.com\/wp-content\/uploads\/2026\/02\/unisex-premium-sweatshirt-dusty-rose-front-6980656d7f8e8.jpg?resize=1200%2C1200&ssl=1",1200,1200,true],"newspack-article-block-landscape-medium":["https:\/\/i0.wp.com\/monikatschudi-techart.com\/wp-content\/uploads\/2026\/02\/unisex-premium-sweatshirt-dusty-rose-front-6980656d7f8e8.jpg?resize=800%2C600&ssl=1",800,600,true],"newspack-article-block-portrait-medium":["https:\/\/i0.wp.com\/monikatschudi-techart.com\/wp-content\/uploads\/2026\/02\/unisex-premium-sweatshirt-dusty-rose-front-6980656d7f8e8.jpg?resize=600%2C800&ssl=1",600,800,true],"newspack-article-block-square-medium":["https:\/\/i0.wp.com\/monikatschudi-techart.com\/wp-content\/uploads\/2026\/02\/unisex-premium-sweatshirt-dusty-rose-front-6980656d7f8e8.jpg?resize=800%2C800&ssl=1",800,800,true],"newspack-article-block-landscape-intermediate":["https:\/\/i0.wp.com\/monikatschudi-techart.com\/wp-content\/uploads\/2026\/02\/unisex-premium-sweatshirt-dusty-rose-front-6980656d7f8e8.jpg?resize=600%2C450&ssl=1",600,450,true],"newspack-article-block-portrait-intermediate":["https:\/\/i0.wp.com\/monikatschudi-techart.com\/wp-content\/uploads\/2026\/02\/unisex-premium-sweatshirt-dusty-rose-front-6980656d7f8e8.jpg?resize=450%2C600&ssl=1",450,600,true],"newspack-article-block-square-intermediate":["https:\/\/i0.wp.com\/monikatschudi-techart.com\/wp-content\/uploads\/2026\/02\/unisex-premium-sweatshirt-dusty-rose-front-6980656d7f8e8.jpg?resize=600%2C600&ssl=1",600,600,true],"newspack-article-block-landscape-small":["https:\/\/i0.wp.com\/monikatschudi-techart.com\/wp-content\/uploads\/2026\/02\/unisex-premium-sweatshirt-dusty-rose-front-6980656d7f8e8.jpg?resize=400%2C300&ssl=1",400,300,true],"newspack-article-block-portrait-small":["https:\/\/i0.wp.com\/monikatschudi-techart.com\/wp-content\/uploads\/2026\/02\/unisex-premium-sweatshirt-dusty-rose-front-6980656d7f8e8.jpg?resize=300%2C400&ssl=1",300,400,true],"newspack-article-block-square-small":["https:\/\/i0.wp.com\/monikatschudi-techart.com\/wp-content\/uploads\/2026\/02\/unisex-premium-sweatshirt-dusty-rose-front-6980656d7f8e8.jpg?resize=400%2C400&ssl=1",400,400,true],"newspack-article-block-landscape-tiny":["https:\/\/i0.wp.com\/monikatschudi-techart.com\/wp-content\/uploads\/2026\/02\/unisex-premium-sweatshirt-dusty-rose-front-6980656d7f8e8.jpg?resize=200%2C150&ssl=1",200,150,true],"newspack-article-block-portrait-tiny":["https:\/\/i0.wp.com\/monikatschudi-techart.com\/wp-content\/uploads\/2026\/02\/unisex-premium-sweatshirt-dusty-rose-front-6980656d7f8e8.jpg?resize=150%2C200&ssl=1",150,200,true],"newspack-article-block-square-tiny":["https:\/\/i0.wp.com\/monikatschudi-techart.com\/wp-content\/uploads\/2026\/02\/unisex-premium-sweatshirt-dusty-rose-front-6980656d7f8e8.jpg?resize=200%2C200&ssl=1",200,200,true],"newspack-article-block-uncropped":["https:\/\/i0.wp.com\/monikatschudi-techart.com\/wp-content\/uploads\/2026\/02\/unisex-premium-sweatshirt-dusty-rose-front-6980656d7f8e8.jpg?fit=1200%2C1200&ssl=1",1200,1200,true],"et-pb-post-main-image":["https:\/\/i0.wp.com\/monikatschudi-techart.com\/wp-content\/uploads\/2026\/02\/unisex-premium-sweatshirt-dusty-rose-front-6980656d7f8e8.jpg?resize=400%2C250&ssl=1",400,250,true],"et-pb-post-main-image-fullwidth":["https:\/\/i0.wp.com\/monikatschudi-techart.com\/wp-content\/uploads\/2026\/02\/unisex-premium-sweatshirt-dusty-rose-front-6980656d7f8e8.jpg?resize=1080%2C675&ssl=1",1080,675,true],"et-pb-portfolio-image":["https:\/\/i0.wp.com\/monikatschudi-techart.com\/wp-content\/uploads\/2026\/02\/unisex-premium-sweatshirt-dusty-rose-front-6980656d7f8e8.jpg?resize=400%2C284&ssl=1",400,284,true],"et-pb-portfolio-module-image":["https:\/\/i0.wp.com\/monikatschudi-techart.com\/wp-content\/uploads\/2026\/02\/unisex-premium-sweatshirt-dusty-rose-front-6980656d7f8e8.jpg?resize=510%2C382&ssl=1",510,382,true],"et-pb-portfolio-image-single":["https:\/\/i0.wp.com\/monikatschudi-techart.com\/wp-content\/uploads\/2026\/02\/unisex-premium-sweatshirt-dusty-rose-front-6980656d7f8e8.jpg?fit=1080%2C1080&ssl=1",1080,1080,true],"et-pb-gallery-module-image-portrait":["https:\/\/i0.wp.com\/monikatschudi-techart.com\/wp-content\/uploads\/2026\/02\/unisex-premium-sweatshirt-dusty-rose-front-6980656d7f8e8.jpg?resize=400%2C516&ssl=1",400,516,true],"et-pb-post-main-image-fullwidth-large":["https:\/\/i0.wp.com\/monikatschudi-techart.com\/wp-content\/uploads\/2026\/02\/unisex-premium-sweatshirt-dusty-rose-front-6980656d7f8e8.jpg?resize=2000%2C1800&ssl=1",2000,1800,true],"et-pb-image--responsive--desktop":["https:\/\/i0.wp.com\/monikatschudi-techart.com\/wp-content\/uploads\/2026\/02\/unisex-premium-sweatshirt-dusty-rose-front-6980656d7f8e8.jpg?resize=720%2C720&ssl=1",720,720,true],"et-pb-image--responsive--tablet":["https:\/\/i0.wp.com\/monikatschudi-techart.com\/wp-content\/uploads\/2026\/02\/unisex-premium-sweatshirt-dusty-rose-front-6980656d7f8e8.jpg?resize=551%2C551&ssl=1",551,551,true],"et-pb-image--responsive--phone":["https:\/\/i0.wp.com\/monikatschudi-techart.com\/wp-content\/uploads\/2026\/02\/unisex-premium-sweatshirt-dusty-rose-front-6980656d7f8e8.jpg?resize=270%2C270&ssl=1",270,270,true],"d4p-bbp-thumb":["https:\/\/i0.wp.com\/monikatschudi-techart.com\/wp-content\/uploads\/2026\/02\/unisex-premium-sweatshirt-dusty-rose-front-6980656d7f8e8.jpg?resize=128%2C72&ssl=1",128,72,true],"woocommerce_thumbnail":["https:\/\/i0.wp.com\/monikatschudi-techart.com\/wp-content\/uploads\/2026\/02\/unisex-premium-sweatshirt-dusty-rose-front-6980656d7f8e8.jpg?resize=300%2C300&ssl=1",300,300,true],"woocommerce_single":["https:\/\/i0.wp.com\/monikatschudi-techart.com\/wp-content\/uploads\/2026\/02\/unisex-premium-sweatshirt-dusty-rose-front-6980656d7f8e8.jpg?fit=600%2C600&ssl=1",600,600,true],"woocommerce_gallery_thumbnail":["https:\/\/i0.wp.com\/monikatschudi-techart.com\/wp-content\/uploads\/2026\/02\/unisex-premium-sweatshirt-dusty-rose-front-6980656d7f8e8.jpg?resize=100%2C100&ssl=1",100,100,true]},"uagb_author_info":{"display_name":"Monika Tschudi","author_link":"https:\/\/monikatschudi-techart.com\/en\/author\/"},"uagb_comment_info":0,"uagb_excerpt":"Bequemer Unisex Pullover in top Qualit\u00e4t mit lustigem Spruch \"Best Team - me &amp; myself\".","jetpack_likes_enabled":true,"jetpack_sharing_enabled":true,"jetpack-related-posts":[],"_links":{"self":[{"href":"https:\/\/monikatschudi-techart.com\/en\/wp-json\/wp\/v2\/product\/7050","targetHints":{"allow":["GET"]}}],"collection":[{"href":"https:\/\/monikatschudi-techart.com\/en\/wp-json\/wp\/v2\/product"}],"about":[{"href":"https:\/\/monikatschudi-techart.com\/en\/wp-json\/wp\/v2\/types\/product"}],"replies":[{"embeddable":true,"href":"https:\/\/monikatschudi-techart.com\/en\/wp-json\/wp\/v2\/comments?post=7050"}],"wp:featuredmedia":[{"embeddable":true,"href":"https:\/\/monikatschudi-techart.com\/en\/wp-json\/wp\/v2\/media\/7071"}],"wp:attachment":[{"href":"https:\/\/monikatschudi-techart.com\/en\/wp-json\/wp\/v2\/media?parent=7050"}],"wp:term":[{"taxonomy":"product_brand","embeddable":true,"href":"https:\/\/monikatschudi-techart.com\/en\/wp-json\/wp\/v2\/product_brand?post=7050"},{"taxonomy":"product_cat","embeddable":true,"href":"https:\/\/monikatschudi-techart.com\/en\/wp-json\/wp\/v2\/product_cat?post=7050"},{"taxonomy":"product_tag","embeddable":true,"href":"https:\/\/monikatschudi-techart.com\/en\/wp-json\/wp\/v2\/product_tag?post=7050"},{"taxonomy":"wf_product_folders","embeddable":true,"href":"https:\/\/monikatschudi-techart.com\/en\/wp-json\/wp\/v2\/wf_product_folders?post=7050"}],"curies":[{"name":"wp","href":"https:\/\/api.w.org\/{rel}","templated":true}]}}