{"id":6770,"date":"2026-01-20T09:20:16","date_gmt":"2026-01-20T08:20:16","guid":{"rendered":"https:\/\/monikatschudi-techart.com\/produkt\/gerahmtes-poster-auf-mattem-papier\/"},"modified":"2026-01-20T14:16:49","modified_gmt":"2026-01-20T13:16:49","slug":"fotografie-als-wandbild-campanula","status":"publish","type":"product","link":"https:\/\/monikatschudi-techart.com\/en\/product\/fotografie-als-wandbild-campanula\/","title":{"rendered":"Fotografie als Wandbild &#8211; Campanula"},"content":{"rendered":"<p>Die Campanula, mit ihrem wundersch\u00f6nen, kr\u00e4ftigen Blau-Violetten Ton und den sch\u00f6n geformten Bl\u00fcten ist eine meiner Lieblingsblumen. Sie repr\u00e4sentiert f\u00fcr mich Sonne, Sommer, warme Tage und einen Hauch Exotik.<\/p>\n<p>Die Fotografie ist meine Leidenschaft und ich liebe es, Blumen, Pflanzen und Landschaften so in Szene zu setzen, dass sie ihre wahre Pracht zeigen k\u00f6nnen.<\/p>\n<p>Die Fotografie der Campanula, oder auch Glockenblume genannt, bereichert jeden Raum mit ihrer wundersch\u00f6nen Farbe und setzt Akzentpunkte an jeder Wand. Die perfekte Wanddekoration f\u00fcr dein B\u00fcro, Wohnzimmer oder wo du sie in Szene setzen m\u00f6chtest. Einrichtungsstile wie Skandinavisch, Modern oder Japandi eignen sich perfekt.<br \/>\nNaturbild, Wandbild, gedruckt auf Poster, inkl. Rahmen.<\/p>\n<p><strong>Herstellung, Lieferung &amp; Versand<\/strong><br \/>\nUm die Umwelt zu schonen und \u00dcberbest\u00e4nde zu vermeiden, werden die Produkte im Print on Demand Verfahren durch Printful bedruckt, verpackt und direkt versendet. Das bedeutet, dass das Roh-Produkt erst auf Bestellung bedruckt wird. Egal von wo du bestellst, ich \u00fcbernehme f\u00fcr dich die Versandkosten, du hast also keine weiteren Kosten die anfallen.<\/p>\n<p><strong>Produktdetails<\/strong><br \/>\n\u2022 Papiergewicht: 189 g\/m\u00b2<br \/>\n\u2022 0,26 mm (10,3 mil) dick<br \/>\n\u2022 Schwarzer und wei\u00dfer Rahmen aus halbhartem Erlenholz<br \/>\n\u2022 Rahmen aus massivem Eichenholz<br \/>\n\u2022 Frontschutzfolie aus Acrylit<br \/>\n\u2022 Inklusive Aufh\u00e4ngebeschlag<br \/>\n\u2022 21 \u00d7 30 cm gro\u00dfe Poster haben die Gr\u00f6\u00dfe A4<br \/>\n\u2022 Rohproduktkomponenten in den USA aus Japan und den USA<br \/>\n\u2022 Rohproduktkomponenten in der EU aus Japan und Lettland<\/p>\n<p>So befestigst du die Haken an horizontalen Rahmen von 61 \u00d7 91 cm:<br \/>\nBringe jeden der Befestigungshaken 2,5 cm von den Rahmenecken entfernt an, wenn du das Poster horizontal aufh\u00e4ngst.<\/p>\n<p>Age restrictions: For adults<br \/>\nEU Warranty: 2 years<\/p>\n<p>In \u00dcbereinstimmung mit der Allgemeinen Produktsicherheitsverordnung (GPSR) <b>Oak inc.<\/b>und <b>SINDEN VENTURES LIMITED<\/b>um sicherzustellen, dass alle angebotenen Verbraucherprodukte sicher sind und den EU-Standards entsprechen. Bei Fragen oder Bedenken bez\u00fcglich der Produktsicherheit wende dich bitte an unseren EU-Vertreter unter <b>gpsr@sindenventures.com<\/b>. Du erreichst uns auch schriftlich unter <b>123 Main Street, Anytown, Country<\/b>or<b>Markou Evgenikou 11, Mesa Geitonia, 4002, Limassol, Cyprus.<b><\/b><\/b><\/p>","protected":false},"excerpt":{"rendered":"<p>Fotografie einer Campanula mit wundersch\u00f6ner Farbe. Perfekte Wanddekoration f\u00fcr B\u00fcro, Wohnzimmer oder andere R\u00e4ume. Ideal f\u00fcr Skandi, Modern oder Japandi.<\/p>","protected":false},"featured_media":6824,"comment_status":"open","ping_status":"closed","template":"","meta":{"_bbp_topic_count":0,"_bbp_reply_count":0,"_bbp_total_topic_count":0,"_bbp_total_reply_count":0,"_bbp_voice_count":0,"_bbp_anonymous_reply_count":0,"_bbp_topic_count_hidden":0,"_bbp_reply_count_hidden":0,"_bbp_forum_subforum_count":0,"_et_pb_use_builder":"","_et_pb_old_content":"","_et_gb_content_width":"","om_disable_all_campaigns":false,"pmpro_default_level":"","_uag_custom_page_level_css":"","_monsterinsights_skip_tracking":false,"_monsterinsights_sitenote_active":false,"_monsterinsights_sitenote_note":"","_monsterinsights_sitenote_category":0,"_uf_show_specific_survey":0,"_uf_disable_surveys":false},"product_brand":[],"product_cat":[3013],"product_tag":[],"wf_product_folders":[3321],"class_list":{"0":"post-6770","1":"product","2":"type-product","3":"status-publish","4":"has-post-thumbnail","6":"product_cat-schoenheiten-der-natur","7":"product_shipping_class-kostenloser-versand","8":"pmpro-has-access","10":"first","11":"instock","12":"taxable","13":"shipping-taxable","14":"purchasable","15":"product-type-variable"},"aioseo_notices":[],"uagb_featured_image_src":{"full":["https:\/\/i0.wp.com\/monikatschudi-techart.com\/wp-content\/uploads\/2026\/01\/enhanced-matte-paper-framed-poster-cm-black-50x70-cm-front-696f3b645ce9f.png?fit=2000%2C2000&ssl=1",2000,2000,false],"thumbnail":["https:\/\/i0.wp.com\/monikatschudi-techart.com\/wp-content\/uploads\/2026\/01\/enhanced-matte-paper-framed-poster-cm-black-50x70-cm-front-696f3b645ce9f.png?resize=150%2C150&ssl=1",150,150,true],"medium":["https:\/\/i0.wp.com\/monikatschudi-techart.com\/wp-content\/uploads\/2026\/01\/enhanced-matte-paper-framed-poster-cm-black-50x70-cm-front-696f3b645ce9f.png?fit=300%2C300&ssl=1",300,300,true],"medium_large":["https:\/\/i0.wp.com\/monikatschudi-techart.com\/wp-content\/uploads\/2026\/01\/enhanced-matte-paper-framed-poster-cm-black-50x70-cm-front-696f3b645ce9f.png?fit=768%2C768&ssl=1",768,768,true],"large":["https:\/\/i0.wp.com\/monikatschudi-techart.com\/wp-content\/uploads\/2026\/01\/enhanced-matte-paper-framed-poster-cm-black-50x70-cm-front-696f3b645ce9f.png?fit=1024%2C1024&ssl=1",1024,1024,true],"1536x1536":["https:\/\/i0.wp.com\/monikatschudi-techart.com\/wp-content\/uploads\/2026\/01\/enhanced-matte-paper-framed-poster-cm-black-50x70-cm-front-696f3b645ce9f.png?fit=1536%2C1536&ssl=1",1536,1536,true],"2048x2048":["https:\/\/i0.wp.com\/monikatschudi-techart.com\/wp-content\/uploads\/2026\/01\/enhanced-matte-paper-framed-poster-cm-black-50x70-cm-front-696f3b645ce9f.png?fit=2000%2C2000&ssl=1",2000,2000,true],"trp-custom-language-flag":["https:\/\/i0.wp.com\/monikatschudi-techart.com\/wp-content\/uploads\/2026\/01\/enhanced-matte-paper-framed-poster-cm-black-50x70-cm-front-696f3b645ce9f.png?fit=12%2C12&ssl=1",12,12,true],"newspack-article-block-landscape-large":["https:\/\/i0.wp.com\/monikatschudi-techart.com\/wp-content\/uploads\/2026\/01\/enhanced-matte-paper-framed-poster-cm-black-50x70-cm-front-696f3b645ce9f.png?resize=1200%2C900&ssl=1",1200,900,true],"newspack-article-block-portrait-large":["https:\/\/i0.wp.com\/monikatschudi-techart.com\/wp-content\/uploads\/2026\/01\/enhanced-matte-paper-framed-poster-cm-black-50x70-cm-front-696f3b645ce9f.png?resize=900%2C1200&ssl=1",900,1200,true],"newspack-article-block-square-large":["https:\/\/i0.wp.com\/monikatschudi-techart.com\/wp-content\/uploads\/2026\/01\/enhanced-matte-paper-framed-poster-cm-black-50x70-cm-front-696f3b645ce9f.png?resize=1200%2C1200&ssl=1",1200,1200,true],"newspack-article-block-landscape-medium":["https:\/\/i0.wp.com\/monikatschudi-techart.com\/wp-content\/uploads\/2026\/01\/enhanced-matte-paper-framed-poster-cm-black-50x70-cm-front-696f3b645ce9f.png?resize=800%2C600&ssl=1",800,600,true],"newspack-article-block-portrait-medium":["https:\/\/i0.wp.com\/monikatschudi-techart.com\/wp-content\/uploads\/2026\/01\/enhanced-matte-paper-framed-poster-cm-black-50x70-cm-front-696f3b645ce9f.png?resize=600%2C800&ssl=1",600,800,true],"newspack-article-block-square-medium":["https:\/\/i0.wp.com\/monikatschudi-techart.com\/wp-content\/uploads\/2026\/01\/enhanced-matte-paper-framed-poster-cm-black-50x70-cm-front-696f3b645ce9f.png?resize=800%2C800&ssl=1",800,800,true],"newspack-article-block-landscape-intermediate":["https:\/\/i0.wp.com\/monikatschudi-techart.com\/wp-content\/uploads\/2026\/01\/enhanced-matte-paper-framed-poster-cm-black-50x70-cm-front-696f3b645ce9f.png?resize=600%2C450&ssl=1",600,450,true],"newspack-article-block-portrait-intermediate":["https:\/\/i0.wp.com\/monikatschudi-techart.com\/wp-content\/uploads\/2026\/01\/enhanced-matte-paper-framed-poster-cm-black-50x70-cm-front-696f3b645ce9f.png?resize=450%2C600&ssl=1",450,600,true],"newspack-article-block-square-intermediate":["https:\/\/i0.wp.com\/monikatschudi-techart.com\/wp-content\/uploads\/2026\/01\/enhanced-matte-paper-framed-poster-cm-black-50x70-cm-front-696f3b645ce9f.png?resize=600%2C600&ssl=1",600,600,true],"newspack-article-block-landscape-small":["https:\/\/i0.wp.com\/monikatschudi-techart.com\/wp-content\/uploads\/2026\/01\/enhanced-matte-paper-framed-poster-cm-black-50x70-cm-front-696f3b645ce9f.png?resize=400%2C300&ssl=1",400,300,true],"newspack-article-block-portrait-small":["https:\/\/i0.wp.com\/monikatschudi-techart.com\/wp-content\/uploads\/2026\/01\/enhanced-matte-paper-framed-poster-cm-black-50x70-cm-front-696f3b645ce9f.png?resize=300%2C400&ssl=1",300,400,true],"newspack-article-block-square-small":["https:\/\/i0.wp.com\/monikatschudi-techart.com\/wp-content\/uploads\/2026\/01\/enhanced-matte-paper-framed-poster-cm-black-50x70-cm-front-696f3b645ce9f.png?resize=400%2C400&ssl=1",400,400,true],"newspack-article-block-landscape-tiny":["https:\/\/i0.wp.com\/monikatschudi-techart.com\/wp-content\/uploads\/2026\/01\/enhanced-matte-paper-framed-poster-cm-black-50x70-cm-front-696f3b645ce9f.png?resize=200%2C150&ssl=1",200,150,true],"newspack-article-block-portrait-tiny":["https:\/\/i0.wp.com\/monikatschudi-techart.com\/wp-content\/uploads\/2026\/01\/enhanced-matte-paper-framed-poster-cm-black-50x70-cm-front-696f3b645ce9f.png?resize=150%2C200&ssl=1",150,200,true],"newspack-article-block-square-tiny":["https:\/\/i0.wp.com\/monikatschudi-techart.com\/wp-content\/uploads\/2026\/01\/enhanced-matte-paper-framed-poster-cm-black-50x70-cm-front-696f3b645ce9f.png?resize=200%2C200&ssl=1",200,200,true],"newspack-article-block-uncropped":["https:\/\/i0.wp.com\/monikatschudi-techart.com\/wp-content\/uploads\/2026\/01\/enhanced-matte-paper-framed-poster-cm-black-50x70-cm-front-696f3b645ce9f.png?fit=1200%2C1200&ssl=1",1200,1200,true],"et-pb-post-main-image":["https:\/\/i0.wp.com\/monikatschudi-techart.com\/wp-content\/uploads\/2026\/01\/enhanced-matte-paper-framed-poster-cm-black-50x70-cm-front-696f3b645ce9f.png?resize=400%2C250&ssl=1",400,250,true],"et-pb-post-main-image-fullwidth":["https:\/\/i0.wp.com\/monikatschudi-techart.com\/wp-content\/uploads\/2026\/01\/enhanced-matte-paper-framed-poster-cm-black-50x70-cm-front-696f3b645ce9f.png?resize=1080%2C675&ssl=1",1080,675,true],"et-pb-portfolio-image":["https:\/\/i0.wp.com\/monikatschudi-techart.com\/wp-content\/uploads\/2026\/01\/enhanced-matte-paper-framed-poster-cm-black-50x70-cm-front-696f3b645ce9f.png?resize=400%2C284&ssl=1",400,284,true],"et-pb-portfolio-module-image":["https:\/\/i0.wp.com\/monikatschudi-techart.com\/wp-content\/uploads\/2026\/01\/enhanced-matte-paper-framed-poster-cm-black-50x70-cm-front-696f3b645ce9f.png?resize=510%2C382&ssl=1",510,382,true],"et-pb-portfolio-image-single":["https:\/\/i0.wp.com\/monikatschudi-techart.com\/wp-content\/uploads\/2026\/01\/enhanced-matte-paper-framed-poster-cm-black-50x70-cm-front-696f3b645ce9f.png?fit=1080%2C1080&ssl=1",1080,1080,true],"et-pb-gallery-module-image-portrait":["https:\/\/i0.wp.com\/monikatschudi-techart.com\/wp-content\/uploads\/2026\/01\/enhanced-matte-paper-framed-poster-cm-black-50x70-cm-front-696f3b645ce9f.png?resize=400%2C516&ssl=1",400,516,true],"et-pb-post-main-image-fullwidth-large":["https:\/\/i0.wp.com\/monikatschudi-techart.com\/wp-content\/uploads\/2026\/01\/enhanced-matte-paper-framed-poster-cm-black-50x70-cm-front-696f3b645ce9f.png?resize=2000%2C1800&ssl=1",2000,1800,true],"et-pb-image--responsive--desktop":["https:\/\/i0.wp.com\/monikatschudi-techart.com\/wp-content\/uploads\/2026\/01\/enhanced-matte-paper-framed-poster-cm-black-50x70-cm-front-696f3b645ce9f.png?resize=720%2C720&ssl=1",720,720,true],"et-pb-image--responsive--tablet":["https:\/\/i0.wp.com\/monikatschudi-techart.com\/wp-content\/uploads\/2026\/01\/enhanced-matte-paper-framed-poster-cm-black-50x70-cm-front-696f3b645ce9f.png?resize=551%2C551&ssl=1",551,551,true],"et-pb-image--responsive--phone":["https:\/\/i0.wp.com\/monikatschudi-techart.com\/wp-content\/uploads\/2026\/01\/enhanced-matte-paper-framed-poster-cm-black-50x70-cm-front-696f3b645ce9f.png?resize=270%2C270&ssl=1",270,270,true],"d4p-bbp-thumb":["https:\/\/i0.wp.com\/monikatschudi-techart.com\/wp-content\/uploads\/2026\/01\/enhanced-matte-paper-framed-poster-cm-black-50x70-cm-front-696f3b645ce9f.png?resize=128%2C72&ssl=1",128,72,true],"woocommerce_thumbnail":["https:\/\/i0.wp.com\/monikatschudi-techart.com\/wp-content\/uploads\/2026\/01\/enhanced-matte-paper-framed-poster-cm-black-50x70-cm-front-696f3b645ce9f.png?resize=300%2C300&ssl=1",300,300,true],"woocommerce_single":["https:\/\/i0.wp.com\/monikatschudi-techart.com\/wp-content\/uploads\/2026\/01\/enhanced-matte-paper-framed-poster-cm-black-50x70-cm-front-696f3b645ce9f.png?fit=600%2C600&ssl=1",600,600,true],"woocommerce_gallery_thumbnail":["https:\/\/i0.wp.com\/monikatschudi-techart.com\/wp-content\/uploads\/2026\/01\/enhanced-matte-paper-framed-poster-cm-black-50x70-cm-front-696f3b645ce9f.png?resize=100%2C100&ssl=1",100,100,true]},"uagb_author_info":{"display_name":"Monika Tschudi","author_link":"https:\/\/monikatschudi-techart.com\/en\/author\/"},"uagb_comment_info":0,"uagb_excerpt":"Fotografie einer Campanula mit wundersch\u00f6ner Farbe. Perfekte Wanddekoration f\u00fcr B\u00fcro, Wohnzimmer oder andere R\u00e4ume. Ideal f\u00fcr Skandi, Modern oder Japandi.","jetpack_likes_enabled":true,"jetpack_sharing_enabled":true,"jetpack-related-posts":[],"_links":{"self":[{"href":"https:\/\/monikatschudi-techart.com\/en\/wp-json\/wp\/v2\/product\/6770","targetHints":{"allow":["GET"]}}],"collection":[{"href":"https:\/\/monikatschudi-techart.com\/en\/wp-json\/wp\/v2\/product"}],"about":[{"href":"https:\/\/monikatschudi-techart.com\/en\/wp-json\/wp\/v2\/types\/product"}],"replies":[{"embeddable":true,"href":"https:\/\/monikatschudi-techart.com\/en\/wp-json\/wp\/v2\/comments?post=6770"}],"wp:featuredmedia":[{"embeddable":true,"href":"https:\/\/monikatschudi-techart.com\/en\/wp-json\/wp\/v2\/media\/6824"}],"wp:attachment":[{"href":"https:\/\/monikatschudi-techart.com\/en\/wp-json\/wp\/v2\/media?parent=6770"}],"wp:term":[{"taxonomy":"product_brand","embeddable":true,"href":"https:\/\/monikatschudi-techart.com\/en\/wp-json\/wp\/v2\/product_brand?post=6770"},{"taxonomy":"product_cat","embeddable":true,"href":"https:\/\/monikatschudi-techart.com\/en\/wp-json\/wp\/v2\/product_cat?post=6770"},{"taxonomy":"product_tag","embeddable":true,"href":"https:\/\/monikatschudi-techart.com\/en\/wp-json\/wp\/v2\/product_tag?post=6770"},{"taxonomy":"wf_product_folders","embeddable":true,"href":"https:\/\/monikatschudi-techart.com\/en\/wp-json\/wp\/v2\/wf_product_folders?post=6770"}],"curies":[{"name":"wp","href":"https:\/\/api.w.org\/{rel}","templated":true}]}}