{"id":6632,"date":"2025-12-23T15:37:52","date_gmt":"2025-12-23T14:37:52","guid":{"rendered":"https:\/\/monikatschudi-techart.com\/?post_type=product&#038;p=6632"},"modified":"2026-03-09T12:12:20","modified_gmt":"2026-03-09T11:12:20","slug":"buero-fitnesscoaching","status":"publish","type":"product","link":"https:\/\/monikatschudi-techart.com\/en\/product\/buero-fitnesscoaching\/","title":{"rendered":"B\u00fcro Fitness Coaching"},"content":{"rendered":"<p>[et_pb_section fb_built=&#8221;1&#8243; _builder_version=&#8221;4.16&#8243; custom_padding=&#8221;0px||||false|false&#8221; global_colors_info=&#8221;{}&#8221; theme_builder_area=&#8221;post_content&#8221;][et_pb_row _builder_version=&#8221;4.16&#8243; background_size=&#8221;initial&#8221; background_position=&#8221;top_left&#8221; background_repeat=&#8221;repeat&#8221; width=&#8221;100%&#8221; custom_padding=&#8221;0px||0px||false|false&#8221; global_colors_info=&#8221;{}&#8221; theme_builder_area=&#8221;post_content&#8221;][et_pb_column type=&#8221;4_4&#8243; _builder_version=&#8221;4.16&#8243; custom_padding=&#8221;|||&#8221; global_colors_info=&#8221;{}&#8221; custom_padding__hover=&#8221;|||&#8221; theme_builder_area=&#8221;post_content&#8221;][et_pb_wc_breadcrumb _builder_version=&#8221;4.16&#8243; global_colors_info=&#8221;{}&#8221; theme_builder_area=&#8221;post_content&#8221;][\/et_pb_wc_breadcrumb][et_pb_wc_cart_notice _builder_version=&#8221;4.25.0&#8243; background_color=&#8221;gcid-55565d53-571b-4987-bf69-2c84cd227b59&#8243; global_colors_info=&#8221;{%22gcid-55565d53-571b-4987-bf69-2c84cd227b59%22:%91%22background_color%22%93}&#8221; theme_builder_area=&#8221;post_content&#8221;][\/et_pb_wc_cart_notice][\/et_pb_column][\/et_pb_row][et_pb_row column_structure=&#8221;1_2,1_2&#8243; _builder_version=&#8221;4.16&#8243; background_size=&#8221;initial&#8221; background_position=&#8221;top_left&#8221; background_repeat=&#8221;repeat&#8221; width=&#8221;100%&#8221; custom_padding=&#8221;0px||||false|false&#8221; global_colors_info=&#8221;{}&#8221; theme_builder_area=&#8221;post_content&#8221;][et_pb_column type=&#8221;1_2&#8243; _builder_version=&#8221;4.16&#8243; custom_padding=&#8221;|||&#8221; global_colors_info=&#8221;{}&#8221; custom_padding__hover=&#8221;|||&#8221; theme_builder_area=&#8221;post_content&#8221;][et_pb_wc_images _builder_version=&#8221;4.16&#8243; global_colors_info=&#8221;{}&#8221; theme_builder_area=&#8221;post_content&#8221;][\/et_pb_wc_images][\/et_pb_column][et_pb_column type=&#8221;1_2&#8243; _builder_version=&#8221;4.16&#8243; custom_padding=&#8221;|||&#8221; global_colors_info=&#8221;{}&#8221; custom_padding__hover=&#8221;|||&#8221; theme_builder_area=&#8221;post_content&#8221;][et_pb_wc_title _builder_version=&#8221;4.16&#8243; global_colors_info=&#8221;{}&#8221; theme_builder_area=&#8221;post_content&#8221;][\/et_pb_wc_title][et_pb_wc_rating _builder_version=&#8221;4.25.0&#8243; rating_text_color=&#8221;gcid-55565d53-571b-4987-bf69-2c84cd227b59&#8243; global_colors_info=&#8221;{%22gcid-55565d53-571b-4987-bf69-2c84cd227b59%22:%91%22rating_text_color%22%93}&#8221; theme_builder_area=&#8221;post_content&#8221;][\/et_pb_wc_rating][et_pb_wc_price _builder_version=&#8221;4.25.0&#8243; body_text_color=&#8221;#E06100&#8243; global_colors_info=&#8221;{}&#8221; theme_builder_area=&#8221;post_content&#8221;][\/et_pb_wc_price][et_pb_wc_description _builder_version=&#8221;4.16&#8243; global_colors_info=&#8221;{}&#8221; theme_builder_area=&#8221;post_content&#8221;][\/et_pb_wc_description][et_pb_wc_add_to_cart field_label_position=&#8221;inline&#8221; _builder_version=&#8221;4.25.0&#8243; dropdown_menus_custom_margin=&#8221;20px||||false|false&#8221; field_label_font_size=&#8221;18px&#8221; field_label_line_height=&#8221;1em&#8221; dropdown_menus_font_size=&#8221;14px&#8221; use_focus_border_color=&#8221;on&#8221; custom_button=&#8221;on&#8221; button_text_color=&#8221;#FFFFFF&#8221; button_bg_color=&#8221;#E06100&#8243; button_font=&#8221;|||on|||||&#8221; border_color_all_dropdown_menus=&#8221;#FC9569&#8243; global_colors_info=&#8221;{}&#8221; theme_builder_area=&#8221;post_content&#8221;][\/et_pb_wc_add_to_cart][et_pb_wc_meta _builder_version=&#8221;4.25.0&#8243; body_text_color=&#8221;#000000&#8243; global_colors_info=&#8221;{}&#8221; theme_builder_area=&#8221;post_content&#8221;][\/et_pb_wc_meta][\/et_pb_column][\/et_pb_row][et_pb_row _builder_version=&#8221;4.16&#8243; background_size=&#8221;initial&#8221; background_position=&#8221;top_left&#8221; background_repeat=&#8221;repeat&#8221; width=&#8221;100%&#8221; global_colors_info=&#8221;{}&#8221; theme_builder_area=&#8221;post_content&#8221;][et_pb_column type=&#8221;4_4&#8243; _builder_version=&#8221;4.16&#8243; custom_padding=&#8221;|||&#8221; global_colors_info=&#8221;{}&#8221; custom_padding__hover=&#8221;|||&#8221; theme_builder_area=&#8221;post_content&#8221;][et_pb_wc_tabs active_tab_background_color=&#8221;gcid-55565d53-571b-4987-bf69-2c84cd227b59&#8243; inactive_tab_background_color=&#8221;#D6D6D6&#8243; active_tab_text_color=&#8221;#FFFFFF&#8221; _builder_version=&#8221;4.25.0&#8243; tab_text_color=&#8221;#FFFFFF&#8221; global_colors_info=&#8221;{%22gcid-55565d53-571b-4987-bf69-2c84cd227b59%22:%91%22active_tab_background_color%22%93}&#8221; theme_builder_area=&#8221;post_content&#8221;] [\/et_pb_wc_tabs][et_pb_wc_upsells _builder_version=&#8221;4.16&#8243; global_colors_info=&#8221;{}&#8221; theme_builder_area=&#8221;post_content&#8221;][\/et_pb_wc_upsells][et_pb_wc_related_products _builder_version=&#8221;4.16&#8243; global_colors_info=&#8221;{}&#8221; theme_builder_area=&#8221;post_content&#8221;][\/et_pb_wc_related_products][\/et_pb_column][\/et_pb_row][\/et_pb_section]<\/p>\n","protected":false},"excerpt":{"rendered":"<p>B\u00fcro Optimierung f\u00fcr selbstst\u00e4ndige Handwerker und Handwerksbetriebe. F\u00fcr mehr Zeit und Umsatz.<\/p>","protected":false},"featured_media":6530,"comment_status":"open","ping_status":"closed","template":"","meta":{"_bbp_topic_count":0,"_bbp_reply_count":0,"_bbp_total_topic_count":0,"_bbp_total_reply_count":0,"_bbp_voice_count":0,"_bbp_anonymous_reply_count":0,"_bbp_topic_count_hidden":0,"_bbp_reply_count_hidden":0,"_bbp_forum_subforum_count":0,"_et_pb_use_builder":"on","_et_pb_old_content":"Wenn du als selbstst\u00e4ndiger Handwerker zu viel Zeit im B\u00fcro verbringst, anstatt draussen zu arbeiten, kostet dich das viel Zeit und Umsatz. Ich helfe dir dabei, dein B\u00fcro so anzupassen, dass es f\u00fcr dich und nicht gegen dich arbeitet. In dem wir Prozesse und Abl\u00e4ufe optimieren und automatisieren, sowie deine Gewohnheiten und Arbeitsweisen unter die Lupe nehmen und anpassen. Beides kombiniert ergibt einen stressfreien und zeitsparenden B\u00fcroablauf.\r\n\r\nMit einer IST-Analyse bei euch vor Ort sehe ich mir deine Abl\u00e4ufe, Arbeiten, Prozesse, den Umgang und die Nutzung von Arbeitstools wie Outlook etc. an und erstelle eine Bewertung mit empfohlenen Massnahmen und konkreten Ideen f\u00fcr eine maximale Verbesserung deiner Abl\u00e4ufe.\r\n\r\nIm Anschluss besprechen wir gemeinsam die Analyse und definieren Massnahmen. Dabei unterst\u00fctze ich dich Tatkr\u00e4ftig in der Umsetzung. Damit ihr alles so einfach und schnell wie m\u00f6glich umsetzen kannst, bekommst du einen Monat kostenlosen Zugriff auf ConsiFlow, wo du Anleitungen, Vorlagen etc. findet, die dir hilfreich zur Verf\u00fcgung stehen.\r\n\r\nIm Pauschalpreis<span style=\"color: #ff0000\"><strong>*<\/strong><\/span> von CHF 3'500 enthalten sind:\r\n<ul>\r\n \t<li>Zugriff auf ConsiFlow (30 Tage kostenlos, anschliessend 50% Rabatt f\u00fcr die n\u00e4chsten 3 Monate)<\/li>\r\n \t<li>10 Stunden f\u00fcr die Analyse und Unterst\u00fctzung<\/li>\r\n \t<li>IST-Analyse vor Ort<\/li>\r\n \t<li>Auswertung, Protokollierung und Erstellung eines Massnahmenkataloges<\/li>\r\n \t<li>Besprechung der Massnahmen<\/li>\r\n \t<li>Begleitung und Unterst\u00fctzung bei der Umsetzung der Massnahmen<\/li>\r\n \t<li>Abschluss Rapport<\/li>\r\n \t<li>10 Km Reisespesen<\/li>\r\n<\/ul>\r\nZiel:\r\n<ul>\r\n \t<li>weniger Stress<\/li>\r\n \t<li>bessere Strukturen<\/li>\r\n \t<li>weniger Zeit im B\u00fcro<\/li>\r\n \t<li>automatisierte Abl\u00e4ufe\r\n<ul>\r\n \t<li>dadurch weniger manuelle Arbeit<\/li>\r\n<\/ul>\r\n<\/li>\r\n \t<li>mehr Zeit f\u00fcr wichtige Dinge wie Auftr\u00e4ge, Umsatz oder Freizeit<\/li>\r\n<\/ul>\r\n<span style=\"color: #ff0000\"><strong>*<\/strong> <\/span>Pauschalpreis exklusive MwSt. und Spesen.\r\n\r\nSpesen wie Reisekosten (CHF 0.80 \/ Km), Verpflegung (Pauschal CHF 40.00 \/ Mahlzeit) und allf\u00e4llige \u00dcbernachtungen werden individuell und separat verrechnet. Anfallende Kosten werden vorg\u00e4ngig kommuniziert.\r\n\r\nAngebot g\u00fcltig f\u00fcr Schweiz, \u00d6sterreich und Deutschland\r\n\r\nDas Coaching wird in (Schweizer) Deutsch gef\u00fchrt\r\n\r\nEs gelten die AGB von Monika Tschudi - Tech &amp; Art","_et_gb_content_width":"","om_disable_all_campaigns":false,"pmpro_default_level":"","_uag_custom_page_level_css":"","_monsterinsights_skip_tracking":false,"_monsterinsights_sitenote_active":false,"_monsterinsights_sitenote_note":"","_monsterinsights_sitenote_category":0,"_uf_show_specific_survey":0,"_uf_disable_surveys":false},"product_brand":[],"product_cat":[3308],"product_tag":[],"wf_product_folders":[3309],"class_list":{"0":"post-6632","1":"product","2":"type-product","3":"status-publish","4":"has-post-thumbnail","6":"product_cat-dienstleistungen","7":"pmpro-has-access","9":"first","10":"instock","11":"virtual","12":"taxable","13":"purchasable","14":"product-type-simple"},"aioseo_notices":[],"uagb_featured_image_src":{"full":["https:\/\/i0.wp.com\/monikatschudi-techart.com\/wp-content\/uploads\/2025\/12\/Chart-einfacher-Bueroalltag.png?fit=1200%2C675&ssl=1",1200,675,false],"thumbnail":["https:\/\/i0.wp.com\/monikatschudi-techart.com\/wp-content\/uploads\/2025\/12\/Chart-einfacher-Bueroalltag.png?resize=150%2C150&ssl=1",150,150,true],"medium":["https:\/\/i0.wp.com\/monikatschudi-techart.com\/wp-content\/uploads\/2025\/12\/Chart-einfacher-Bueroalltag.png?fit=300%2C169&ssl=1",300,169,true],"medium_large":["https:\/\/i0.wp.com\/monikatschudi-techart.com\/wp-content\/uploads\/2025\/12\/Chart-einfacher-Bueroalltag.png?fit=768%2C432&ssl=1",768,432,true],"large":["https:\/\/i0.wp.com\/monikatschudi-techart.com\/wp-content\/uploads\/2025\/12\/Chart-einfacher-Bueroalltag.png?fit=1024%2C576&ssl=1",1024,576,true],"1536x1536":["https:\/\/i0.wp.com\/monikatschudi-techart.com\/wp-content\/uploads\/2025\/12\/Chart-einfacher-Bueroalltag.png?fit=1200%2C675&ssl=1",1200,675,true],"2048x2048":["https:\/\/i0.wp.com\/monikatschudi-techart.com\/wp-content\/uploads\/2025\/12\/Chart-einfacher-Bueroalltag.png?fit=1200%2C675&ssl=1",1200,675,true],"trp-custom-language-flag":["https:\/\/i0.wp.com\/monikatschudi-techart.com\/wp-content\/uploads\/2025\/12\/Chart-einfacher-Bueroalltag.png?fit=18%2C10&ssl=1",18,10,true],"newspack-article-block-landscape-large":["https:\/\/i0.wp.com\/monikatschudi-techart.com\/wp-content\/uploads\/2025\/12\/Chart-einfacher-Bueroalltag.png?resize=1200%2C675&ssl=1",1200,675,true],"newspack-article-block-portrait-large":["https:\/\/i0.wp.com\/monikatschudi-techart.com\/wp-content\/uploads\/2025\/12\/Chart-einfacher-Bueroalltag.png?resize=900%2C675&ssl=1",900,675,true],"newspack-article-block-square-large":["https:\/\/i0.wp.com\/monikatschudi-techart.com\/wp-content\/uploads\/2025\/12\/Chart-einfacher-Bueroalltag.png?resize=1200%2C675&ssl=1",1200,675,true],"newspack-article-block-landscape-medium":["https:\/\/i0.wp.com\/monikatschudi-techart.com\/wp-content\/uploads\/2025\/12\/Chart-einfacher-Bueroalltag.png?resize=800%2C600&ssl=1",800,600,true],"newspack-article-block-portrait-medium":["https:\/\/i0.wp.com\/monikatschudi-techart.com\/wp-content\/uploads\/2025\/12\/Chart-einfacher-Bueroalltag.png?resize=600%2C675&ssl=1",600,675,true],"newspack-article-block-square-medium":["https:\/\/i0.wp.com\/monikatschudi-techart.com\/wp-content\/uploads\/2025\/12\/Chart-einfacher-Bueroalltag.png?resize=800%2C675&ssl=1",800,675,true],"newspack-article-block-landscape-intermediate":["https:\/\/i0.wp.com\/monikatschudi-techart.com\/wp-content\/uploads\/2025\/12\/Chart-einfacher-Bueroalltag.png?resize=600%2C450&ssl=1",600,450,true],"newspack-article-block-portrait-intermediate":["https:\/\/i0.wp.com\/monikatschudi-techart.com\/wp-content\/uploads\/2025\/12\/Chart-einfacher-Bueroalltag.png?resize=450%2C600&ssl=1",450,600,true],"newspack-article-block-square-intermediate":["https:\/\/i0.wp.com\/monikatschudi-techart.com\/wp-content\/uploads\/2025\/12\/Chart-einfacher-Bueroalltag.png?resize=600%2C600&ssl=1",600,600,true],"newspack-article-block-landscape-small":["https:\/\/i0.wp.com\/monikatschudi-techart.com\/wp-content\/uploads\/2025\/12\/Chart-einfacher-Bueroalltag.png?resize=400%2C300&ssl=1",400,300,true],"newspack-article-block-portrait-small":["https:\/\/i0.wp.com\/monikatschudi-techart.com\/wp-content\/uploads\/2025\/12\/Chart-einfacher-Bueroalltag.png?resize=300%2C400&ssl=1",300,400,true],"newspack-article-block-square-small":["https:\/\/i0.wp.com\/monikatschudi-techart.com\/wp-content\/uploads\/2025\/12\/Chart-einfacher-Bueroalltag.png?resize=400%2C400&ssl=1",400,400,true],"newspack-article-block-landscape-tiny":["https:\/\/i0.wp.com\/monikatschudi-techart.com\/wp-content\/uploads\/2025\/12\/Chart-einfacher-Bueroalltag.png?resize=200%2C150&ssl=1",200,150,true],"newspack-article-block-portrait-tiny":["https:\/\/i0.wp.com\/monikatschudi-techart.com\/wp-content\/uploads\/2025\/12\/Chart-einfacher-Bueroalltag.png?resize=150%2C200&ssl=1",150,200,true],"newspack-article-block-square-tiny":["https:\/\/i0.wp.com\/monikatschudi-techart.com\/wp-content\/uploads\/2025\/12\/Chart-einfacher-Bueroalltag.png?resize=200%2C200&ssl=1",200,200,true],"newspack-article-block-uncropped":["https:\/\/i0.wp.com\/monikatschudi-techart.com\/wp-content\/uploads\/2025\/12\/Chart-einfacher-Bueroalltag.png?fit=1200%2C675&ssl=1",1200,675,true],"et-pb-post-main-image":["https:\/\/i0.wp.com\/monikatschudi-techart.com\/wp-content\/uploads\/2025\/12\/Chart-einfacher-Bueroalltag.png?resize=400%2C250&ssl=1",400,250,true],"et-pb-post-main-image-fullwidth":["https:\/\/i0.wp.com\/monikatschudi-techart.com\/wp-content\/uploads\/2025\/12\/Chart-einfacher-Bueroalltag.png?resize=1080%2C675&ssl=1",1080,675,true],"et-pb-portfolio-image":["https:\/\/i0.wp.com\/monikatschudi-techart.com\/wp-content\/uploads\/2025\/12\/Chart-einfacher-Bueroalltag.png?resize=400%2C284&ssl=1",400,284,true],"et-pb-portfolio-module-image":["https:\/\/i0.wp.com\/monikatschudi-techart.com\/wp-content\/uploads\/2025\/12\/Chart-einfacher-Bueroalltag.png?resize=510%2C382&ssl=1",510,382,true],"et-pb-portfolio-image-single":["https:\/\/i0.wp.com\/monikatschudi-techart.com\/wp-content\/uploads\/2025\/12\/Chart-einfacher-Bueroalltag.png?fit=1080%2C608&ssl=1",1080,608,true],"et-pb-gallery-module-image-portrait":["https:\/\/i0.wp.com\/monikatschudi-techart.com\/wp-content\/uploads\/2025\/12\/Chart-einfacher-Bueroalltag.png?resize=400%2C516&ssl=1",400,516,true],"et-pb-post-main-image-fullwidth-large":["https:\/\/i0.wp.com\/monikatschudi-techart.com\/wp-content\/uploads\/2025\/12\/Chart-einfacher-Bueroalltag.png?resize=1200%2C675&ssl=1",1200,675,true],"et-pb-image--responsive--desktop":["https:\/\/i0.wp.com\/monikatschudi-techart.com\/wp-content\/uploads\/2025\/12\/Chart-einfacher-Bueroalltag.png?resize=1200%2C675&ssl=1",1200,675,true],"et-pb-image--responsive--tablet":["https:\/\/i0.wp.com\/monikatschudi-techart.com\/wp-content\/uploads\/2025\/12\/Chart-einfacher-Bueroalltag.png?resize=980%2C551&ssl=1",980,551,true],"et-pb-image--responsive--phone":["https:\/\/i0.wp.com\/monikatschudi-techart.com\/wp-content\/uploads\/2025\/12\/Chart-einfacher-Bueroalltag.png?resize=480%2C270&ssl=1",480,270,true],"d4p-bbp-thumb":["https:\/\/i0.wp.com\/monikatschudi-techart.com\/wp-content\/uploads\/2025\/12\/Chart-einfacher-Bueroalltag.png?resize=128%2C72&ssl=1",128,72,true],"woocommerce_thumbnail":["https:\/\/i0.wp.com\/monikatschudi-techart.com\/wp-content\/uploads\/2025\/12\/Chart-einfacher-Bueroalltag.png?resize=300%2C300&ssl=1",300,300,true],"woocommerce_single":["https:\/\/i0.wp.com\/monikatschudi-techart.com\/wp-content\/uploads\/2025\/12\/Chart-einfacher-Bueroalltag.png?fit=600%2C338&ssl=1",600,338,true],"woocommerce_gallery_thumbnail":["https:\/\/i0.wp.com\/monikatschudi-techart.com\/wp-content\/uploads\/2025\/12\/Chart-einfacher-Bueroalltag.png?resize=100%2C100&ssl=1",100,100,true]},"uagb_author_info":{"display_name":"Monika Tschudi","author_link":"https:\/\/monikatschudi-techart.com\/en\/author\/"},"uagb_comment_info":0,"uagb_excerpt":"B\u00fcro Optimierung f\u00fcr selbstst\u00e4ndige Handwerker und Handwerksbetriebe. F\u00fcr mehr Zeit und Umsatz.","jetpack_likes_enabled":true,"jetpack_sharing_enabled":true,"jetpack-related-posts":[],"_links":{"self":[{"href":"https:\/\/monikatschudi-techart.com\/en\/wp-json\/wp\/v2\/product\/6632","targetHints":{"allow":["GET"]}}],"collection":[{"href":"https:\/\/monikatschudi-techart.com\/en\/wp-json\/wp\/v2\/product"}],"about":[{"href":"https:\/\/monikatschudi-techart.com\/en\/wp-json\/wp\/v2\/types\/product"}],"replies":[{"embeddable":true,"href":"https:\/\/monikatschudi-techart.com\/en\/wp-json\/wp\/v2\/comments?post=6632"}],"wp:featuredmedia":[{"embeddable":true,"href":"https:\/\/monikatschudi-techart.com\/en\/wp-json\/wp\/v2\/media\/6530"}],"wp:attachment":[{"href":"https:\/\/monikatschudi-techart.com\/en\/wp-json\/wp\/v2\/media?parent=6632"}],"wp:term":[{"taxonomy":"product_brand","embeddable":true,"href":"https:\/\/monikatschudi-techart.com\/en\/wp-json\/wp\/v2\/product_brand?post=6632"},{"taxonomy":"product_cat","embeddable":true,"href":"https:\/\/monikatschudi-techart.com\/en\/wp-json\/wp\/v2\/product_cat?post=6632"},{"taxonomy":"product_tag","embeddable":true,"href":"https:\/\/monikatschudi-techart.com\/en\/wp-json\/wp\/v2\/product_tag?post=6632"},{"taxonomy":"wf_product_folders","embeddable":true,"href":"https:\/\/monikatschudi-techart.com\/en\/wp-json\/wp\/v2\/wf_product_folders?post=6632"}],"curies":[{"name":"wp","href":"https:\/\/api.w.org\/{rel}","templated":true}]}}