{"id":6258,"date":"2025-10-14T08:45:21","date_gmt":"2025-10-14T06:45:21","guid":{"rendered":"https:\/\/monikatschudi-techart.com\/produkt\/unisex-bio-baumwoll-t-shirt\/"},"modified":"2025-10-14T10:57:53","modified_gmt":"2025-10-14T08:57:53","slug":"unisex-t-shirt-best-team","status":"publish","type":"product","link":"https:\/\/monikatschudi-techart.com\/en\/product\/unisex-t-shirt-best-team\/","title":{"rendered":"Unisex T-Shirt &#8220;Best Team&#8221;"},"content":{"rendered":"<p>[et_pb_section fb_built=&#8221;1&#8243; _builder_version=&#8221;4.16&#8243; custom_padding=&#8221;0px||||false|false&#8221; global_colors_info=&#8221;{}&#8221;][et_pb_row _builder_version=&#8221;4.16&#8243; background_size=&#8221;initial&#8221; background_position=&#8221;top_left&#8221; background_repeat=&#8221;repeat&#8221; width=&#8221;100%&#8221; custom_padding=&#8221;0px||0px||false|false&#8221; global_colors_info=&#8221;{}&#8221;][et_pb_column type=&#8221;4_4&#8243; _builder_version=&#8221;4.16&#8243; custom_padding=&#8221;|||&#8221; global_colors_info=&#8221;{}&#8221; custom_padding__hover=&#8221;|||&#8221;][et_pb_wc_breadcrumb _builder_version=&#8221;4.16&#8243; global_colors_info=&#8221;{}&#8221;][\/et_pb_wc_breadcrumb][et_pb_wc_cart_notice _builder_version=&#8221;4.25.0&#8243; background_color=&#8221;gcid-55565d53-571b-4987-bf69-2c84cd227b59&#8243; global_colors_info=&#8221;{%22gcid-55565d53-571b-4987-bf69-2c84cd227b59%22:%91%22background_color%22%93}&#8221;][\/et_pb_wc_cart_notice][\/et_pb_column][\/et_pb_row][et_pb_row column_structure=&#8221;1_2,1_2&#8243; _builder_version=&#8221;4.16&#8243; background_size=&#8221;initial&#8221; background_position=&#8221;top_left&#8221; background_repeat=&#8221;repeat&#8221; width=&#8221;100%&#8221; custom_padding=&#8221;0px||||false|false&#8221; global_colors_info=&#8221;{}&#8221;][et_pb_column type=&#8221;1_2&#8243; _builder_version=&#8221;4.16&#8243; custom_padding=&#8221;|||&#8221; global_colors_info=&#8221;{}&#8221; custom_padding__hover=&#8221;|||&#8221;][et_pb_wc_images _builder_version=&#8221;4.16&#8243; global_colors_info=&#8221;{}&#8221;][\/et_pb_wc_images][\/et_pb_column][et_pb_column type=&#8221;1_2&#8243; _builder_version=&#8221;4.16&#8243; custom_padding=&#8221;|||&#8221; global_colors_info=&#8221;{}&#8221; custom_padding__hover=&#8221;|||&#8221;][et_pb_wc_title _builder_version=&#8221;4.16&#8243; global_colors_info=&#8221;{}&#8221;][\/et_pb_wc_title][et_pb_wc_rating _builder_version=&#8221;4.25.0&#8243; rating_text_color=&#8221;gcid-55565d53-571b-4987-bf69-2c84cd227b59&#8243; global_colors_info=&#8221;{%22gcid-55565d53-571b-4987-bf69-2c84cd227b59%22:%91%22rating_text_color%22%93}&#8221;][\/et_pb_wc_rating][et_pb_wc_price _builder_version=&#8221;4.25.0&#8243; body_text_color=&#8221;#E06100&#8243; global_colors_info=&#8221;{}&#8221;][\/et_pb_wc_price][et_pb_wc_description _builder_version=&#8221;4.16&#8243; global_colors_info=&#8221;{}&#8221;][\/et_pb_wc_description][et_pb_wc_add_to_cart field_label_position=&#8221;inline&#8221; _builder_version=&#8221;4.25.0&#8243; dropdown_menus_custom_margin=&#8221;20px||||false|false&#8221; field_label_font_size=&#8221;18px&#8221; field_label_line_height=&#8221;1em&#8221; dropdown_menus_font_size=&#8221;14px&#8221; use_focus_border_color=&#8221;on&#8221; custom_button=&#8221;on&#8221; button_text_color=&#8221;#FFFFFF&#8221; button_bg_color=&#8221;#E06100&#8243; button_font=&#8221;|||on|||||&#8221; hover_enabled=&#8221;0&#8243; border_color_all_dropdown_menus=&#8221;#FC9569&#8243; global_colors_info=&#8221;{}&#8221; sticky_enabled=&#8221;0&#8243;][\/et_pb_wc_add_to_cart][et_pb_wc_meta _builder_version=&#8221;4.25.0&#8243; body_text_color=&#8221;#000000&#8243; global_colors_info=&#8221;{}&#8221;][\/et_pb_wc_meta][\/et_pb_column][\/et_pb_row][et_pb_row _builder_version=&#8221;4.16&#8243; background_size=&#8221;initial&#8221; background_position=&#8221;top_left&#8221; background_repeat=&#8221;repeat&#8221; width=&#8221;100%&#8221; global_colors_info=&#8221;{}&#8221;][et_pb_column type=&#8221;4_4&#8243; _builder_version=&#8221;4.16&#8243; custom_padding=&#8221;|||&#8221; global_colors_info=&#8221;{}&#8221; custom_padding__hover=&#8221;|||&#8221;][et_pb_wc_tabs active_tab_background_color=&#8221;gcid-55565d53-571b-4987-bf69-2c84cd227b59&#8243; inactive_tab_background_color=&#8221;#D6D6D6&#8243; active_tab_text_color=&#8221;#FFFFFF&#8221; _builder_version=&#8221;4.25.0&#8243; tab_text_color=&#8221;#FFFFFF&#8221; global_colors_info=&#8221;{%22gcid-55565d53-571b-4987-bf69-2c84cd227b59%22:%91%22active_tab_background_color%22%93}&#8221;]\t\t\t\t\t[\/et_pb_wc_tabs][et_pb_wc_upsells _builder_version=&#8221;4.16&#8243; global_colors_info=&#8221;{}&#8221;][\/et_pb_wc_upsells][et_pb_wc_related_products _builder_version=&#8221;4.16&#8243; global_colors_info=&#8221;{}&#8221;][\/et_pb_wc_related_products][\/et_pb_column][\/et_pb_row][\/et_pb_section]<\/p>\n","protected":false},"excerpt":{"rendered":"<p>Unisex T-shirt made of organic cotton, in various sizes, with a funny slogan will make those around you smile and clearly emphasize your statement.<\/p>","protected":false},"featured_media":6295,"comment_status":"open","ping_status":"closed","template":"","meta":{"_bbp_topic_count":0,"_bbp_reply_count":0,"_bbp_total_topic_count":0,"_bbp_total_reply_count":0,"_bbp_voice_count":0,"_bbp_anonymous_reply_count":0,"_bbp_topic_count_hidden":0,"_bbp_reply_count_hidden":0,"_bbp_forum_subforum_count":0,"_et_pb_use_builder":"on","_et_pb_old_content":"B\u00fcro ist schon trocken genug. Mit diesem Statement Unisex T-Shirt bringst du deine Kollegen garantiert zum Schmunzeln. Es ist wichtig zu zeigen, dass man ein kompetentes Team darstellt.\r\n\r\nAus 100 % organischer, ringgesponnener Baumwolle: dieses Unisex T-Shirt ist ein absolutes Must-Have. Es ist qualitativ hochwertig, super bequem und das Beste von allem: umweltfreundlich.\r\n\r\n\u2022 100 % organische, ringgesponnene Baumwolle\r\n\u2022 Stoffgewicht: 180 g\/m\u00b2\r\n\u2022 Single Jersey\r\n\u2022 Medium-Fit\r\n\u2022 Eingesetzte \u00c4rmel\r\n\u2022 1\u00d71 Ripp am Kragen\r\n\u2022 Breite Doppelnaht an den \u00c4rmeln und dem Bundsaum\r\n\u2022 Abgesetzter Kragenansatz (innen, im Nacken)\r\n\u2022 Dank des Bio-Baumwoll-Anteils hat der Stoff dieses Produkts die Zertifizierung nach GOTS (Global Organic Textile Standard) und OCS (Organic Content Standard) erhalten.\r\n\u2022 Der Stoff dieses Produkts ist nach OEKO-TEX Standard 100 und PETA-Approved Vegan zertifiziert\r\n\u2022 Rohprodukt bezogen aus Bangladesch\r\n\r\nDie Gr\u00f6\u00dfen entsprechen auf dem US-Markt einer kleineren Gr\u00f6\u00dfen, Kunden in den USA sollten also eine gr\u00f6\u00dfere Gr\u00f6\u00dfe bestellen.\r\n\r\nAge restrictions: F\u00fcr Erwachsene\r\nEU Warranty: 2 Jahre\r\nOther compliance information: Erf\u00fcllt die REACH-Anforderungen der EU.\r\n\r\nIn \u00dcbereinstimmung mit der Allgemeinen Produktsicherheitsverordnung (GPSR) Oak inc.und SINDEN VENTURES LIMITED um sicherzustellen, dass alle angebotenen Verbraucherprodukte sicher sind und den EU-Standards entsprechen. Bei Fragen oder Bedenken bez\u00fcglich der Produktsicherheit wende dich bitte an unseren EU-Vertreter unter <b>gpsr@sindenventures.com<\/b>. Du erreichst uns auch schriftlich unter 123 Main Street, Anytown, CountryoderMarkou Evgenikou 11, Mesa Geitonia, 4002, Limassol, Cyprus.","_et_gb_content_width":"","om_disable_all_campaigns":false,"pmpro_default_level":"","_uag_custom_page_level_css":"","_monsterinsights_skip_tracking":false,"_monsterinsights_sitenote_active":false,"_monsterinsights_sitenote_note":"","_monsterinsights_sitenote_category":0,"_uf_show_specific_survey":0,"_uf_disable_surveys":false},"product_brand":[],"product_cat":[3007],"product_tag":[3168,3287],"wf_product_folders":[3320],"class_list":{"0":"post-6258","1":"product","2":"type-product","3":"status-publish","4":"has-post-thumbnail","6":"product_cat-bekleidung-bekleidung","7":"product_tag-t-shirt","8":"product_tag-unisex","9":"pmpro-has-access","11":"first","12":"instock","13":"taxable","14":"shipping-taxable","15":"purchasable","16":"product-type-variable"},"aioseo_notices":[],"uagb_featured_image_src":{"full":["https:\/\/i0.wp.com\/monikatschudi-techart.com\/wp-content\/uploads\/2025\/10\/unisex-organic-cotton-t-shirt-cotton-pink-front-68edf1613fc92.jpg?fit=2000%2C2000&ssl=1",2000,2000,false],"thumbnail":["https:\/\/i0.wp.com\/monikatschudi-techart.com\/wp-content\/uploads\/2025\/10\/unisex-organic-cotton-t-shirt-cotton-pink-front-68edf1613fc92.jpg?resize=150%2C150&ssl=1",150,150,true],"medium":["https:\/\/i0.wp.com\/monikatschudi-techart.com\/wp-content\/uploads\/2025\/10\/unisex-organic-cotton-t-shirt-cotton-pink-front-68edf1613fc92.jpg?fit=300%2C300&ssl=1",300,300,true],"medium_large":["https:\/\/i0.wp.com\/monikatschudi-techart.com\/wp-content\/uploads\/2025\/10\/unisex-organic-cotton-t-shirt-cotton-pink-front-68edf1613fc92.jpg?fit=768%2C768&ssl=1",768,768,true],"large":["https:\/\/i0.wp.com\/monikatschudi-techart.com\/wp-content\/uploads\/2025\/10\/unisex-organic-cotton-t-shirt-cotton-pink-front-68edf1613fc92.jpg?fit=1024%2C1024&ssl=1",1024,1024,true],"1536x1536":["https:\/\/i0.wp.com\/monikatschudi-techart.com\/wp-content\/uploads\/2025\/10\/unisex-organic-cotton-t-shirt-cotton-pink-front-68edf1613fc92.jpg?fit=1536%2C1536&ssl=1",1536,1536,true],"2048x2048":["https:\/\/i0.wp.com\/monikatschudi-techart.com\/wp-content\/uploads\/2025\/10\/unisex-organic-cotton-t-shirt-cotton-pink-front-68edf1613fc92.jpg?fit=2000%2C2000&ssl=1",2000,2000,true],"trp-custom-language-flag":["https:\/\/i0.wp.com\/monikatschudi-techart.com\/wp-content\/uploads\/2025\/10\/unisex-organic-cotton-t-shirt-cotton-pink-front-68edf1613fc92.jpg?fit=12%2C12&ssl=1",12,12,true],"newspack-article-block-landscape-large":["https:\/\/i0.wp.com\/monikatschudi-techart.com\/wp-content\/uploads\/2025\/10\/unisex-organic-cotton-t-shirt-cotton-pink-front-68edf1613fc92.jpg?resize=1200%2C900&ssl=1",1200,900,true],"newspack-article-block-portrait-large":["https:\/\/i0.wp.com\/monikatschudi-techart.com\/wp-content\/uploads\/2025\/10\/unisex-organic-cotton-t-shirt-cotton-pink-front-68edf1613fc92.jpg?resize=900%2C1200&ssl=1",900,1200,true],"newspack-article-block-square-large":["https:\/\/i0.wp.com\/monikatschudi-techart.com\/wp-content\/uploads\/2025\/10\/unisex-organic-cotton-t-shirt-cotton-pink-front-68edf1613fc92.jpg?resize=1200%2C1200&ssl=1",1200,1200,true],"newspack-article-block-landscape-medium":["https:\/\/i0.wp.com\/monikatschudi-techart.com\/wp-content\/uploads\/2025\/10\/unisex-organic-cotton-t-shirt-cotton-pink-front-68edf1613fc92.jpg?resize=800%2C600&ssl=1",800,600,true],"newspack-article-block-portrait-medium":["https:\/\/i0.wp.com\/monikatschudi-techart.com\/wp-content\/uploads\/2025\/10\/unisex-organic-cotton-t-shirt-cotton-pink-front-68edf1613fc92.jpg?resize=600%2C800&ssl=1",600,800,true],"newspack-article-block-square-medium":["https:\/\/i0.wp.com\/monikatschudi-techart.com\/wp-content\/uploads\/2025\/10\/unisex-organic-cotton-t-shirt-cotton-pink-front-68edf1613fc92.jpg?resize=800%2C800&ssl=1",800,800,true],"newspack-article-block-landscape-intermediate":["https:\/\/i0.wp.com\/monikatschudi-techart.com\/wp-content\/uploads\/2025\/10\/unisex-organic-cotton-t-shirt-cotton-pink-front-68edf1613fc92.jpg?resize=600%2C450&ssl=1",600,450,true],"newspack-article-block-portrait-intermediate":["https:\/\/i0.wp.com\/monikatschudi-techart.com\/wp-content\/uploads\/2025\/10\/unisex-organic-cotton-t-shirt-cotton-pink-front-68edf1613fc92.jpg?resize=450%2C600&ssl=1",450,600,true],"newspack-article-block-square-intermediate":["https:\/\/i0.wp.com\/monikatschudi-techart.com\/wp-content\/uploads\/2025\/10\/unisex-organic-cotton-t-shirt-cotton-pink-front-68edf1613fc92.jpg?resize=600%2C600&ssl=1",600,600,true],"newspack-article-block-landscape-small":["https:\/\/i0.wp.com\/monikatschudi-techart.com\/wp-content\/uploads\/2025\/10\/unisex-organic-cotton-t-shirt-cotton-pink-front-68edf1613fc92.jpg?resize=400%2C300&ssl=1",400,300,true],"newspack-article-block-portrait-small":["https:\/\/i0.wp.com\/monikatschudi-techart.com\/wp-content\/uploads\/2025\/10\/unisex-organic-cotton-t-shirt-cotton-pink-front-68edf1613fc92.jpg?resize=300%2C400&ssl=1",300,400,true],"newspack-article-block-square-small":["https:\/\/i0.wp.com\/monikatschudi-techart.com\/wp-content\/uploads\/2025\/10\/unisex-organic-cotton-t-shirt-cotton-pink-front-68edf1613fc92.jpg?resize=400%2C400&ssl=1",400,400,true],"newspack-article-block-landscape-tiny":["https:\/\/i0.wp.com\/monikatschudi-techart.com\/wp-content\/uploads\/2025\/10\/unisex-organic-cotton-t-shirt-cotton-pink-front-68edf1613fc92.jpg?resize=200%2C150&ssl=1",200,150,true],"newspack-article-block-portrait-tiny":["https:\/\/i0.wp.com\/monikatschudi-techart.com\/wp-content\/uploads\/2025\/10\/unisex-organic-cotton-t-shirt-cotton-pink-front-68edf1613fc92.jpg?resize=150%2C200&ssl=1",150,200,true],"newspack-article-block-square-tiny":["https:\/\/i0.wp.com\/monikatschudi-techart.com\/wp-content\/uploads\/2025\/10\/unisex-organic-cotton-t-shirt-cotton-pink-front-68edf1613fc92.jpg?resize=200%2C200&ssl=1",200,200,true],"newspack-article-block-uncropped":["https:\/\/i0.wp.com\/monikatschudi-techart.com\/wp-content\/uploads\/2025\/10\/unisex-organic-cotton-t-shirt-cotton-pink-front-68edf1613fc92.jpg?fit=1200%2C1200&ssl=1",1200,1200,true],"et-pb-post-main-image":["https:\/\/i0.wp.com\/monikatschudi-techart.com\/wp-content\/uploads\/2025\/10\/unisex-organic-cotton-t-shirt-cotton-pink-front-68edf1613fc92.jpg?resize=400%2C250&ssl=1",400,250,true],"et-pb-post-main-image-fullwidth":["https:\/\/i0.wp.com\/monikatschudi-techart.com\/wp-content\/uploads\/2025\/10\/unisex-organic-cotton-t-shirt-cotton-pink-front-68edf1613fc92.jpg?resize=1080%2C675&ssl=1",1080,675,true],"et-pb-portfolio-image":["https:\/\/i0.wp.com\/monikatschudi-techart.com\/wp-content\/uploads\/2025\/10\/unisex-organic-cotton-t-shirt-cotton-pink-front-68edf1613fc92.jpg?resize=400%2C284&ssl=1",400,284,true],"et-pb-portfolio-module-image":["https:\/\/i0.wp.com\/monikatschudi-techart.com\/wp-content\/uploads\/2025\/10\/unisex-organic-cotton-t-shirt-cotton-pink-front-68edf1613fc92.jpg?resize=510%2C382&ssl=1",510,382,true],"et-pb-portfolio-image-single":["https:\/\/i0.wp.com\/monikatschudi-techart.com\/wp-content\/uploads\/2025\/10\/unisex-organic-cotton-t-shirt-cotton-pink-front-68edf1613fc92.jpg?fit=1080%2C1080&ssl=1",1080,1080,true],"et-pb-gallery-module-image-portrait":["https:\/\/i0.wp.com\/monikatschudi-techart.com\/wp-content\/uploads\/2025\/10\/unisex-organic-cotton-t-shirt-cotton-pink-front-68edf1613fc92.jpg?resize=400%2C516&ssl=1",400,516,true],"et-pb-post-main-image-fullwidth-large":["https:\/\/i0.wp.com\/monikatschudi-techart.com\/wp-content\/uploads\/2025\/10\/unisex-organic-cotton-t-shirt-cotton-pink-front-68edf1613fc92.jpg?resize=2000%2C1800&ssl=1",2000,1800,true],"et-pb-image--responsive--desktop":["https:\/\/i0.wp.com\/monikatschudi-techart.com\/wp-content\/uploads\/2025\/10\/unisex-organic-cotton-t-shirt-cotton-pink-front-68edf1613fc92.jpg?resize=720%2C720&ssl=1",720,720,true],"et-pb-image--responsive--tablet":["https:\/\/i0.wp.com\/monikatschudi-techart.com\/wp-content\/uploads\/2025\/10\/unisex-organic-cotton-t-shirt-cotton-pink-front-68edf1613fc92.jpg?resize=551%2C551&ssl=1",551,551,true],"et-pb-image--responsive--phone":["https:\/\/i0.wp.com\/monikatschudi-techart.com\/wp-content\/uploads\/2025\/10\/unisex-organic-cotton-t-shirt-cotton-pink-front-68edf1613fc92.jpg?resize=270%2C270&ssl=1",270,270,true],"d4p-bbp-thumb":["https:\/\/i0.wp.com\/monikatschudi-techart.com\/wp-content\/uploads\/2025\/10\/unisex-organic-cotton-t-shirt-cotton-pink-front-68edf1613fc92.jpg?resize=128%2C72&ssl=1",128,72,true],"woocommerce_thumbnail":["https:\/\/i0.wp.com\/monikatschudi-techart.com\/wp-content\/uploads\/2025\/10\/unisex-organic-cotton-t-shirt-cotton-pink-front-68edf1613fc92.jpg?resize=300%2C300&ssl=1",300,300,true],"woocommerce_single":["https:\/\/i0.wp.com\/monikatschudi-techart.com\/wp-content\/uploads\/2025\/10\/unisex-organic-cotton-t-shirt-cotton-pink-front-68edf1613fc92.jpg?fit=600%2C600&ssl=1",600,600,true],"woocommerce_gallery_thumbnail":["https:\/\/i0.wp.com\/monikatschudi-techart.com\/wp-content\/uploads\/2025\/10\/unisex-organic-cotton-t-shirt-cotton-pink-front-68edf1613fc92.jpg?resize=100%2C100&ssl=1",100,100,true]},"uagb_author_info":{"display_name":"Monika Tschudi","author_link":"https:\/\/monikatschudi-techart.com\/en\/author\/"},"uagb_comment_info":0,"uagb_excerpt":"Unisex T-Shirt aus Bio-Baumwolle, in verschiedenen Gr\u00f6ssen, mit lustigem Spruch l\u00e4sst dein Umfeld schmunzeln und setzt klar dein Statement in den Vordergrund.","jetpack_likes_enabled":true,"jetpack_sharing_enabled":true,"jetpack-related-posts":[],"_links":{"self":[{"href":"https:\/\/monikatschudi-techart.com\/en\/wp-json\/wp\/v2\/product\/6258","targetHints":{"allow":["GET"]}}],"collection":[{"href":"https:\/\/monikatschudi-techart.com\/en\/wp-json\/wp\/v2\/product"}],"about":[{"href":"https:\/\/monikatschudi-techart.com\/en\/wp-json\/wp\/v2\/types\/product"}],"replies":[{"embeddable":true,"href":"https:\/\/monikatschudi-techart.com\/en\/wp-json\/wp\/v2\/comments?post=6258"}],"wp:featuredmedia":[{"embeddable":true,"href":"https:\/\/monikatschudi-techart.com\/en\/wp-json\/wp\/v2\/media\/6295"}],"wp:attachment":[{"href":"https:\/\/monikatschudi-techart.com\/en\/wp-json\/wp\/v2\/media?parent=6258"}],"wp:term":[{"taxonomy":"product_brand","embeddable":true,"href":"https:\/\/monikatschudi-techart.com\/en\/wp-json\/wp\/v2\/product_brand?post=6258"},{"taxonomy":"product_cat","embeddable":true,"href":"https:\/\/monikatschudi-techart.com\/en\/wp-json\/wp\/v2\/product_cat?post=6258"},{"taxonomy":"product_tag","embeddable":true,"href":"https:\/\/monikatschudi-techart.com\/en\/wp-json\/wp\/v2\/product_tag?post=6258"},{"taxonomy":"wf_product_folders","embeddable":true,"href":"https:\/\/monikatschudi-techart.com\/en\/wp-json\/wp\/v2\/wf_product_folders?post=6258"}],"curies":[{"name":"wp","href":"https:\/\/api.w.org\/{rel}","templated":true}]}}