{"id":7905,"date":"2026-03-30T13:51:06","date_gmt":"2026-03-30T11:51:06","guid":{"rendered":"https:\/\/monikatschudi-techart.com\/?page_id=7905"},"modified":"2026-03-30T13:51:07","modified_gmt":"2026-03-30T11:51:07","slug":"quiz-fuer-selbststaendige-solo-handwerker","status":"publish","type":"page","link":"https:\/\/monikatschudi-techart.com\/en\/quiz-fuer-selbststaendige-solo-handwerker\/","title":{"rendered":"Quiz f\u00fcr selbstst\u00e4ndige Solo Handwerker"},"content":{"rendered":"<p>[et_pb_section fb_built=&#8221;1&#8243; _builder_version=&#8221;4.25.0&#8243; _module_preset=&#8221;default&#8221; global_colors_info=&#8221;{}&#8221;][et_pb_row _builder_version=&#8221;4.25.0&#8243; _module_preset=&#8221;default&#8221; global_colors_info=&#8221;{}&#8221;][et_pb_column type=&#8221;4_4&#8243; _builder_version=&#8221;4.25.0&#8243; _module_preset=&#8221;default&#8221; global_colors_info=&#8221;{}&#8221;][et_pb_heading title=&#8221;Quiz zur B\u00fcro Optimierung f\u00fcr selbstst\u00e4ndige Solo Handwerker&#8221; _builder_version=&#8221;4.25.0&#8243; _module_preset=&#8221;default&#8221; global_colors_info=&#8221;{}&#8221;][\/et_pb_heading][et_pb_text _builder_version=&#8221;4.25.0&#8243; _module_preset=&#8221;default&#8221; global_colors_info=&#8221;{}&#8221;]<\/p>\n<p>Das Quiz besteht aus 49 Fragen und dauert ca. 10 Minuten.<\/p>\n<p>Im Anschluss kannst du einsch\u00e4tzen, wo du etwa stehst, und ob sich ConsiFlow oder mein Coaching f\u00fcr dich lohnt.<\/p>\n<p>&nbsp;<\/p>\n<p>Beantworte die Fragen so ehrlich wie m\u00f6glich. Du machst das Quiz f\u00fcr dich, denn die Zeit die du einsparen kannst, kommt dir zu Gute.\u00a0<\/p>\n<p>[\/et_pb_text][\/et_pb_column][\/et_pb_row][et_pb_row _builder_version=&#8221;4.25.0&#8243; _module_preset=&#8221;default&#8221; global_colors_info=&#8221;{}&#8221;][et_pb_column type=&#8221;4_4&#8243; _builder_version=&#8221;4.25.0&#8243; _module_preset=&#8221;default&#8221; global_colors_info=&#8221;{}&#8221;][et_pb_divider color=&#8221;#8DBEA3&#8243; _builder_version=&#8221;4.25.0&#8243; _module_preset=&#8221;default&#8221; global_colors_info=&#8221;{}&#8221;][\/et_pb_divider][\/et_pb_column][\/et_pb_row][et_pb_row _builder_version=&#8221;4.25.0&#8243; _module_preset=&#8221;default&#8221; global_colors_info=&#8221;{}&#8221;][et_pb_column type=&#8221;4_4&#8243; _builder_version=&#8221;4.25.0&#8243; _module_preset=&#8221;default&#8221; global_colors_info=&#8221;{}&#8221;][et_pb_heading title=&#8221;Das Quiz&#8221; _builder_version=&#8221;4.25.0&#8243; _module_preset=&#8221;default&#8221; title_level=&#8221;h2&#8243; global_colors_info=&#8221;{}&#8221;][\/et_pb_heading][\/et_pb_column][\/et_pb_row][et_pb_row _builder_version=&#8221;4.25.0&#8243; _module_preset=&#8221;default&#8221; global_colors_info=&#8221;{}&#8221;][et_pb_column type=&#8221;4_4&#8243; _builder_version=&#8221;4.25.0&#8243; _module_preset=&#8221;default&#8221; global_colors_info=&#8221;{}&#8221;][et_pb_text _builder_version=&#8221;4.25.0&#8243; _module_preset=&#8221;default&#8221; global_colors_info=&#8221;{}&#8221;]<\/p>\n\t\t \t\t<script data-jetpack-boost=\"ignore\" type=\"text\/javascript\" >\n\t\t\t  \tvar d = new Date();\n\t\t\t\td.setTime(d.getTime() + (24*3600*1000));\n\t\t\t\tvar expires = \"expires=\"+ d.toUTCString();     \t\t\t\t\n\t\t\t  \tdocument.cookie = \"chained_completion_id1=33;\" + expires + \";path=\/\";\n\t\t\t  \t<\/script>\n\t\t\t<div class=\"chained-quiz\" id=\"chained-quiz-div-1\"><form method=\"post\" id=\"chained-quiz-form-1\">\n\t<div class=\"chained-quiz-area\" id=\"chained-quiz-wrap-1\">\n\t\t\t\t\t<div class=\"chained-quiz-email\" >\n\t\t\t\t<p><label>Your email address:<\/label> <input type=\"text\" name=\"chained_email\" value=\"\" id=\"chainedUserEmail\" class=\"chained-quiz-email \"><\/p>\n\t\t\t<\/div>\n\t\t \n\t\t<div class=\"chained-quiz-question\" id=\"chained-quiz-question-1\">\n\t\t\t<p>Wie viel Zeit verbringst du im Schnitt im B\u00fcro?<\/p>\n\t\t<\/div>\n\t\t\n\t\t<div class=\"chained-quiz-choices\" id=\"chained-quiz-choices-1\">\n\t\t\t\t<div class='chained-quiz-choice'><label class='chained-quiz-label'><input class='chained-quiz-frontend chained-quiz-radio' type='radio' name='answer' value='1' > Mehr als 12 Stunden<\/label><\/div><div class='chained-quiz-choice'><label class='chained-quiz-label'><input class='chained-quiz-frontend chained-quiz-radio' type='radio' name='answer' value='2' > 9 - 12 Stunden<\/label><\/div><div class='chained-quiz-choice'><label class='chained-quiz-label'><input class='chained-quiz-frontend chained-quiz-radio' type='radio' name='answer' value='3' > 5 - 8 Stunden<\/label><\/div><div class='chained-quiz-choice'><label class='chained-quiz-label'><input class='chained-quiz-frontend chained-quiz-radio' type='radio' name='answer' value='7' > 4 - 8 Stunden<\/label><\/div><div class='chained-quiz-choice'><label class='chained-quiz-label'><input class='chained-quiz-frontend chained-quiz-radio' type='radio' name='answer' value='8' > Weniger als 4 Stunden<\/label><\/div>\t\t<\/div>\n\t\t\n\t\t\t\t\n\t\t\t\t\n\t\t<div class=\"chained-quiz-action\" style='display:block'>\n\t\t\t<input type=\"button\" id=\"chained-quiz-action-1\" value=\"Go ahead\" onclick=\"chainedQuiz.goon(1, 'https:\/\/monikatschudi-techart.com\/wp-admin\/admin-ajax.php');\" disabled=\"true\">\n\t\t\t<img data-recalc-dims=\"1\" loading=\"lazy\" decoding=\"async\" src=\"https:\/\/i0.wp.com\/monikatschudi-techart.com\/wp-content\/plugins\/chained-quiz\/img\/loading.gif?resize=32%2C32&#038;ssl=1\" width=\"32\" height=\"32\" alt=\"Loading...\" style=\"display: none;\" id=\"chainedLoading\">\n\t\t<\/div>\n\t<\/div>\n\t<input type=\"hidden\" name=\"question_id\" value=\"1\">\n\t<input type=\"hidden\" name=\"quiz_id\" value=\"1\">\n\t<input type=\"hidden\" name=\"post_id\" value=\"7905\">\n\t<input type=\"hidden\" name=\"question_type\" value=\"radio\">\n\t<input type=\"hidden\" name=\"points\" value=\"0\">\n<\/form>\n<\/div>\n<script data-jetpack-boost=\"ignore\" type=\"text\/javascript\" >\njQuery(function(){\n\tchainedQuiz.initializeQuestion(1);\t\n});\n\n\/\/ prevent enter key from reloading the form\njQuery(document).ready(function() {\n  jQuery(window).keydown(function(event){\n    if(event.keyCode == 13) {\n      event.preventDefault();\n      return false;\n    }\n  });\n});\n<\/script>\n<p>[\/et_pb_text][\/et_pb_column][\/et_pb_row][et_pb_row _builder_version=&#8221;4.25.0&#8243; _module_preset=&#8221;default&#8221; global_colors_info=&#8221;{}&#8221;][et_pb_column type=&#8221;4_4&#8243; _builder_version=&#8221;4.25.0&#8243; _module_preset=&#8221;default&#8221; global_colors_info=&#8221;{}&#8221;][et_pb_divider color=&#8221;#8DBEA3&#8243; _builder_version=&#8221;4.25.0&#8243; _module_preset=&#8221;default&#8221; global_colors_info=&#8221;{}&#8221;][\/et_pb_divider][\/et_pb_column][\/et_pb_row][et_pb_row _builder_version=&#8221;4.25.0&#8243; _module_preset=&#8221;default&#8221;][et_pb_column _builder_version=&#8221;4.25.0&#8243; _module_preset=&#8221;default&#8221; type=&#8221;4_4&#8243;][et_pb_heading title=&#8221;Links&#8221; _builder_version=&#8221;4.25.0&#8243; _module_preset=&#8221;default&#8221; title_level=&#8221;h3&#8243; hover_enabled=&#8221;0&#8243; sticky_enabled=&#8221;0&#8243;][\/et_pb_heading][et_pb_text _builder_version=&#8221;4.25.0&#8243; _module_preset=&#8221;default&#8221; hover_enabled=&#8221;0&#8243; sticky_enabled=&#8221;0&#8243;]<\/p>\n<p><a href=\"https:\/\/monikatschudi-techart.com\/consiflow-infoseite\" title=\"ConsiFlow Infoseite\">ConsiFlow Infoseite<\/a><\/p>\n<p><a href=\"https:\/\/monikatschudi-techart.com\/\">Webseite<\/a><\/p>\n<p><a href=\"http:\/\/www.linkedin.com\/in\/monika-tschudi-07b104231\">LinkedIn<\/a><\/p>\n<p>[\/et_pb_text][\/et_pb_column][\/et_pb_row][\/et_pb_section]<\/p>\n","protected":false},"excerpt":{"rendered":"<p>Das Quiz zur Selbsteinsch\u00e4tzung. Habe ich als selbstst\u00e4ndiger Handwerker Potenzial mein B\u00fcro zu optimieren und automatisieren und lohnt sich ConsiFlow f\u00fcr mich.<\/p>","protected":false},"author":220149267,"featured_media":0,"parent":0,"menu_order":0,"comment_status":"closed","ping_status":"closed","template":"","meta":{"_bbp_topic_count":0,"_bbp_reply_count":0,"_bbp_total_topic_count":0,"_bbp_total_reply_count":0,"_bbp_voice_count":0,"_bbp_anonymous_reply_count":0,"_bbp_topic_count_hidden":0,"_bbp_reply_count_hidden":0,"_bbp_forum_subforum_count":0,"_et_pb_use_builder":"on","_et_pb_old_content":"","_et_gb_content_width":"","om_disable_all_campaigns":false,"pmpro_default_level":"","_uag_custom_page_level_css":"","_monsterinsights_skip_tracking":false,"_monsterinsights_sitenote_active":false,"_monsterinsights_sitenote_note":"","_monsterinsights_sitenote_category":0,"_uf_show_specific_survey":0,"_uf_disable_surveys":false,"footnotes":""},"wf_page_folders":[3362,3071],"class_list":["post-7905","page","type-page","status-publish","hentry","pmpro-has-access"],"aioseo_notices":[],"uagb_featured_image_src":{"full":false,"thumbnail":false,"medium":false,"medium_large":false,"large":false,"1536x1536":false,"2048x2048":false,"trp-custom-language-flag":false,"newspack-article-block-landscape-large":false,"newspack-article-block-portrait-large":false,"newspack-article-block-square-large":false,"newspack-article-block-landscape-medium":false,"newspack-article-block-portrait-medium":false,"newspack-article-block-square-medium":false,"newspack-article-block-landscape-intermediate":false,"newspack-article-block-portrait-intermediate":false,"newspack-article-block-square-intermediate":false,"newspack-article-block-landscape-small":false,"newspack-article-block-portrait-small":false,"newspack-article-block-square-small":false,"newspack-article-block-landscape-tiny":false,"newspack-article-block-portrait-tiny":false,"newspack-article-block-square-tiny":false,"newspack-article-block-uncropped":false,"et-pb-post-main-image":false,"et-pb-post-main-image-fullwidth":false,"et-pb-portfolio-image":false,"et-pb-portfolio-module-image":false,"et-pb-portfolio-image-single":false,"et-pb-gallery-module-image-portrait":false,"et-pb-post-main-image-fullwidth-large":false,"et-pb-image--responsive--desktop":false,"et-pb-image--responsive--tablet":false,"et-pb-image--responsive--phone":false,"d4p-bbp-thumb":false,"woocommerce_thumbnail":false,"woocommerce_single":false,"woocommerce_gallery_thumbnail":false},"uagb_author_info":{"display_name":"Monika Tschudi","author_link":"https:\/\/monikatschudi-techart.com\/en\/author\/motschudi\/"},"uagb_comment_info":0,"uagb_excerpt":"Das Quiz zur Selbsteinsch\u00e4tzung. Habe ich als selbstst\u00e4ndiger Handwerker Potenzial mein B\u00fcro zu optimieren und automatisieren und lohnt sich ConsiFlow f\u00fcr mich.","jetpack_likes_enabled":true,"jetpack_sharing_enabled":true,"jetpack_shortlink":"https:\/\/wp.me\/PdV0az-23v","jetpack-related-posts":[],"_links":{"self":[{"href":"https:\/\/monikatschudi-techart.com\/en\/wp-json\/wp\/v2\/pages\/7905","targetHints":{"allow":["GET"]}}],"collection":[{"href":"https:\/\/monikatschudi-techart.com\/en\/wp-json\/wp\/v2\/pages"}],"about":[{"href":"https:\/\/monikatschudi-techart.com\/en\/wp-json\/wp\/v2\/types\/page"}],"author":[{"embeddable":true,"href":"https:\/\/monikatschudi-techart.com\/en\/wp-json\/wp\/v2\/users\/220149267"}],"replies":[{"embeddable":true,"href":"https:\/\/monikatschudi-techart.com\/en\/wp-json\/wp\/v2\/comments?post=7905"}],"version-history":[{"count":8,"href":"https:\/\/monikatschudi-techart.com\/en\/wp-json\/wp\/v2\/pages\/7905\/revisions"}],"predecessor-version":[{"id":8290,"href":"https:\/\/monikatschudi-techart.com\/en\/wp-json\/wp\/v2\/pages\/7905\/revisions\/8290"}],"wp:attachment":[{"href":"https:\/\/monikatschudi-techart.com\/en\/wp-json\/wp\/v2\/media?parent=7905"}],"wp:term":[{"taxonomy":"wf_page_folders","embeddable":true,"href":"https:\/\/monikatschudi-techart.com\/en\/wp-json\/wp\/v2\/wf_page_folders?post=7905"}],"curies":[{"name":"wp","href":"https:\/\/api.w.org\/{rel}","templated":true}]}}