{"id":6439,"date":"2025-11-26T13:23:15","date_gmt":"2025-11-26T12:23:15","guid":{"rendered":"https:\/\/monikatschudi-techart.com\/?page_id=6439"},"modified":"2026-03-31T19:03:52","modified_gmt":"2026-03-31T17:03:52","slug":"fitness-im-bueroalltag-das-coaching","status":"publish","type":"page","link":"https:\/\/monikatschudi-techart.com\/en\/fitness-im-bueroalltag-das-coaching\/","title":{"rendered":"Fitness im B\u00fcroalltag &#8211; Das Coaching"},"content":{"rendered":"<p>[et_pb_section fb_built=&#8221;1&#8243; _builder_version=&#8221;4.25.0&#8243; _module_preset=&#8221;default&#8221; global_colors_info=&#8221;{}&#8221;][et_pb_row _builder_version=&#8221;4.25.0&#8243; _module_preset=&#8221;default&#8221; global_colors_info=&#8221;{}&#8221;][et_pb_column type=&#8221;4_4&#8243; _builder_version=&#8221;4.25.0&#8243; _module_preset=&#8221;default&#8221; global_colors_info=&#8221;{}&#8221;][et_pb_heading title=&#8221;B\u00fcro Fitness Coaching&#8221; _builder_version=&#8221;4.25.0&#8243; _module_preset=&#8221;default&#8221; global_colors_info=&#8221;{}&#8221;][\/et_pb_heading][et_pb_heading title=&#8221;Weniger B\u00fcro f\u00fcr mehr Umsatz &#8211; f\u00fcrs Handwerk essentiell&#8221; _builder_version=&#8221;4.25.0&#8243; _module_preset=&#8221;default&#8221; title_level=&#8221;h2&#8243; global_colors_info=&#8221;{}&#8221;][\/et_pb_heading][et_pb_text _builder_version=&#8221;4.25.0&#8243; _module_preset=&#8221;default&#8221; global_colors_info=&#8221;{}&#8221;]<\/p>\n<p>Ein gut abgestimmter B\u00fcroalltag erleichtert dir die Arbeit massiv und spart nicht nur Zeit, sondern auch Nerven. Zeit, die du wieder in Auftr\u00e4ge investieren kannst, um deinen Umsatz zu steigern.<\/p>\n<p>[\/et_pb_text][et_pb_text _builder_version=&#8221;4.25.0&#8243; _module_preset=&#8221;default&#8221; global_colors_info=&#8221;{}&#8221;]<\/p>\n<p>Vor allem als Selbstst\u00e4ndiger im Handwerk bist du darauf angewiesen, dass dein B\u00fcro-Anteil so gering wie m\u00f6glich ausf\u00e4llt. Denn je mehr du im B\u00fcro sitzt, umso weniger kannst du an Auftr\u00e4gen arbeiten und verschenkst dadurch Umsatz.<\/p>\n<p>Dabei ist es ist wichtig, dass man den B\u00fcroapparat ganzheitlich betrachtet. Vom Prozess bis hin zu dir als Person, mit deiner Arbeitsweise und Gewohnheiten.<\/p>\n<p>Mit meiner langj\u00e4hrigen Erfahrung in der B\u00fcro Optimierung, gepaart mit meiner stark ausgepr\u00e4gten Beobachtungsgabe und dem Blick f\u00fcrs Ganze, strukturieren wir dein B\u00fcro so, dass es <strong>f\u00fcr dich<\/strong> und nicht gegen dich arbeitet.<\/p>\n<p>[\/et_pb_text][et_pb_heading title=&#8221;B\u00fcro Optimierung h\u00f6rt nicht beim Prozess auf&#8221; _builder_version=&#8221;4.25.0&#8243; _module_preset=&#8221;default&#8221; title_level=&#8221;h2&#8243; global_colors_info=&#8221;{}&#8221;][\/et_pb_heading][et_pb_text _builder_version=&#8221;4.25.0&#8243; _module_preset=&#8221;default&#8221; global_colors_info=&#8221;{}&#8221;]<\/p>\n<p>Gut aufgebaute Prozesse sind wichtig und ein ausschlaggebender Hebel f\u00fcr strukturierte Abl\u00e4ufe. Es ist wichtig, dass sie regelm\u00e4ssig \u00fcberpr\u00fcft und angepasst werden.<\/p>\n<p>Noch wichtiger ist, dass sie so weit wie m\u00f6glich automatisiert sind. Nichts kostet mehr Zeit als manuelle Arbeitsschritte (ausser schlechte oder komplizierte Arbeitsweisen).<\/p>\n<p>Daher pr\u00fcfen und optimieren wir im ersten Schritt deine Prozesse und Abl\u00e4ufe.<\/p>\n<p>Doch das ist noch lange nicht alles, was einen einfachen und zeitsparenden B\u00fcroablauf ausmacht.<br \/><strong>Denn dein B\u00fcro lebt von und mit dir.<\/strong><br \/>Du bist schlussendlich der Kopf dahinter, der Prozesse und Abl\u00e4ufe aufbaut und sie ausf\u00fchrt.<\/p>\n<p>[\/et_pb_text][et_pb_image src=&#8221;<a href=\"https:\/\/monikatschudi-techart.com\/wp-content\/uploads\/2025\/08\/Vorlage-Wordpress-1200-x-675-px-36.png&#038;#8221\">https:\/\/monikatschudi-techart.com\/wp-content\/uploads\/2025\/08\/Vorlage-Wordpress-1200-x-675-px-36.png&#038;#8221<\/a>; alt=&#8221;Automatisierung des B\u00fcroalltags, damit du entspannt deine F\u00fcsse hochlegen kannst&#8221; title_text=&#8221;Automatisation&#8221; align=&#8221;center&#8221; _builder_version=&#8221;4.25.0&#8243; _module_preset=&#8221;default&#8221; module_alignment=&#8221;center&#8221; max_height=&#8221;354px&#8221; global_colors_info=&#8221;{}&#8221;][\/et_pb_image][et_pb_text _builder_version=&#8221;4.25.0&#8243; _module_preset=&#8221;default&#8221; hover_enabled=&#8221;0&#8243; global_colors_info=&#8221;{}&#8221; sticky_enabled=&#8221;0&#8243;]<\/p>\n<h2><span style=\"text-decoration: underline;\">Preise<\/span><\/h2>\n<p>Im Pauschalpreis<span style=\"color: #ff0000;\"><strong>*<\/strong><\/span> von CHF 3&#8217;500 enthalten sind:<\/p>\n<ul>\n<li>Zugriff auf ConsiFlow (30 Tage kostenlos, anschliessend 50% Rabatt f\u00fcr die n\u00e4chsten 3 Monate)<\/li>\n<li>10 Stunden f\u00fcr vor Ort Analyse und anschliessender Unterst\u00fctzung bei der Umsetzung<\/li>\n<li>Auswertung, Protokollierung und Erstellung eines Massnahmenkataloges<\/li>\n<li>Besprechung der Massnahmen und Begleitung<\/li>\n<li>Abschluss Rapport<\/li>\n<li>Fahrspesen bis 15 km inklusive<\/li>\n<\/ul>\n<p><strong>Direkt buchen &#8211; Sichere dir einen entspannten, einfachen und stressfreien B\u00fcroalltag.<\/strong><\/p>\n<p>Melde dich gerne per E-Mail bei mir, falls du Fragen hast:<\/p>\n<p><a href=\"mailto:Moni@monikatschudi-techart.com\">Moni@monikatschudi-techart.com<\/a><\/p>\n<p>[\/et_pb_text][et_pb_text _builder_version=&#8221;4.25.0&#8243; _module_preset=&#8221;default&#8221; custom_padding=&#8221;22px||4px|||&#8221; hover_enabled=&#8221;0&#8243; global_colors_info=&#8221;{}&#8221; sticky_enabled=&#8221;0&#8243;]<\/p>\n<p><span style=\"color: #ff0000;\"><strong>*<\/strong> <\/span>Pauschalpreis exklusive MwSt. und Spesen.<\/p>\n<p>Spesen ab 15 km: (CHF 0.80 \/ Km), Verpflegung (Pauschal CHF 40.00 \/ Mahlzeit) und allf\u00e4llige \u00dcbernachtungen werden individuell und separat verrechnet. Anfallende Kosten werden vorg\u00e4ngig kommuniziert.<\/p>\n<p><strong>Dein Budget gibt aktuell nicht so viel her? Kein Problem, du kannst gerne auch in Raten zahlen.<\/strong> Mir ist wichtig, dass du schnell deinen B\u00fcroaufwand reduzieren kannst. Melde dich einfach bei mir, dann k\u00f6nnen wir es gemeinsam ansehen.<\/p>\n<p>&nbsp;<\/p>\n<p>[\/et_pb_text][et_pb_button button_url=&#8221;@ET-DC@eyJkeW5hbWljIjp0cnVlLCJjb250ZW50IjoicG9zdF9saW5rX3VybF9wcm9kdWN0Iiwic2V0dGluZ3MiOnsicG9zdF9pZCI6IjY2MzIifX0=@&#8221; button_text=&#8221;ZETZT BUCHEN&#8221; button_alignment=&#8221;center&#8221; _builder_version=&#8221;4.25.0&#8243; _dynamic_attributes=&#8221;button_url&#8221; _module_preset=&#8221;default&#8221; custom_button=&#8221;on&#8221; button_text_color=&#8221;#FFFFFF&#8221; button_bg_color=&#8221;#E06100&#8243; button_border_radius=&#8221;10px&#8221; locked=&#8221;off&#8221; global_colors_info=&#8221;{}&#8221;][\/et_pb_button][et_pb_heading title=&#8221;Deine Arbeitsweise und Gewohnheiten sind der grosse Hebel&#8221; _builder_version=&#8221;4.25.0&#8243; _module_preset=&#8221;default&#8221; title_level=&#8221;h2&#8243; global_colors_info=&#8221;{}&#8221;][\/et_pb_heading][et_pb_text _builder_version=&#8221;4.25.0&#8243; _module_preset=&#8221;default&#8221; global_colors_info=&#8221;{}&#8221;]<\/p>\n<p>Es sind h\u00e4ufig die kleinen Dinge, die massiv untersch\u00e4tzt werden.<\/p>\n<p>Ziellos in der Anwendung herumklicken, Daten kompliziert und manuell kopieren und einf\u00fcgen, fehlendes E-Mail Management, manuelle Datenauswertung, fehlendes oder mangelhaftes Ablagesystem und komplizierte Arbeitsweisen.<\/p>\n<p>Das alles frisst nicht nur viel Zeit, sondern kann auch zu Fehler und Stress f\u00fchren (oder wie ich gerne sage: sch\u00f6n viel Mist produzieren).<\/p>\n<p>Getreu dem Motto: <em>Auch Kleinvieh macht viel Mist!<\/em><\/p>\n<p>Doch, wenn man nicht weiss, welche genialen Funktionen z.B. in Excel zur Verf\u00fcgung stehen, kommt man manchmal gar nicht auf die Idee, dass es auch mit wenig Aufwand besser, schneller und einfacher gehen k\u00f6nnte. Und leider sehe ich das viel zu oft.<\/p>\n<p>Im zweiten Schritt nehmen wir uns deine Arbeitsweise und Gewohnheiten unter die Lupe. Wir eliminieren die Schlechten und optimieren die Guten.<\/p>\n<p>Im dritten und letzten Schritt stimmen wir die zwei vorherigen perfekt aufeinander ab, damit ein richtig sch\u00f6ner, einfacher und zeitsparender B\u00fcroablauf entsteht. Der dich massiv weniger Zeit kostet.<\/p>\n<p>&nbsp;<\/p>\n<h3>Beispiele von Kleinvieh<\/h3>\n<p>In der Tabelle habe ich ein paar Beispiele aufgef\u00fchrt, um aufzuzeigen, wie viel Potenzial t\u00e4glich &#8220;verschenkt&#8221; wird. Dabei geht es nicht erstrangig um die Zeitersparnis, sondern um den Nutzen und die Erleichterung, die, die meist kleine \u00c4nderung, mit sich bringt.<\/p>\n<p>[\/et_pb_text][et_pb_image src=&#8221;<a href=\"https:\/\/monikatschudi-techart.com\/wp-content\/uploads\/2026\/01\/Beispiele-Einsparung.png&#038;#8221\">https:\/\/monikatschudi-techart.com\/wp-content\/uploads\/2026\/01\/Beispiele-Einsparung.png&#038;#8221<\/a>; alt=&#8221;Tabelle mit Optimierungsm\u00f6glichkeiten im B\u00fcroalltag&#8221; title_text=&#8221;Beispiele Einsparung&#8221; _builder_version=&#8221;4.25.0&#8243; _module_preset=&#8221;default&#8221; global_colors_info=&#8221;{}&#8221;][\/et_pb_image][et_pb_text _builder_version=&#8221;4.25.0&#8243; _module_preset=&#8221;default&#8221; global_colors_info=&#8221;{}&#8221;]<\/p>\n<h2><span style=\"text-decoration: underline;\">Ablauf<\/span><\/h2>\n<p>Mit der Ist-Analyse bei euch vor Ort sehe ich mir deine Arbeitsabl\u00e4ufe, den Umgang und die Nutzung von Arbeitstools wie Outlook etc.\u00a0 an und erstelle eine Auswertung inklusive empfohlenen Massnahmen und konkreten Ideen f\u00fcr eine maximale Verbesserung deiner Abl\u00e4ufe.<\/p>\n<p>Du bekommst von mir bereits w\u00e4hrend der Analyse hilfreiche Tipps, die du direkt umsetzen kannst. Diese \u00fcbernehme ich aber auch ins Protokoll, damit du sie jederzeit nachlesen kannst.<\/p>\n<p>Nach der Auswertung der Analyse, besprechen wir gemeinsam die Ergebnisse und setzen die von mir vorgeschlagenen Massnahmen um.<br \/>Dabei unterst\u00fctze ich dich Tatkr\u00e4ftig.<br \/>Damit dir die Umsetzung noch einfacher und schneller f\u00e4llt, bekommst du einen Monat kostenlosen Zugriff auf ConsiFlow, wo du\u00a0 hilfreiche Anleitungen, Vorlagen etc. findest.<\/p>\n<p>[\/et_pb_text][et_pb_text _builder_version=&#8221;4.25.0&#8243; _module_preset=&#8221;default&#8221; global_colors_info=&#8221;{}&#8221;]<\/p>\n<h3><span style=\"text-decoration: underline;\">Teams<\/span><\/h3>\n<p>Du m\u00f6chtest nicht nur deinen, sondern auch der B\u00fcroalltag deines Teams optimieren? Kein Problem!<br \/>F\u00fcr jede weitere Person werden zus\u00e4tzlich zwei Stunden eingerechnet. Das ergibt einen Aufpreis von CH 360 pro Person. Damit ist sichergestellt, dass ich mir f\u00fcr jeden Mitarbeiter und s\u00e4mtliche Abl\u00e4ufe auch wirklich genug Zeit nehmen kann.<\/p>\n<p>Beispiel Rechnung f\u00fcr 3 Personen:<\/p>\n<table border=\"1\" style=\"border-collapse: collapse; width: 100%;\">\n<tbody>\n<tr>\n<td style=\"width: 50%;\">Pauschalpreis<\/td>\n<td style=\"width: 50%;\">3&#8217;500.00<\/td>\n<\/tr>\n<tr>\n<td style=\"width: 50%;\">Aufpreis f\u00fcr 2. und 3. Person (2x 360.00)<\/td>\n<td style=\"width: 50%;\">720.00<\/td>\n<\/tr>\n<tr>\n<td style=\"width: 50%;\"><strong>Total<\/strong><\/td>\n<td style=\"width: 50%;\"><strong>4&#8217;220.00<\/strong><\/td>\n<\/tr>\n<\/tbody>\n<\/table>\n<p>&nbsp;<\/p>\n<p>[\/et_pb_text][et_pb_button button_url=&#8221;@ET-DC@eyJkeW5hbWljIjp0cnVlLCJjb250ZW50IjoicG9zdF9saW5rX3VybF9wcm9kdWN0Iiwic2V0dGluZ3MiOnsicG9zdF9pZCI6IjY2MzIifX0=@&#8221; button_text=&#8221;ZETZT BUCHEN&#8221; button_alignment=&#8221;center&#8221; _builder_version=&#8221;4.25.0&#8243; _dynamic_attributes=&#8221;button_url&#8221; _module_preset=&#8221;default&#8221; custom_button=&#8221;on&#8221; button_text_color=&#8221;#FFFFFF&#8221; button_bg_color=&#8221;#E06100&#8243; button_border_radius=&#8221;10px&#8221; global_colors_info=&#8221;{}&#8221;][\/et_pb_button][\/et_pb_column][\/et_pb_row][et_pb_row _builder_version=&#8221;4.25.0&#8243; _module_preset=&#8221;default&#8221; global_colors_info=&#8221;{}&#8221;][et_pb_column type=&#8221;4_4&#8243; _builder_version=&#8221;4.25.0&#8243; _module_preset=&#8221;default&#8221; global_colors_info=&#8221;{}&#8221;][et_pb_text _builder_version=&#8221;4.25.0&#8243; _module_preset=&#8221;default&#8221; global_colors_info=&#8221;{}&#8221;]<\/p>\n<h3><span style=\"text-decoration: underline;\">Ziele<\/span><\/h3>\n<p>Du hast nach der Analyse und der Umsetzung:<\/p>\n<ul>\n<li>weniger Stress<\/li>\n<li>mehr Zeit f\u00fcr Auftr\u00e4ge<\/li>\n<li>bessere Strukturen<\/li>\n<li>automatisierte Abl\u00e4ufe\n<ul>\n<li>und damit weniger manuelle Arbeit<\/li>\n<\/ul>\n<\/li>\n<li>aufeinander abgestimmte Prozesse<\/li>\n<li>weniger Arbeit im B\u00fcro<\/li>\n<\/ul>\n<p>[\/et_pb_text][\/et_pb_column][\/et_pb_row][et_pb_row _builder_version=&#8221;4.25.0&#8243; _module_preset=&#8221;default&#8221; global_colors_info=&#8221;{}&#8221;][et_pb_column type=&#8221;4_4&#8243; _builder_version=&#8221;4.25.0&#8243; _module_preset=&#8221;default&#8221; global_colors_info=&#8221;{}&#8221;][et_pb_image src=&#8221;<a href=\"https:\/\/monikatschudi-techart.com\/wp-content\/uploads\/2025\/12\/Chart-einfacher-Bueroalltag.png&#038;#8221\">https:\/\/monikatschudi-techart.com\/wp-content\/uploads\/2025\/12\/Chart-einfacher-Bueroalltag.png&#038;#8221<\/a>; alt=&#8221;Ein Chart mit einem B\u00fcrotisch in der Mitte, darum herum ein Kreis mit violetten Pfeilen in verschiedenen Farbstufen. Dann um den Kreis herum sind verschiedene Symbole abgebildet, die auf ConsiFlow ber\u00fccksichtigt werden, wie \u00dcberforderung und Stress reduzieren, einfache Prozesse, Fokus auf Mitarbeiter setzen etc.&#8221; title_text=&#8221;Chart &#8211; einfacher B\u00fcroalltag&#8221; _builder_version=&#8221;4.25.0&#8243; _module_preset=&#8221;default&#8221; global_colors_info=&#8221;{}&#8221;][\/et_pb_image][\/et_pb_column][\/et_pb_row][et_pb_row _builder_version=&#8221;4.25.0&#8243; _module_preset=&#8221;default&#8221; global_colors_info=&#8221;{}&#8221;][et_pb_column type=&#8221;4_4&#8243; _builder_version=&#8221;4.25.0&#8243; _module_preset=&#8221;default&#8221; global_colors_info=&#8221;{}&#8221;][et_pb_button button_url=&#8221;@ET-DC@eyJkeW5hbWljIjp0cnVlLCJjb250ZW50IjoicG9zdF9saW5rX3VybF9wcm9kdWN0Iiwic2V0dGluZ3MiOnsicG9zdF9pZCI6IjY2MzIifX0=@&#8221; button_text=&#8221;ZETZT BUCHEN&#8221; button_alignment=&#8221;center&#8221; _builder_version=&#8221;4.25.0&#8243; _dynamic_attributes=&#8221;button_url&#8221; _module_preset=&#8221;default&#8221; custom_button=&#8221;on&#8221; button_text_color=&#8221;#FFFFFF&#8221; button_bg_color=&#8221;#E06100&#8243; button_border_radius=&#8221;10px&#8221; global_colors_info=&#8221;{}&#8221;][\/et_pb_button][\/et_pb_column][\/et_pb_row][et_pb_row _builder_version=&#8221;4.25.0&#8243; _module_preset=&#8221;default&#8221; global_colors_info=&#8221;{}&#8221;][et_pb_column type=&#8221;4_4&#8243; _builder_version=&#8221;4.25.0&#8243; _module_preset=&#8221;default&#8221; global_colors_info=&#8221;{}&#8221;][et_pb_text _builder_version=&#8221;4.25.0&#8243; _module_preset=&#8221;default&#8221; global_colors_info=&#8221;{}&#8221;]<\/p>\n<h3>Hinweise<\/h3>\n<p>Angebot g\u00fcltig f\u00fcr Schweiz, \u00d6sterreich und Deutschland<\/p>\n<p>Das Coaching wird in (Schweizer) Deutsch gef\u00fchrt<\/p>\n<p>Es gelten die AGB von Monika Tschudi &#8211; Tech &amp; Art<\/p>\n<p>[\/et_pb_text][\/et_pb_column][\/et_pb_row][\/et_pb_section]<\/p>\n","protected":false},"excerpt":{"rendered":"<p>Ein gut abgestimmter B\u00fcroalltag erleichtert dir die Arbeit massiv und spart nicht nur Zeit, sondern auch Nerven. Zeit, die du wieder in Auftr\u00e4ge investieren kannst, um deinen Umsatz zu steigern.Vor allem als Selbstst\u00e4ndiger im Handwerk bist du darauf angewiesen, dass dein B\u00fcro-Anteil so gering wie m\u00f6glich ausf\u00e4llt. Denn je mehr du im B\u00fcro sitzt, umso [&hellip;]<\/p>\n","protected":false},"author":220149267,"featured_media":6530,"parent":0,"menu_order":0,"comment_status":"closed","ping_status":"closed","template":"","meta":{"_bbp_topic_count":0,"_bbp_reply_count":0,"_bbp_total_topic_count":0,"_bbp_total_reply_count":0,"_bbp_voice_count":0,"_bbp_anonymous_reply_count":0,"_bbp_topic_count_hidden":0,"_bbp_reply_count_hidden":0,"_bbp_forum_subforum_count":0,"_et_pb_use_builder":"on","_et_pb_old_content":"","_et_gb_content_width":"","om_disable_all_campaigns":false,"pmpro_default_level":"","_uag_custom_page_level_css":"","_monsterinsights_skip_tracking":false,"_monsterinsights_sitenote_active":false,"_monsterinsights_sitenote_note":"","_monsterinsights_sitenote_category":0,"_uf_show_specific_survey":0,"_uf_disable_surveys":false,"footnotes":""},"wf_page_folders":[3334],"class_list":["post-6439","page","type-page","status-publish","has-post-thumbnail","hentry","pmpro-has-access"],"aioseo_notices":[],"uagb_featured_image_src":{"full":["https:\/\/i0.wp.com\/monikatschudi-techart.com\/wp-content\/uploads\/2025\/12\/Chart-einfacher-Bueroalltag.png?fit=1200%2C675&ssl=1",1200,675,false],"thumbnail":["https:\/\/i0.wp.com\/monikatschudi-techart.com\/wp-content\/uploads\/2025\/12\/Chart-einfacher-Bueroalltag.png?resize=150%2C150&ssl=1",150,150,true],"medium":["https:\/\/i0.wp.com\/monikatschudi-techart.com\/wp-content\/uploads\/2025\/12\/Chart-einfacher-Bueroalltag.png?fit=300%2C169&ssl=1",300,169,true],"medium_large":["https:\/\/i0.wp.com\/monikatschudi-techart.com\/wp-content\/uploads\/2025\/12\/Chart-einfacher-Bueroalltag.png?fit=768%2C432&ssl=1",768,432,true],"large":["https:\/\/i0.wp.com\/monikatschudi-techart.com\/wp-content\/uploads\/2025\/12\/Chart-einfacher-Bueroalltag.png?fit=1024%2C576&ssl=1",1024,576,true],"1536x1536":["https:\/\/i0.wp.com\/monikatschudi-techart.com\/wp-content\/uploads\/2025\/12\/Chart-einfacher-Bueroalltag.png?fit=1200%2C675&ssl=1",1200,675,true],"2048x2048":["https:\/\/i0.wp.com\/monikatschudi-techart.com\/wp-content\/uploads\/2025\/12\/Chart-einfacher-Bueroalltag.png?fit=1200%2C675&ssl=1",1200,675,true],"trp-custom-language-flag":["https:\/\/i0.wp.com\/monikatschudi-techart.com\/wp-content\/uploads\/2025\/12\/Chart-einfacher-Bueroalltag.png?fit=18%2C10&ssl=1",18,10,true],"newspack-article-block-landscape-large":["https:\/\/i0.wp.com\/monikatschudi-techart.com\/wp-content\/uploads\/2025\/12\/Chart-einfacher-Bueroalltag.png?resize=1200%2C675&ssl=1",1200,675,true],"newspack-article-block-portrait-large":["https:\/\/i0.wp.com\/monikatschudi-techart.com\/wp-content\/uploads\/2025\/12\/Chart-einfacher-Bueroalltag.png?resize=900%2C675&ssl=1",900,675,true],"newspack-article-block-square-large":["https:\/\/i0.wp.com\/monikatschudi-techart.com\/wp-content\/uploads\/2025\/12\/Chart-einfacher-Bueroalltag.png?resize=1200%2C675&ssl=1",1200,675,true],"newspack-article-block-landscape-medium":["https:\/\/i0.wp.com\/monikatschudi-techart.com\/wp-content\/uploads\/2025\/12\/Chart-einfacher-Bueroalltag.png?resize=800%2C600&ssl=1",800,600,true],"newspack-article-block-portrait-medium":["https:\/\/i0.wp.com\/monikatschudi-techart.com\/wp-content\/uploads\/2025\/12\/Chart-einfacher-Bueroalltag.png?resize=600%2C675&ssl=1",600,675,true],"newspack-article-block-square-medium":["https:\/\/i0.wp.com\/monikatschudi-techart.com\/wp-content\/uploads\/2025\/12\/Chart-einfacher-Bueroalltag.png?resize=800%2C675&ssl=1",800,675,true],"newspack-article-block-landscape-intermediate":["https:\/\/i0.wp.com\/monikatschudi-techart.com\/wp-content\/uploads\/2025\/12\/Chart-einfacher-Bueroalltag.png?resize=600%2C450&ssl=1",600,450,true],"newspack-article-block-portrait-intermediate":["https:\/\/i0.wp.com\/monikatschudi-techart.com\/wp-content\/uploads\/2025\/12\/Chart-einfacher-Bueroalltag.png?resize=450%2C600&ssl=1",450,600,true],"newspack-article-block-square-intermediate":["https:\/\/i0.wp.com\/monikatschudi-techart.com\/wp-content\/uploads\/2025\/12\/Chart-einfacher-Bueroalltag.png?resize=600%2C600&ssl=1",600,600,true],"newspack-article-block-landscape-small":["https:\/\/i0.wp.com\/monikatschudi-techart.com\/wp-content\/uploads\/2025\/12\/Chart-einfacher-Bueroalltag.png?resize=400%2C300&ssl=1",400,300,true],"newspack-article-block-portrait-small":["https:\/\/i0.wp.com\/monikatschudi-techart.com\/wp-content\/uploads\/2025\/12\/Chart-einfacher-Bueroalltag.png?resize=300%2C400&ssl=1",300,400,true],"newspack-article-block-square-small":["https:\/\/i0.wp.com\/monikatschudi-techart.com\/wp-content\/uploads\/2025\/12\/Chart-einfacher-Bueroalltag.png?resize=400%2C400&ssl=1",400,400,true],"newspack-article-block-landscape-tiny":["https:\/\/i0.wp.com\/monikatschudi-techart.com\/wp-content\/uploads\/2025\/12\/Chart-einfacher-Bueroalltag.png?resize=200%2C150&ssl=1",200,150,true],"newspack-article-block-portrait-tiny":["https:\/\/i0.wp.com\/monikatschudi-techart.com\/wp-content\/uploads\/2025\/12\/Chart-einfacher-Bueroalltag.png?resize=150%2C200&ssl=1",150,200,true],"newspack-article-block-square-tiny":["https:\/\/i0.wp.com\/monikatschudi-techart.com\/wp-content\/uploads\/2025\/12\/Chart-einfacher-Bueroalltag.png?resize=200%2C200&ssl=1",200,200,true],"newspack-article-block-uncropped":["https:\/\/i0.wp.com\/monikatschudi-techart.com\/wp-content\/uploads\/2025\/12\/Chart-einfacher-Bueroalltag.png?fit=1200%2C675&ssl=1",1200,675,true],"et-pb-post-main-image":["https:\/\/i0.wp.com\/monikatschudi-techart.com\/wp-content\/uploads\/2025\/12\/Chart-einfacher-Bueroalltag.png?resize=400%2C250&ssl=1",400,250,true],"et-pb-post-main-image-fullwidth":["https:\/\/i0.wp.com\/monikatschudi-techart.com\/wp-content\/uploads\/2025\/12\/Chart-einfacher-Bueroalltag.png?resize=1080%2C675&ssl=1",1080,675,true],"et-pb-portfolio-image":["https:\/\/i0.wp.com\/monikatschudi-techart.com\/wp-content\/uploads\/2025\/12\/Chart-einfacher-Bueroalltag.png?resize=400%2C284&ssl=1",400,284,true],"et-pb-portfolio-module-image":["https:\/\/i0.wp.com\/monikatschudi-techart.com\/wp-content\/uploads\/2025\/12\/Chart-einfacher-Bueroalltag.png?resize=510%2C382&ssl=1",510,382,true],"et-pb-portfolio-image-single":["https:\/\/i0.wp.com\/monikatschudi-techart.com\/wp-content\/uploads\/2025\/12\/Chart-einfacher-Bueroalltag.png?fit=1080%2C608&ssl=1",1080,608,true],"et-pb-gallery-module-image-portrait":["https:\/\/i0.wp.com\/monikatschudi-techart.com\/wp-content\/uploads\/2025\/12\/Chart-einfacher-Bueroalltag.png?resize=400%2C516&ssl=1",400,516,true],"et-pb-post-main-image-fullwidth-large":["https:\/\/i0.wp.com\/monikatschudi-techart.com\/wp-content\/uploads\/2025\/12\/Chart-einfacher-Bueroalltag.png?resize=1200%2C675&ssl=1",1200,675,true],"et-pb-image--responsive--desktop":["https:\/\/i0.wp.com\/monikatschudi-techart.com\/wp-content\/uploads\/2025\/12\/Chart-einfacher-Bueroalltag.png?resize=1200%2C675&ssl=1",1200,675,true],"et-pb-image--responsive--tablet":["https:\/\/i0.wp.com\/monikatschudi-techart.com\/wp-content\/uploads\/2025\/12\/Chart-einfacher-Bueroalltag.png?resize=980%2C551&ssl=1",980,551,true],"et-pb-image--responsive--phone":["https:\/\/i0.wp.com\/monikatschudi-techart.com\/wp-content\/uploads\/2025\/12\/Chart-einfacher-Bueroalltag.png?resize=480%2C270&ssl=1",480,270,true],"d4p-bbp-thumb":["https:\/\/i0.wp.com\/monikatschudi-techart.com\/wp-content\/uploads\/2025\/12\/Chart-einfacher-Bueroalltag.png?resize=128%2C72&ssl=1",128,72,true],"woocommerce_thumbnail":["https:\/\/i0.wp.com\/monikatschudi-techart.com\/wp-content\/uploads\/2025\/12\/Chart-einfacher-Bueroalltag.png?resize=300%2C300&ssl=1",300,300,true],"woocommerce_single":["https:\/\/i0.wp.com\/monikatschudi-techart.com\/wp-content\/uploads\/2025\/12\/Chart-einfacher-Bueroalltag.png?fit=600%2C338&ssl=1",600,338,true],"woocommerce_gallery_thumbnail":["https:\/\/i0.wp.com\/monikatschudi-techart.com\/wp-content\/uploads\/2025\/12\/Chart-einfacher-Bueroalltag.png?resize=100%2C100&ssl=1",100,100,true]},"uagb_author_info":{"display_name":"Monika Tschudi","author_link":"https:\/\/monikatschudi-techart.com\/en\/author\/motschudi\/"},"uagb_comment_info":0,"uagb_excerpt":"Ein gut abgestimmter B\u00fcroalltag erleichtert dir die Arbeit massiv und spart nicht nur Zeit, sondern auch Nerven. Zeit, die du wieder in Auftr\u00e4ge investieren kannst, um deinen Umsatz zu steigern.Vor allem als Selbstst\u00e4ndiger im Handwerk bist du darauf angewiesen, dass dein B\u00fcro-Anteil so gering wie m\u00f6glich ausf\u00e4llt. Denn je mehr du im B\u00fcro sitzt, umso&hellip;","jetpack_likes_enabled":true,"jetpack_sharing_enabled":true,"jetpack_shortlink":"https:\/\/wp.me\/PdV0az-1FR","jetpack-related-posts":[],"_links":{"self":[{"href":"https:\/\/monikatschudi-techart.com\/en\/wp-json\/wp\/v2\/pages\/6439","targetHints":{"allow":["GET"]}}],"collection":[{"href":"https:\/\/monikatschudi-techart.com\/en\/wp-json\/wp\/v2\/pages"}],"about":[{"href":"https:\/\/monikatschudi-techart.com\/en\/wp-json\/wp\/v2\/types\/page"}],"author":[{"embeddable":true,"href":"https:\/\/monikatschudi-techart.com\/en\/wp-json\/wp\/v2\/users\/220149267"}],"replies":[{"embeddable":true,"href":"https:\/\/monikatschudi-techart.com\/en\/wp-json\/wp\/v2\/comments?post=6439"}],"version-history":[{"count":50,"href":"https:\/\/monikatschudi-techart.com\/en\/wp-json\/wp\/v2\/pages\/6439\/revisions"}],"predecessor-version":[{"id":8313,"href":"https:\/\/monikatschudi-techart.com\/en\/wp-json\/wp\/v2\/pages\/6439\/revisions\/8313"}],"wp:featuredmedia":[{"embeddable":true,"href":"https:\/\/monikatschudi-techart.com\/en\/wp-json\/wp\/v2\/media\/6530"}],"wp:attachment":[{"href":"https:\/\/monikatschudi-techart.com\/en\/wp-json\/wp\/v2\/media?parent=6439"}],"wp:term":[{"taxonomy":"wf_page_folders","embeddable":true,"href":"https:\/\/monikatschudi-techart.com\/en\/wp-json\/wp\/v2\/wf_page_folders?post=6439"}],"curies":[{"name":"wp","href":"https:\/\/api.w.org\/{rel}","templated":true}]}}