{"id":5089,"date":"2025-09-08T08:17:44","date_gmt":"2025-09-08T06:17:44","guid":{"rendered":"https:\/\/monikatschudi-techart.com\/?page_id=5089"},"modified":"2025-09-08T08:44:51","modified_gmt":"2025-09-08T06:44:51","slug":"anleitung-consiflow-abonnieren","status":"publish","type":"page","link":"https:\/\/monikatschudi-techart.com\/en\/anleitung-consiflow-abonnieren\/","title":{"rendered":"Anleitung &#8211; ConsiFlow abonnieren"},"content":{"rendered":"<p>[et_pb_section fb_built=&#8221;1&#8243; _builder_version=&#8221;4.25.0&#8243; _module_preset=&#8221;default&#8221; global_colors_info=&#8221;{}&#8221;][et_pb_row _builder_version=&#8221;4.25.0&#8243; _module_preset=&#8221;default&#8221; global_colors_info=&#8221;{}&#8221;][et_pb_column type=&#8221;4_4&#8243; _builder_version=&#8221;4.25.0&#8243; _module_preset=&#8221;default&#8221; global_colors_info=&#8221;{}&#8221;][et_pb_heading title=&#8221;Anleitung &#8211; ConsiFlow abonnieren&#8221; _builder_version=&#8221;4.25.0&#8243; _module_preset=&#8221;default&#8221; hover_enabled=&#8221;0&#8243; global_colors_info=&#8221;{}&#8221; sticky_enabled=&#8221;0&#8243;][\/et_pb_heading][\/et_pb_column][\/et_pb_row][et_pb_row _builder_version=&#8221;4.25.0&#8243; _module_preset=&#8221;default&#8221; global_colors_info=&#8221;{}&#8221;][et_pb_column type=&#8221;4_4&#8243; _builder_version=&#8221;4.25.0&#8243; _module_preset=&#8221;default&#8221; global_colors_info=&#8221;{}&#8221;][et_pb_text _builder_version=&#8221;4.25.0&#8243; _module_preset=&#8221;default&#8221; global_colors_info=&#8221;{}&#8221;]<\/p>\n<h2>Plan ausw\u00e4hlen<\/h2>\n<p>Wenn du Consi abonnieren m\u00f6chtest, klicke auf den Button der dich zu den Pl\u00e4nen leitet.<\/p>\n<p>W\u00e4hle dort deinen Plan.<\/p>\n<p>&nbsp;<\/p>\n<h2>Deine Daten erfassen<\/h2>\n<p>Gib anschliessend deine Daten an und best\u00e4tige die Anmeldung.<\/p>\n<p>&nbsp;<\/p>\n<h2>Best\u00e4tigung<\/h2>\n<p>Nach der Anmeldung bekommst du eine E-Mail mit der Best\u00e4tigung und deinen Zugangsdaten.<\/p>\n<p>&nbsp;<\/p>\n<h2>Abrechnung 1. Rate<\/h2>\n<p>Zeitgleich wird dir automatisch die erste Rate des Abonnements, auf der von dir hinterlegten Zahlungsart, abgerechnet.<\/p>\n<p>&nbsp;<\/p>\n<h2>Zugang zu ConsiFlow<\/h2>\n<p>Sobald du deine Zugangsdaten erhalten hast, kannst du zur Webseite gehen und dort auf den Button &#8220;Zum ConsiFlow Mitgliederbereich&#8221; klicken und dich mit deinen Zugangsdaten anmelden.<\/p>\n<p>Anschliessend landest du auf der ConsiFlow Startseite, wo du auf die f\u00fcr dein Plan freigeschalteten Inhalte nutzen kannst.<\/p>\n<p>&nbsp;<\/p>\n<p><strong>Ich w\u00fcnsche dir viel Spass mit ConsiFlow &#8211; und dass sie dir in vielen Dingen helfen kann, deinen Alltag einfacher zu gestalten<\/strong> \ud83d\ude04<\/p>\n<p>&nbsp;<\/p>\n<p>&nbsp;<\/p>\n<p>[\/et_pb_text][et_pb_divider _builder_version=&#8221;4.25.0&#8243; _module_preset=&#8221;default&#8221; color=&#8221;#000000&#8243; hover_enabled=&#8221;0&#8243; sticky_enabled=&#8221;0&#8243;][\/et_pb_divider][et_pb_text _builder_version=&#8221;4.25.0&#8243; _module_preset=&#8221;default&#8221; hover_enabled=&#8221;0&#8243; sticky_enabled=&#8221;0&#8243; custom_padding=&#8221;||72px|||&#8221;]<\/p>\n<h2>Plan Business Basic<\/h2>\n<p>&nbsp;<\/p>\n<h3>Anmeldung Lizenznehmer<\/h3>\n<p>Nachdem der Anmeldeprozess abgeschlossen ist, erfasse ich manuell deine Mitarbeiter, die die Lizenzen nutzen sollen. Sende mir bitte daf\u00fcr eine E-Mail an <a href=\"mailto:Moni@monikatschudi-techart.com\">Moni@monikatschudi-techart.com<\/a> mit den E-Mail-Adressen (inkl. deiner) und vollst\u00e4ndigen Namen der Mitarbeiter (max. 10 E-Mail Adressen)<\/p>\n<p>Sobald ich deine Mitarbeiter erfasst habe, kriegt jeder seine Zugangsdaten per E-Mail zugestellt und kann sich direkt einloggen und ConsiFlow gem\u00e4ss Plan nutzen.<\/p>\n<p>[\/et_pb_text][et_pb_divider _builder_version=&#8221;4.25.0&#8243; _module_preset=&#8221;default&#8221; color=&#8221;#000000&#8243; hover_enabled=&#8221;0&#8243; sticky_enabled=&#8221;0&#8243;][\/et_pb_divider][et_pb_text _builder_version=&#8221;4.25.0&#8243; _module_preset=&#8221;default&#8221; hover_enabled=&#8221;0&#8243; sticky_enabled=&#8221;0&#8243;]<\/p>\n<h2>Kostenloser Testzugang<\/h2>\n<p>&nbsp;<\/p>\n<h3>Keine Abrechnung<\/h3>\n<p>W\u00e4hrend der 10 Tage, in der du ConsiFlow kostenlos testen kannst, fallen keine Kosten an.\u00a0<\/p>\n<p>&nbsp;<\/p>\n<h3>Ablauf<\/h3>\n<p>Sobald die 10 Tage um sind, wird der Zugang gesperrt.\u00a0<\/p>\n<p>&nbsp;<\/p>\n<h3>Upgrade jederzeit m\u00f6glich<\/h3>\n<p>Du kannst den Plan w\u00e4hrend der Testphase jederzeit upgraden.\u00a0<\/p>\n<p>Wenn dir nach Ablauf der Testphase ConsiFlow gef\u00e4llt, kannst du einen Plan w\u00e4hlen und direkt loslegen.\u00a0<\/p>\n<p>[\/et_pb_text][\/et_pb_column][\/et_pb_row][\/et_pb_section]<\/p>\n","protected":false},"excerpt":{"rendered":"<p>Plan ausw\u00e4hlen Wenn du Consi abonnieren m\u00f6chtest, klicke auf den Button der dich zu den Pl\u00e4nen leitet. W\u00e4hle dort deinen Plan. &nbsp; Deine Daten erfassen Gib anschliessend deine Daten an und best\u00e4tige die Anmeldung. &nbsp; Best\u00e4tigung Nach der Anmeldung bekommst du eine E-Mail mit der Best\u00e4tigung und deinen Zugangsdaten. &nbsp; Abrechnung 1. Rate Zeitgleich wird [&hellip;]<\/p>\n","protected":false},"author":220149267,"featured_media":0,"parent":0,"menu_order":0,"comment_status":"closed","ping_status":"closed","template":"","meta":{"_bbp_topic_count":0,"_bbp_reply_count":0,"_bbp_total_topic_count":0,"_bbp_total_reply_count":0,"_bbp_voice_count":0,"_bbp_anonymous_reply_count":0,"_bbp_topic_count_hidden":0,"_bbp_reply_count_hidden":0,"_bbp_forum_subforum_count":0,"_et_pb_use_builder":"on","_et_pb_old_content":"","_et_gb_content_width":"","om_disable_all_campaigns":false,"pmpro_default_level":"","_uag_custom_page_level_css":"","_monsterinsights_skip_tracking":false,"_monsterinsights_sitenote_active":false,"_monsterinsights_sitenote_note":"","_monsterinsights_sitenote_category":0,"_uf_show_specific_survey":0,"_uf_disable_surveys":false,"footnotes":""},"wf_page_folders":[3069],"class_list":["post-5089","page","type-page","status-publish","hentry","pmpro-has-access"],"aioseo_notices":[],"uagb_featured_image_src":{"full":false,"thumbnail":false,"medium":false,"medium_large":false,"large":false,"1536x1536":false,"2048x2048":false,"trp-custom-language-flag":false,"newspack-article-block-landscape-large":false,"newspack-article-block-portrait-large":false,"newspack-article-block-square-large":false,"newspack-article-block-landscape-medium":false,"newspack-article-block-portrait-medium":false,"newspack-article-block-square-medium":false,"newspack-article-block-landscape-intermediate":false,"newspack-article-block-portrait-intermediate":false,"newspack-article-block-square-intermediate":false,"newspack-article-block-landscape-small":false,"newspack-article-block-portrait-small":false,"newspack-article-block-square-small":false,"newspack-article-block-landscape-tiny":false,"newspack-article-block-portrait-tiny":false,"newspack-article-block-square-tiny":false,"newspack-article-block-uncropped":false,"et-pb-post-main-image":false,"et-pb-post-main-image-fullwidth":false,"et-pb-portfolio-image":false,"et-pb-portfolio-module-image":false,"et-pb-portfolio-image-single":false,"et-pb-gallery-module-image-portrait":false,"et-pb-post-main-image-fullwidth-large":false,"et-pb-image--responsive--desktop":false,"et-pb-image--responsive--tablet":false,"et-pb-image--responsive--phone":false,"d4p-bbp-thumb":false,"woocommerce_thumbnail":false,"woocommerce_single":false,"woocommerce_gallery_thumbnail":false},"uagb_author_info":{"display_name":"Monika Tschudi","author_link":"https:\/\/monikatschudi-techart.com\/en\/author\/motschudi\/"},"uagb_comment_info":0,"uagb_excerpt":"Plan ausw\u00e4hlen Wenn du Consi abonnieren m\u00f6chtest, klicke auf den Button der dich zu den Pl\u00e4nen leitet. W\u00e4hle dort deinen Plan. &nbsp; Deine Daten erfassen Gib anschliessend deine Daten an und best\u00e4tige die Anmeldung. &nbsp; Best\u00e4tigung Nach der Anmeldung bekommst du eine E-Mail mit der Best\u00e4tigung und deinen Zugangsdaten. &nbsp; Abrechnung 1. Rate Zeitgleich wird&hellip;","jetpack_likes_enabled":true,"jetpack_sharing_enabled":true,"jetpack_shortlink":"https:\/\/wp.me\/PdV0az-1k5","jetpack-related-posts":[],"_links":{"self":[{"href":"https:\/\/monikatschudi-techart.com\/en\/wp-json\/wp\/v2\/pages\/5089","targetHints":{"allow":["GET"]}}],"collection":[{"href":"https:\/\/monikatschudi-techart.com\/en\/wp-json\/wp\/v2\/pages"}],"about":[{"href":"https:\/\/monikatschudi-techart.com\/en\/wp-json\/wp\/v2\/types\/page"}],"author":[{"embeddable":true,"href":"https:\/\/monikatschudi-techart.com\/en\/wp-json\/wp\/v2\/users\/220149267"}],"replies":[{"embeddable":true,"href":"https:\/\/monikatschudi-techart.com\/en\/wp-json\/wp\/v2\/comments?post=5089"}],"version-history":[{"count":7,"href":"https:\/\/monikatschudi-techart.com\/en\/wp-json\/wp\/v2\/pages\/5089\/revisions"}],"predecessor-version":[{"id":5102,"href":"https:\/\/monikatschudi-techart.com\/en\/wp-json\/wp\/v2\/pages\/5089\/revisions\/5102"}],"wp:attachment":[{"href":"https:\/\/monikatschudi-techart.com\/en\/wp-json\/wp\/v2\/media?parent=5089"}],"wp:term":[{"taxonomy":"wf_page_folders","embeddable":true,"href":"https:\/\/monikatschudi-techart.com\/en\/wp-json\/wp\/v2\/wf_page_folders?post=5089"}],"curies":[{"name":"wp","href":"https:\/\/api.w.org\/{rel}","templated":true}]}}