{"id":3894,"date":"2025-08-22T08:56:48","date_gmt":"2025-08-22T06:56:48","guid":{"rendered":"https:\/\/monikatschudi-techart.com\/?page_id=3894"},"modified":"2026-04-23T13:28:52","modified_gmt":"2026-04-23T11:28:52","slug":"downloads","status":"publish","type":"page","link":"https:\/\/monikatschudi-techart.com\/en\/downloads\/","title":{"rendered":"Downloads"},"content":{"rendered":"<p>[et_pb_section fb_built=&#8221;1&#8243; _builder_version=&#8221;4.25.0&#8243; _module_preset=&#8221;default&#8221; global_colors_info=&#8221;{}&#8221;][et_pb_row _builder_version=&#8221;4.25.0&#8243; _module_preset=&#8221;default&#8221; global_colors_info=&#8221;{}&#8221;][et_pb_column type=&#8221;4_4&#8243; _builder_version=&#8221;4.25.0&#8243; _module_preset=&#8221;default&#8221; global_colors_info=&#8221;{}&#8221;][et_pb_text _builder_version=&#8221;4.25.0&#8243; _module_preset=&#8221;default&#8221; global_colors_info=&#8221;{}&#8221;]<\/p>\n<div class=\"aioseo-breadcrumbs\"><span class=\"aioseo-breadcrumb\">\n\t\t\tWebseite\n\t\t<\/span><\/div>\n<p>[\/et_pb_text][\/et_pb_column][\/et_pb_row][et_pb_row _builder_version=&#8221;4.25.0&#8243; _module_preset=&#8221;default&#8221; background_color=&#8221;#829EAC&#8221; border_radii=&#8221;on|10px|10px|10px|10px&#8221; global_colors_info=&#8221;{}&#8221;][et_pb_column type=&#8221;4_4&#8243; _builder_version=&#8221;4.25.0&#8243; _module_preset=&#8221;default&#8221; global_colors_info=&#8221;{}&#8221;][et_pb_heading title=&#8221;Downloads&#8221; _builder_version=&#8221;4.25.0&#8243; _module_preset=&#8221;default&#8221; title_font=&#8221;|||on|||||&#8221; title_text_align=&#8221;center&#8221; title_text_color=&#8221;#FFFFFF&#8221; global_colors_info=&#8221;{}&#8221;][\/et_pb_heading][\/et_pb_column][\/et_pb_row][et_pb_row _builder_version=&#8221;4.25.0&#8243; _module_preset=&#8221;default&#8221; global_colors_info=&#8221;{}&#8221;][et_pb_column type=&#8221;4_4&#8243; _builder_version=&#8221;4.25.0&#8243; _module_preset=&#8221;default&#8221; global_colors_info=&#8221;{}&#8221;][et_pb_text _builder_version=&#8221;4.25.0&#8243; _module_preset=&#8221;default&#8221; global_colors_info=&#8221;{}&#8221;]<\/p>\n<p>Um dir deinen Arbeitsalltag zu erleichtern, stelle ich dir kostenlose Download Dateien zur Verf\u00fcgung. Vorlagen, Hilfsmittel oder Konzepte, die dir helfen, deine Prozesse &amp; Abl\u00e4ufe zu erleichtern.<\/p>\n<p>[\/et_pb_text][\/et_pb_column][\/et_pb_row][et_pb_row column_structure=&#8221;1_2,1_2&#8243; _builder_version=&#8221;4.25.0&#8243; _module_preset=&#8221;default&#8221; global_colors_info=&#8221;{}&#8221;][et_pb_column type=&#8221;1_2&#8243; _builder_version=&#8221;4.25.0&#8243; _module_preset=&#8221;default&#8221; global_colors_info=&#8221;{}&#8221;][et_pb_code _builder_version=&#8221;4.25.0&#8243; _module_preset=&#8221;default&#8221; global_colors_info=&#8221;{}&#8221;]<div class=\"sdm_download_item \"><div class=\"sdm_download_item_top\"><div class=\"sdm_download_thumbnail\"><img data-recalc-dims=\"1\" decoding=\"async\" class=\"sdm_download_thumbnail_image\" src=\"https:\/\/i0.wp.com\/monikatschudi-techart.com\/wp-content\/uploads\/2025\/08\/Thumbnail-Ablefy-2.png?w=1080&#038;ssl=1\" alt = \"8 Konzepte f\u00fcr die Tagesplanung\" \/><\/div><div class=\"sdm_download_title\">8 Konzepte f\u00fcr die Tagesplanung<\/div><\/div><div style=\"clear:both;\"><\/div><div class=\"sdm_download_description\"><p>Im kostenlosen PDF zeige ich dir acht Konzepte, die du f\u00fcr deine t\u00e4gliche Arbeitsplanung testen und nutzen kannst. Damit der B\u00fcroalltag einfacher wird.<\/p>\n<\/div><div class=\"sdm_download_link\"><span class=\"sdm_download_button\"><a href=\"https:\/\/monikatschudi-techart.com\/en\/?sdm_process_download=1&download_id=4368\" class=\"sdm_download green\" title=\"8 Konzepte f\u00fcr die Tagesplanung\" target=\"_blank\">Jetzt herunterladen<\/a><\/span><span class=\"sdm_download_item_count\"><span class=\"sdm_item_count_number\">84<\/span><span class=\"sdm_item_count_string\"> Downloads<\/span><\/span><\/div><\/div><div class=\"sdm_clear_float\"><\/div>[\/et_pb_code][\/et_pb_column][et_pb_column type=&#8221;1_2&#8243; _builder_version=&#8221;4.25.0&#8243; _module_preset=&#8221;default&#8221; global_colors_info=&#8221;{}&#8221;][et_pb_code _builder_version=&#8221;4.25.0&#8243; _module_preset=&#8221;default&#8221; global_colors_info=&#8221;{}&#8221;]<div class=\"sdm_download_item \"><div class=\"sdm_download_item_top\"><div class=\"sdm_download_thumbnail\"><img data-recalc-dims=\"1\" decoding=\"async\" class=\"sdm_download_thumbnail_image\" src=\"https:\/\/i0.wp.com\/monikatschudi-techart.com\/wp-content\/uploads\/2025\/08\/Thumbnail-WP-1.png?w=1080&#038;ssl=1\" alt = \"Vorlage f\u00fcr deine Tagesplanung\" \/><\/div><div class=\"sdm_download_title\">Vorlage f\u00fcr deine Tagesplanung<\/div><\/div><div style=\"clear:both;\"><\/div><div class=\"sdm_download_description\"><p>Kostenlose Vorlage f\u00fcr deine Tagesplanung im B\u00fcroalltag.<\/p>\n<\/div><div class=\"sdm_download_link\"><span class=\"sdm_download_button\"><a href=\"https:\/\/monikatschudi-techart.com\/en\/?sdm_process_download=1&download_id=4377\" class=\"sdm_download green\" title=\"Vorlage f\u00fcr deine Tagesplanung\" target=\"_blank\">Jetzt herunterladen<\/a><\/span><span class=\"sdm_download_item_count\"><span class=\"sdm_item_count_number\">67<\/span><span class=\"sdm_item_count_string\"> Downloads<\/span><\/span><\/div><\/div><div class=\"sdm_clear_float\"><\/div>[\/et_pb_code][\/et_pb_column][\/et_pb_row][et_pb_row _builder_version=&#8221;4.25.0&#8243; _module_preset=&#8221;default&#8221; global_colors_info=&#8221;{}&#8221;][et_pb_column type=&#8221;4_4&#8243; _builder_version=&#8221;4.25.0&#8243; _module_preset=&#8221;default&#8221; global_colors_info=&#8221;{}&#8221;][et_pb_divider color=&#8221;gcid-a8b5263b-34cd-4be8-ad1d-acf6882d7838&#8243; _builder_version=&#8221;4.25.0&#8243; _module_preset=&#8221;default&#8221; background_enable_color=&#8221;off&#8221; max_width=&#8221;100%&#8221; global_colors_info=&#8221;{%22gcid-secondary-color%22:%91%22background_color%22%93,%22gcid-a8b5263b-34cd-4be8-ad1d-acf6882d7838%22:%91%22color%22%93}&#8221;][\/et_pb_divider][\/et_pb_column][\/et_pb_row][et_pb_row _builder_version=&#8221;4.25.0&#8243; _module_preset=&#8221;default&#8221; background_color=&#8221;#8DBEA3&#8243; border_radii=&#8221;on|10px|10px|10px|10px&#8221; global_colors_info=&#8221;{}&#8221;][et_pb_column type=&#8221;4_4&#8243; _builder_version=&#8221;4.25.0&#8243; _module_preset=&#8221;default&#8221; global_colors_info=&#8221;{}&#8221;][et_pb_heading title=&#8221;Downloads f\u00fcr ConsiFlow Mitglieder&#8221; _builder_version=&#8221;4.25.0&#8243; _module_preset=&#8221;default&#8221; title_font=&#8221;|||on|||||&#8221; title_text_align=&#8221;center&#8221; title_text_color=&#8221;#FFFFFF&#8221; global_colors_info=&#8221;{}&#8221;][\/et_pb_heading][\/et_pb_column][\/et_pb_row][et_pb_row column_structure=&#8221;1_2,1_2&#8243; _builder_version=&#8221;4.25.0&#8243; _module_preset=&#8221;default&#8221; global_colors_info=&#8221;{}&#8221;][et_pb_column type=&#8221;1_2&#8243; _builder_version=&#8221;4.25.0&#8243; _module_preset=&#8221;default&#8221; global_colors_info=&#8221;{}&#8221;][et_pb_text _builder_version=&#8221;4.25.0&#8243; _module_preset=&#8221;default&#8221; global_colors_info=&#8221;{}&#8221;]<\/p>\n<h3>ConsiFlow Mitglied<\/h3>\n<p>Bitte logge dich ein, um unten auf der Seite die Downloads zu sehen.<\/p>\n<p>[\/et_pb_text][\/et_pb_column][et_pb_column type=&#8221;1_2&#8243; _builder_version=&#8221;4.25.0&#8243; _module_preset=&#8221;default&#8221; global_colors_info=&#8221;{}&#8221;][et_pb_text _builder_version=&#8221;4.25.0&#8243; _module_preset=&#8221;default&#8221; text_text_color=&#8221;#FFFFFF&#8221; background_color=&#8221;#DFB758&#8243; custom_padding=&#8221;5px||5px|10px|false|false&#8221; global_colors_info=&#8221;{}&#8221;]<\/p>\n<p>Noch kein Mitglied? Dann nichts wie ab auf die Seite von Consi, wo du alle Informationen bekommst!<\/p>\n<p>[\/et_pb_text][et_pb_icon font_icon=&#8221;&#x22;||divi||400&#8243; icon_color=&#8221;#DFB758&#8243; _builder_version=&#8221;4.25.0&#8243; _module_preset=&#8221;default&#8221; custom_padding=&#8221;||0px|||&#8221; global_colors_info=&#8221;{}&#8221;][\/et_pb_icon][et_pb_button button_url=&#8221;@ET-DC@eyJkeW5hbWljIjp0cnVlLCJjb250ZW50IjoicG9zdF9saW5rX3VybF9wYWdlIiwic2V0dGluZ3MiOnsicG9zdF9pZCI6IjMzMzcifX0=@&#8221; button_text=&#8221;Zur Consi Infoseite&#8221; button_alignment=&#8221;center&#8221; _builder_version=&#8221;4.25.0&#8243; _dynamic_attributes=&#8221;button_url&#8221; _module_preset=&#8221;default&#8221; custom_button=&#8221;on&#8221; button_text_color=&#8221;#FFFFFF&#8221; button_bg_color=&#8221;#E06100&#8243; button_border_radius=&#8221;10px&#8221; button_font=&#8221;|||on|||||&#8221; global_colors_info=&#8221;{}&#8221;][\/et_pb_button][\/et_pb_column][\/et_pb_row][et_pb_row _builder_version=&#8221;4.25.0&#8243; _module_preset=&#8221;default&#8221; global_colors_info=&#8221;{}&#8221;][et_pb_column type=&#8221;4_4&#8243; _builder_version=&#8221;4.25.0&#8243; _module_preset=&#8221;default&#8221; global_colors_info=&#8221;{}&#8221;][et_pb_divider color=&#8221;#6B6B6B&#8221; _builder_version=&#8221;4.25.0&#8243; _module_preset=&#8221;default&#8221; background_color=&#8221;rgba(255,237,190,0.63)&#8221; border_color_all=&#8221;#FFEDBE&#8221; global_colors_info=&#8221;{}&#8221;][\/et_pb_divider][\/et_pb_column][\/et_pb_row][et_pb_row _builder_version=&#8221;4.25.0&#8243; _module_preset=&#8221;default&#8221; global_colors_info=&#8221;{}&#8221;][et_pb_column type=&#8221;4_4&#8243; _builder_version=&#8221;4.25.0&#8243; _module_preset=&#8221;default&#8221; global_colors_info=&#8221;{}&#8221;][et_pb_text _builder_version=&#8221;4.25.0&#8243; _module_preset=&#8221;default&#8221; global_colors_info=&#8221;{}&#8221;]<\/p>\n<h3>Verf\u00fcgbare Downloads f\u00fcr Mitglieder<\/h3>\n<p>&#8211; Einfache Buchhaltung<\/p>\n<p>[\/et_pb_text][\/et_pb_column][\/et_pb_row][\/et_pb_section][et_pb_section fb_built=&#8221;1&#8243; _builder_version=&#8221;4.25.0&#8243; _module_preset=&#8221;default&#8221; paid-memberships-pro=&#8221;8&#8243; pmpro_show_no_access_message=&#8221;on&#8221; global_colors_info=&#8221;{}&#8221;][et_pb_row _builder_version=&#8221;4.25.0&#8243; _module_preset=&#8221;default&#8221; global_colors_info=&#8221;{}&#8221;][et_pb_column type=&#8221;4_4&#8243; _builder_version=&#8221;4.25.0&#8243; _module_preset=&#8221;default&#8221; global_colors_info=&#8221;{}&#8221;][et_pb_heading title=&#8221;Deine Unterst\u00fctzung hilft mir&#8221; _builder_version=&#8221;4.25.0&#8243; _module_preset=&#8221;default&#8221; title_level=&#8221;h3&#8243; global_colors_info=&#8221;{}&#8221;][\/et_pb_heading][\/et_pb_column][\/et_pb_row][et_pb_row _builder_version=&#8221;4.25.0&#8243; _module_preset=&#8221;default&#8221; global_colors_info=&#8221;{}&#8221;][et_pb_column type=&#8221;4_4&#8243; _builder_version=&#8221;4.25.0&#8243; _module_preset=&#8221;default&#8221; global_colors_info=&#8221;{}&#8221;][et_pb_text _builder_version=&#8221;4.25.0&#8243; _module_preset=&#8221;default&#8221; global_colors_info=&#8221;{}&#8221;]<\/p>\n<p>Die Erstellung der Anleitungsvideos und Tools, sowie die ganze Hilfestellung auf ConsiFlow, ist eine zeitintensive Aufgabe, die ich aber sehr gerne f\u00fcr dich mache.<br \/>Ziel von ConsiFlow ist es, dir den B\u00fcroalltag so einfach wie m\u00f6glich zu gestalten.<\/p>\n<p>Daher stelle ich dir die Tools auch kostenlos zur Verf\u00fcgung.<\/p>\n<p>Damit der Abo-Preis f\u00fcr beide Seiten fair bleibt, w\u00fcrde ich mich \u00fcber eine kleinen Zustupf freuen. Nat\u00fcrlich nur wenn du magst. <br \/>Dieser wird nat\u00fcrlich sinnvoll eingesetzt&#8230; f\u00fcr Kaffee zum Beispiel.<\/p>\n<p>Damit ich mit voller Energie weitermachen kann. \ud83e\udee8\ud83e\udeb0<\/p>\n<p>PayPal: <a href=\"https:\/\/www.paypal.com\/paypalme\/monikatschudi\">https:\/\/www.paypal.com\/paypalme\/monikatschudi<\/a><\/p>\n<p>Vielen Dank f\u00fcr deine Unterst\u00fctzung \ud83d\ude04<\/p>\n<p>[\/et_pb_text][\/et_pb_column][\/et_pb_row][et_pb_row column_structure=&#8221;1_2,1_2&#8243; _builder_version=&#8221;4.25.0&#8243; _module_preset=&#8221;default&#8221; pmpro_show_no_access_message=&#8221;on&#8221; border_radii=&#8221;on|10px|10px|10px|10px&#8221; border_width_all=&#8221;1px&#8221; border_color_all=&#8221;#8A6B6B&#8221; global_colors_info=&#8221;{}&#8221;][et_pb_column type=&#8221;1_2&#8243; _builder_version=&#8221;4.25.0&#8243; _module_preset=&#8221;default&#8221; global_colors_info=&#8221;{}&#8221;][et_pb_heading title=&#8221;Download&#8221; _builder_version=&#8221;4.25.0&#8243; _module_preset=&#8221;default&#8221; background_color=&#8221;#EFC7A4&#8243; global_colors_info=&#8221;{}&#8221;][\/et_pb_heading][et_pb_text _builder_version=&#8221;4.25.0&#8243; _module_preset=&#8221;default&#8221; global_colors_info=&#8221;{}&#8221;]<\/p>\n<div class=\"sdm_download_item \"><div class=\"sdm_download_item_top\"><div class=\"sdm_download_thumbnail\"><\/div><div class=\"sdm_download_title\">Tool &#8211; Buchhaltung<\/div><\/div><div style=\"clear:both;\"><\/div><div class=\"sdm_download_description\"><p>Einfache Buchhaltung in Excel<\/p>\n<\/div><div class=\"sdm_download_link\"><span class=\"sdm_download_button\"><a href=\"https:\/\/monikatschudi-techart.com\/en\/?sdm_process_download=1&download_id=8153\" class=\"sdm_download green\" title=\"Tool &#8211; Buchhaltung\" target=\"_blank\">Herunterladen<\/a><\/span><span class=\"sdm_download_item_count\"><span class=\"sdm_item_count_number\">5<\/span><span class=\"sdm_item_count_string\"> Downloads<\/span><\/span><\/div><\/div><div class=\"sdm_clear_float\"><\/div>\n<p>[\/et_pb_text][et_pb_heading title=&#8221;Die umfangreichere Variante&#8221; _builder_version=&#8221;4.25.0&#8243; _module_preset=&#8221;default&#8221; title_level=&#8221;h2&#8243; background_color=&#8221;#EFC7A4&#8243; global_colors_info=&#8221;{}&#8221;][\/et_pb_heading][et_pb_shop type=&#8221;product_category&#8221; include_categories=&#8221;3291&#8243; _builder_version=&#8221;4.25.0&#8243; _module_preset=&#8221;default&#8221; global_colors_info=&#8221;{}&#8221;][\/et_pb_shop][\/et_pb_column][et_pb_column type=&#8221;1_2&#8243; _builder_version=&#8221;4.25.0&#8243; _module_preset=&#8221;default&#8221; global_colors_info=&#8221;{}&#8221;][et_pb_heading title=&#8221;Anleitung zur Download-Datei&#8221; _builder_version=&#8221;4.25.0&#8243; _module_preset=&#8221;default&#8221; background_color=&#8221;#EFC7A4&#8243; global_colors_info=&#8221;{}&#8221;][\/et_pb_heading][et_pb_text _builder_version=&#8221;4.25.0&#8243; _module_preset=&#8221;default&#8221; global_colors_info=&#8221;{}&#8221;]<\/p>\n<p><strong>Installation<\/strong><br \/>Nach dem Download die Excel-Datei \u00f6ffnen -&gt; Datei -&gt; speichern unter<br \/>Der Datei einen Namen geben und am gew\u00fcnschten Ort abspeichern.<\/p>\n<p><strong>Setup<\/strong><br \/>Im Reiter (Blatt) &#8220;Hilfstabellen&#8221; die beiden Tabellen &#8220;Konto (Bank)&#8221; und &#8220;Kostenstellen \/ Kategorien&#8221; mit deinen Daten bef\u00fcllen<\/p>\n<p>Fertig -&gt; du kannst nun im Reiter &#8220;Buchhaltung&#8221; deine Eintr\u00e4ge machen. Spalten D, H &amp; I sind gesperrt, damit die Formeln nicht \u00fcberschrieben werden k\u00f6nnen.<\/p>\n<p><strong>Wichtige Hinweise<\/strong><br \/>Die beiden Reiter &#8220;Buchhaltung&#8221; &amp; &#8220;Gewinn &#8211; Statistik&#8221; sind mit einem Blattschutz versehen. Den Blattschutz kannst du ohne Passwort aufheben.<br \/>Um die Pivot-Tabelle in &#8220;Gewinn &amp; Statistik&#8221; zu aktualisieren, musst du kurz den Blattschutz aufheben, die Pivot-Tabelle aktualisieren und den Blattschutz wieder aktivieren.<\/p>\n<p>[\/et_pb_text][\/et_pb_column][\/et_pb_row][et_pb_row _builder_version=&#8221;4.25.0&#8243; _module_preset=&#8221;default&#8221; global_colors_info=&#8221;{}&#8221;][et_pb_column type=&#8221;4_4&#8243; _builder_version=&#8221;4.25.0&#8243; _module_preset=&#8221;default&#8221; global_colors_info=&#8221;{}&#8221;][et_pb_text _builder_version=&#8221;4.27.6&#8243; _module_preset=&#8221;default&#8221; hover_enabled=&#8221;0&#8243; sticky_enabled=&#8221;0&#8243; border_radii=&#8221;on|10px|10px|10px|10px&#8221; border_color_all=&#8221;#6B6B6B&#8221; border_width_all=&#8221;1px&#8221;]<\/p>\n<div class=\"sdm_download_item \"><div class=\"sdm_download_item_top\"><div class=\"sdm_download_thumbnail\"><img data-recalc-dims=\"1\" decoding=\"async\" class=\"sdm_download_thumbnail_image\" src=\"https:\/\/i0.wp.com\/monikatschudi-techart.com\/wp-content\/uploads\/2026\/04\/Checkliste-Buero-Optimierung.png?w=1080&#038;ssl=1\" alt = \"Checkliste zu Leitfaden B\u00fcro Optimierung\" \/><\/div><div class=\"sdm_download_title\">Checkliste zu Leitfaden B\u00fcro Optimierung<\/div><\/div><div style=\"clear:both;\"><\/div><div class=\"sdm_download_description\"><p>Die Checkliste f\u00fcr dich zum Herunterladen.<\/p>\n<p>Einfach bei dir abspeichern und die Punkte Schritt f\u00fcr Schritt abarbeiten.<\/p>\n<p>Die Links zu den Anleitungen der einzelnen Punkte findest du auf der Seite vom Leitfaden.<\/p>\n<\/div><div class=\"sdm_download_size\"><span class=\"sdm_download_size_label\">Size: <\/span><span class=\"sdm_download_size_value\">24 KB<\/span><\/div><div class=\"sdm_download_version\"><span class=\"sdm_download_version_label\">Version: <\/span><span class=\"sdm_download_version_value\">1<\/span><\/div><div class=\"sdm_download_date\"><span class=\"sdm_download_date_label\">Published: <\/span><span class=\"sdm_download_date_value\">23. April 2026<\/span><\/div><div class=\"sdm_download_link\"><span class=\"sdm_download_button\"><a href=\"https:\/\/monikatschudi-techart.com\/en\/?sdm_process_download=1&download_id=8811\" class=\"sdm_download green\" title=\"Checkliste zu Leitfaden B\u00fcro Optimierung\" target=\"_blank\">Herunterladen<\/a><\/span><span class=\"sdm_download_item_count\"><span class=\"sdm_item_count_number\">0<\/span><span class=\"sdm_item_count_string\"> Downloads<\/span><\/span><\/div><\/div><div class=\"sdm_clear_float\"><\/div>\n<p>[\/et_pb_text][\/et_pb_column][\/et_pb_row][\/et_pb_section]<\/p>\n","protected":false},"excerpt":{"rendered":"<p><div class=\"aioseo-breadcrumbs\"><span class=\"aioseo-breadcrumb\">\n\t\t\tWebseite\n\t\t<\/span><\/div>Um dir deinen Arbeitsalltag zu erleichtern, stelle ich dir kostenlose Download Dateien zur Verf\u00fcgung. Vorlagen, Hilfsmittel oder Konzepte, die dir helfen, deine Prozesse &amp; Abl\u00e4ufe zu erleichtern.<div class=\"sdm_download_item \"><div class=\"sdm_download_item_top\"><div class=\"sdm_download_thumbnail\"><img decoding=\"async\" class=\"sdm_download_thumbnail_image\" src=\"https:\/\/monikatschudi-techart.com\/wp-content\/uploads\/2025\/08\/Thumbnail-Ablefy-2.png\" alt = \"8 Konzepte f\u00fcr die Tagesplanung\" \/><\/div><div class=\"sdm_download_title\">8 Konzepte f\u00fcr die Tagesplanung<\/div><\/div><div style=\"clear:both;\"><\/div><div class=\"sdm_download_description\"><p>Im kostenlosen PDF zeige ich dir acht Konzepte, die du f\u00fcr deine t\u00e4gliche Arbeitsplanung testen und nutzen kannst. Damit der B\u00fcroalltag einfacher wird.<\/p>\n<\/div><div class=\"sdm_download_link\"><span class=\"sdm_download_button\"><a href=\"https:\/\/monikatschudi-techart.com\/en\/?sdm_process_download=1&download_id=4368\" class=\"sdm_download green\" title=\"8 Konzepte f\u00fcr die Tagesplanung\" target=\"_blank\">Jetzt herunterladen<\/a><\/span><span class=\"sdm_download_item_count\"><span class=\"sdm_item_count_number\">84<\/span><span class=\"sdm_item_count_string\"> Downloads<\/span><\/span><\/div><\/div><div class=\"sdm_clear_float\"><\/div><div class=\"sdm_download_item \"><div class=\"sdm_download_item_top\"><div class=\"sdm_download_thumbnail\"><img decoding=\"async\" class=\"sdm_download_thumbnail_image\" src=\"https:\/\/monikatschudi-techart.com\/wp-content\/uploads\/2025\/08\/Thumbnail-WP-1.png\" alt = \"Vorlage f\u00fcr deine Tagesplanung\" \/><\/div><div class=\"sdm_download_title\">Vorlage f\u00fcr deine Tagesplanung<\/div><\/div><div style=\"clear:both;\"><\/div><div class=\"sdm_download_description\"><p>Kostenlose Vorlage f\u00fcr deine Tagesplanung im B\u00fcroalltag.<\/p>\n<\/div><div class=\"sdm_download_link\"><span class=\"sdm_download_button\"><a href=\"https:\/\/monikatschudi-techart.com\/en\/?sdm_process_download=1&download_id=4377\" class=\"sdm_download green\" title=\"Vorlage f\u00fcr deine Tagesplanung\" target=\"_blank\">Jetzt herunterladen<\/a><\/span><span class=\"sdm_download_item_count\"><span class=\"sdm_item_count_number\">67<\/span><span class=\"sdm_item_count_string\"> Downloads<\/span><\/span><\/div><\/div><div class=\"sdm_clear_float\"><\/div>ConsiFlow Mitglied Bitte logge dich ein, um unten auf der Seite die Downloads zu sehen.Noch kein Mitglied? Dann nichts wie ab auf die Seite von [&hellip;]<\/p>\n","protected":false},"author":220149267,"featured_media":0,"parent":0,"menu_order":0,"comment_status":"closed","ping_status":"closed","template":"","meta":{"_bbp_topic_count":0,"_bbp_reply_count":0,"_bbp_total_topic_count":0,"_bbp_total_reply_count":0,"_bbp_voice_count":0,"_bbp_anonymous_reply_count":0,"_bbp_topic_count_hidden":0,"_bbp_reply_count_hidden":0,"_bbp_forum_subforum_count":0,"_et_pb_use_builder":"on","_et_pb_old_content":"","_et_gb_content_width":"","om_disable_all_campaigns":false,"pmpro_default_level":"","_uag_custom_page_level_css":"","_monsterinsights_skip_tracking":false,"_monsterinsights_sitenote_active":false,"_monsterinsights_sitenote_note":"","_monsterinsights_sitenote_category":0,"_uf_show_specific_survey":0,"_uf_disable_surveys":false,"footnotes":""},"wf_page_folders":[3071],"class_list":["post-3894","page","type-page","status-publish","hentry","pmpro-has-access"],"aioseo_notices":[],"uagb_featured_image_src":{"full":false,"thumbnail":false,"medium":false,"medium_large":false,"large":false,"1536x1536":false,"2048x2048":false,"trp-custom-language-flag":false,"newspack-article-block-landscape-large":false,"newspack-article-block-portrait-large":false,"newspack-article-block-square-large":false,"newspack-article-block-landscape-medium":false,"newspack-article-block-portrait-medium":false,"newspack-article-block-square-medium":false,"newspack-article-block-landscape-intermediate":false,"newspack-article-block-portrait-intermediate":false,"newspack-article-block-square-intermediate":false,"newspack-article-block-landscape-small":false,"newspack-article-block-portrait-small":false,"newspack-article-block-square-small":false,"newspack-article-block-landscape-tiny":false,"newspack-article-block-portrait-tiny":false,"newspack-article-block-square-tiny":false,"newspack-article-block-uncropped":false,"et-pb-post-main-image":false,"et-pb-post-main-image-fullwidth":false,"et-pb-portfolio-image":false,"et-pb-portfolio-module-image":false,"et-pb-portfolio-image-single":false,"et-pb-gallery-module-image-portrait":false,"et-pb-post-main-image-fullwidth-large":false,"et-pb-image--responsive--desktop":false,"et-pb-image--responsive--tablet":false,"et-pb-image--responsive--phone":false,"d4p-bbp-thumb":false,"woocommerce_thumbnail":false,"woocommerce_single":false,"woocommerce_gallery_thumbnail":false},"uagb_author_info":{"display_name":"Monika Tschudi","author_link":"https:\/\/monikatschudi-techart.com\/en\/author\/motschudi\/"},"uagb_comment_info":0,"uagb_excerpt":"[aioseo_breadcrumbs]Um dir deinen Arbeitsalltag zu erleichtern, stelle ich dir kostenlose Download Dateien zur Verf\u00fcgung. Vorlagen, Hilfsmittel oder Konzepte, die dir helfen, deine Prozesse &amp; Abl\u00e4ufe zu erleichtern.[sdm_download id=\"4368\" fancy=\"1\"][sdm_download id=\"4377\" fancy=\"1\"]ConsiFlow Mitglied Bitte logge dich ein, um unten auf der Seite die Downloads zu sehen.Noch kein Mitglied? Dann nichts wie ab auf die Seite von&hellip;","jetpack_likes_enabled":true,"jetpack_sharing_enabled":true,"jetpack_shortlink":"https:\/\/wp.me\/PdV0az-10O","jetpack-related-posts":[],"_links":{"self":[{"href":"https:\/\/monikatschudi-techart.com\/en\/wp-json\/wp\/v2\/pages\/3894","targetHints":{"allow":["GET"]}}],"collection":[{"href":"https:\/\/monikatschudi-techart.com\/en\/wp-json\/wp\/v2\/pages"}],"about":[{"href":"https:\/\/monikatschudi-techart.com\/en\/wp-json\/wp\/v2\/types\/page"}],"author":[{"embeddable":true,"href":"https:\/\/monikatschudi-techart.com\/en\/wp-json\/wp\/v2\/users\/220149267"}],"replies":[{"embeddable":true,"href":"https:\/\/monikatschudi-techart.com\/en\/wp-json\/wp\/v2\/comments?post=3894"}],"version-history":[{"count":28,"href":"https:\/\/monikatschudi-techart.com\/en\/wp-json\/wp\/v2\/pages\/3894\/revisions"}],"predecessor-version":[{"id":8817,"href":"https:\/\/monikatschudi-techart.com\/en\/wp-json\/wp\/v2\/pages\/3894\/revisions\/8817"}],"wp:attachment":[{"href":"https:\/\/monikatschudi-techart.com\/en\/wp-json\/wp\/v2\/media?parent=3894"}],"wp:term":[{"taxonomy":"wf_page_folders","embeddable":true,"href":"https:\/\/monikatschudi-techart.com\/en\/wp-json\/wp\/v2\/wf_page_folders?post=3894"}],"curies":[{"name":"wp","href":"https:\/\/api.w.org\/{rel}","templated":true}]}}