{"id":3560,"date":"2025-08-19T08:48:16","date_gmt":"2025-08-19T06:48:16","guid":{"rendered":"https:\/\/monikatschudi-techart.com\/?page_id=3560"},"modified":"2025-08-19T08:48:16","modified_gmt":"2025-08-19T06:48:16","slug":"fa-allgemeine-fragen","status":"publish","type":"page","link":"https:\/\/monikatschudi-techart.com\/en\/fragen-antworten\/fa-allgemeine-fragen\/","title":{"rendered":"F&amp;A &#8211; Allgemeine Fragen"},"content":{"rendered":"<p>[et_pb_section fb_built=&#8221;1&#8243; theme_builder_area=&#8221;post_content&#8221; _builder_version=&#8221;4.25.0&#8243; _module_preset=&#8221;default&#8221;][et_pb_row _builder_version=&#8221;4.25.0&#8243; _module_preset=&#8221;default&#8221; theme_builder_area=&#8221;post_content&#8221;][et_pb_column _builder_version=&#8221;4.25.0&#8243; _module_preset=&#8221;default&#8221; type=&#8221;4_4&#8243; theme_builder_area=&#8221;post_content&#8221;][et_pb_heading title=&#8221;F&#038;A &#8211; Allgemeine Fragen&#8221; _builder_version=&#8221;4.25.0&#8243; _module_preset=&#8221;default&#8221; theme_builder_area=&#8221;post_content&#8221; hover_enabled=&#8221;0&#8243; sticky_enabled=&#8221;0&#8243;][\/et_pb_heading][\/et_pb_column][\/et_pb_row][et_pb_row _builder_version=&#8221;4.25.0&#8243; _module_preset=&#8221;default&#8221; theme_builder_area=&#8221;post_content&#8221;][et_pb_column _builder_version=&#8221;4.25.0&#8243; _module_preset=&#8221;default&#8221; type=&#8221;4_4&#8243; theme_builder_area=&#8221;post_content&#8221;][et_pb_text _builder_version=&#8221;4.25.0&#8243; _module_preset=&#8221;default&#8221; theme_builder_area=&#8221;post_content&#8221; hover_enabled=&#8221;0&#8243; sticky_enabled=&#8221;0&#8243;]<\/p>\n<p>Hier findest du die allgemeinen Fragen.<\/p>\n<p>[\/et_pb_text][\/et_pb_column][\/et_pb_row][et_pb_row _builder_version=&#8221;4.25.0&#8243; _module_preset=&#8221;default&#8221; theme_builder_area=&#8221;post_content&#8221;][et_pb_column _builder_version=&#8221;4.25.0&#8243; _module_preset=&#8221;default&#8221; type=&#8221;4_4&#8243; theme_builder_area=&#8221;post_content&#8221;][et_pb_accordion closed_toggle_background_color=&#8221;#d7e8df&#8221; toggle_icon=&#8221;&#x3b;||divi||400&#8243; icon_color=&#8221;#6B6B6B&#8221; _builder_version=&#8221;4.25.0&#8243; _module_preset=&#8221;default&#8221; hover_enabled=&#8221;0&#8243; border_radii=&#8221;on|20px|20px|20px|20px&#8221; border_width_all=&#8221;2px&#8221; border_style_all=&#8221;dotted&#8221; box_shadow_style=&#8221;preset2&#8243; locked=&#8221;off&#8221; global_colors_info=&#8221;{}&#8221; theme_builder_area=&#8221;post_content&#8221; sticky_enabled=&#8221;0&#8243;][et_pb_accordion_item title=&#8221;Wieso heisst deine Firma %22Monika Tschudi &#8211; Tech &#038; Art%22?&#8221; open=&#8221;on&#8221; _builder_version=&#8221;4.25.0&#8243; _module_preset=&#8221;default&#8221; global_colors_info=&#8221;{}&#8221; theme_builder_area=&#8221;et_body_layout&#8221;]<\/p>\n<p>In der Schweiz ist es Pflicht, bei der Gr\u00fcndung einer Einzelunternehmung, den Namen zu verwenden. Nur Tschudi fand ich etwas langweilig und nichtsaussagend. Daher kam mein Vorname noch dazu und damit man besser einsch\u00e4tzen kann, was ich anbiete, kam Tech &amp; Art dazu. Tech f\u00fcr den technischen Aspekt wie Microsoft 365, Kurse etc. und Art f\u00fcr den k\u00fcnstlerischen Teil.\u00a0<\/p>\n<p>[\/et_pb_accordion_item][et_pb_accordion_item title=&#8221;Wieso machst du einen technischen und einen k\u00fcnstlerischen Teil?&#8221; _builder_version=&#8221;4.25.0&#8243; _module_preset=&#8221;default&#8221; global_colors_info=&#8221;{}&#8221; theme_builder_area=&#8221;et_body_layout&#8221; open=&#8221;off&#8221;]<\/p>\n<p>Weil ich beides liebe und f\u00fcr den k\u00fcnstlerischen Teil keine zweite Firma gr\u00fcnden wollte. Zudem wollte ich mich nicht zwischen den beiden Entscheiden, deshalb beides.\u00a0<\/p>\n<p>[\/et_pb_accordion_item][et_pb_accordion_item title=&#8221;Seit wann existiert deine Firma?&#8221; _builder_version=&#8221;4.25.0&#8243; _module_preset=&#8221;default&#8221; global_colors_info=&#8221;{}&#8221; theme_builder_area=&#8221;et_body_layout&#8221; open=&#8221;off&#8221;]<\/p>\n<p>Meine Firma habe ich im M\u00e4rz 2022 gegr\u00fcndet. Zuerst als Nebenjob und seit September 2024 vollberuflich.\u00a0<\/p>\n<p>[\/et_pb_accordion_item][et_pb_accordion_item title=&#8221;Was bietest du alles an?&#8221; _builder_version=&#8221;4.25.0&#8243; _module_preset=&#8221;default&#8221; global_colors_info=&#8221;{}&#8221; theme_builder_area=&#8221;et_body_layout&#8221; open=&#8221;off&#8221;]<\/p>\n<p>Folgende Angebote findest du bei mir:<\/p>\n<p>&#8211; Online Kurse zu Microsoft 365 Anwendungen<\/p>\n<p>&#8211; Online Kurse zu digitaler Sicherheit, KI im B\u00fcroalltag und weiteren Themen<\/p>\n<p>&#8211; Business Coachings f\u00fcr Unternehmen, um ihre Mitarbeiter Microsoft 365 ready zu machen<\/p>\n<p>&#8211; Meine Fotografien als Wandbilder f\u00fcrs B\u00fcro oder Zuhause (Print-on-demand)<\/p>\n<p>&#8211; Lustige Spr\u00fcche f\u00fcrs B\u00fcro auf b\u00fcrotauglichen Produkten wie T-Shirts, Tassen und Taschen<\/p>\n<p>[\/et_pb_accordion_item][et_pb_accordion_item title=&#8221;Gibt es auch Kurse vor Ort in einem Kursraum?&#8221; _builder_version=&#8221;4.25.0&#8243; _module_preset=&#8221;default&#8221; global_colors_info=&#8221;{}&#8221; theme_builder_area=&#8221;et_body_layout&#8221; open=&#8221;off&#8221;]<\/p>\n<p>Nein, aktuell biete ich keine Frontalkurse an.<\/p>\n<p>Ich habe zwar einen Raum zur Verf\u00fcgung, den ich nutzen kann, er ist aber nur bedingt geeignet. Zudem ist die Nachfrage zu gering. Frontalkurse sind f\u00fcr mich sehr aufw\u00e4ndig und damit es sich lohnt, m\u00fcssen mindestens 10 Teilnehmer dabei sein.\u00a0<\/p>\n<p>[\/et_pb_accordion_item][\/et_pb_accordion][\/et_pb_column][\/et_pb_row][\/et_pb_section]<\/p>\n","protected":false},"excerpt":{"rendered":"<p>Hier findest du die allgemeinen Fragen.In der Schweiz ist es Pflicht, bei der Gr\u00fcndung einer Einzelunternehmung, den Namen zu verwenden. Nur Tschudi fand ich etwas langweilig und nichtsaussagend. Daher kam mein Vorname noch dazu und damit man besser einsch\u00e4tzen kann, was ich anbiete, kam Tech &amp; Art dazu. Tech f\u00fcr den technischen Aspekt wie Microsoft [&hellip;]<\/p>\n","protected":false},"author":220149267,"featured_media":0,"parent":3534,"menu_order":0,"comment_status":"closed","ping_status":"closed","template":"","meta":{"_bbp_topic_count":0,"_bbp_reply_count":0,"_bbp_total_topic_count":0,"_bbp_total_reply_count":0,"_bbp_voice_count":0,"_bbp_anonymous_reply_count":0,"_bbp_topic_count_hidden":0,"_bbp_reply_count_hidden":0,"_bbp_forum_subforum_count":0,"_et_pb_use_builder":"on","_et_pb_old_content":"","_et_gb_content_width":"","om_disable_all_campaigns":false,"pmpro_default_level":"","_uag_custom_page_level_css":"","_monsterinsights_skip_tracking":false,"_monsterinsights_sitenote_active":false,"_monsterinsights_sitenote_note":"","_monsterinsights_sitenote_category":0,"_uf_show_specific_survey":0,"_uf_disable_surveys":false,"footnotes":""},"wf_page_folders":[3089],"class_list":["post-3560","page","type-page","status-publish","hentry","pmpro-has-access"],"aioseo_notices":[],"uagb_featured_image_src":{"full":false,"thumbnail":false,"medium":false,"medium_large":false,"large":false,"1536x1536":false,"2048x2048":false,"trp-custom-language-flag":false,"newspack-article-block-landscape-large":false,"newspack-article-block-portrait-large":false,"newspack-article-block-square-large":false,"newspack-article-block-landscape-medium":false,"newspack-article-block-portrait-medium":false,"newspack-article-block-square-medium":false,"newspack-article-block-landscape-intermediate":false,"newspack-article-block-portrait-intermediate":false,"newspack-article-block-square-intermediate":false,"newspack-article-block-landscape-small":false,"newspack-article-block-portrait-small":false,"newspack-article-block-square-small":false,"newspack-article-block-landscape-tiny":false,"newspack-article-block-portrait-tiny":false,"newspack-article-block-square-tiny":false,"newspack-article-block-uncropped":false,"et-pb-post-main-image":false,"et-pb-post-main-image-fullwidth":false,"et-pb-portfolio-image":false,"et-pb-portfolio-module-image":false,"et-pb-portfolio-image-single":false,"et-pb-gallery-module-image-portrait":false,"et-pb-post-main-image-fullwidth-large":false,"et-pb-image--responsive--desktop":false,"et-pb-image--responsive--tablet":false,"et-pb-image--responsive--phone":false,"d4p-bbp-thumb":false,"woocommerce_thumbnail":false,"woocommerce_single":false,"woocommerce_gallery_thumbnail":false},"uagb_author_info":{"display_name":"Monika Tschudi","author_link":"https:\/\/monikatschudi-techart.com\/en\/author\/motschudi\/"},"uagb_comment_info":0,"uagb_excerpt":"Hier findest du die allgemeinen Fragen.In der Schweiz ist es Pflicht, bei der Gr\u00fcndung einer Einzelunternehmung, den Namen zu verwenden. Nur Tschudi fand ich etwas langweilig und nichtsaussagend. Daher kam mein Vorname noch dazu und damit man besser einsch\u00e4tzen kann, was ich anbiete, kam Tech &amp; Art dazu. Tech f\u00fcr den technischen Aspekt wie Microsoft&hellip;","jetpack_likes_enabled":true,"jetpack_sharing_enabled":true,"jetpack_shortlink":"https:\/\/wp.me\/PdV0az-Vq","jetpack-related-posts":[],"_links":{"self":[{"href":"https:\/\/monikatschudi-techart.com\/en\/wp-json\/wp\/v2\/pages\/3560","targetHints":{"allow":["GET"]}}],"collection":[{"href":"https:\/\/monikatschudi-techart.com\/en\/wp-json\/wp\/v2\/pages"}],"about":[{"href":"https:\/\/monikatschudi-techart.com\/en\/wp-json\/wp\/v2\/types\/page"}],"author":[{"embeddable":true,"href":"https:\/\/monikatschudi-techart.com\/en\/wp-json\/wp\/v2\/users\/220149267"}],"replies":[{"embeddable":true,"href":"https:\/\/monikatschudi-techart.com\/en\/wp-json\/wp\/v2\/comments?post=3560"}],"version-history":[{"count":2,"href":"https:\/\/monikatschudi-techart.com\/en\/wp-json\/wp\/v2\/pages\/3560\/revisions"}],"predecessor-version":[{"id":3562,"href":"https:\/\/monikatschudi-techart.com\/en\/wp-json\/wp\/v2\/pages\/3560\/revisions\/3562"}],"up":[{"embeddable":true,"href":"https:\/\/monikatschudi-techart.com\/en\/wp-json\/wp\/v2\/pages\/3534"}],"wp:attachment":[{"href":"https:\/\/monikatschudi-techart.com\/en\/wp-json\/wp\/v2\/media?parent=3560"}],"wp:term":[{"taxonomy":"wf_page_folders","embeddable":true,"href":"https:\/\/monikatschudi-techart.com\/en\/wp-json\/wp\/v2\/wf_page_folders?post=3560"}],"curies":[{"name":"wp","href":"https:\/\/api.w.org\/{rel}","templated":true}]}}