{"id":3556,"date":"2025-08-19T08:44:51","date_gmt":"2025-08-19T06:44:51","guid":{"rendered":"https:\/\/monikatschudi-techart.com\/?page_id=3556"},"modified":"2025-08-19T08:45:23","modified_gmt":"2025-08-19T06:45:23","slug":"fampa-ueber-mich","status":"publish","type":"page","link":"https:\/\/monikatschudi-techart.com\/en\/fragen-antworten\/fampa-ueber-mich\/","title":{"rendered":"F&amp;A &#8211; \u00dcber mich"},"content":{"rendered":"<p>[et_pb_section fb_built=&#8221;1&#8243; theme_builder_area=&#8221;post_content&#8221; _builder_version=&#8221;4.25.0&#8243; _module_preset=&#8221;default&#8221;][et_pb_row _builder_version=&#8221;4.25.0&#8243; _module_preset=&#8221;default&#8221; theme_builder_area=&#8221;post_content&#8221;][et_pb_column _builder_version=&#8221;4.25.0&#8243; _module_preset=&#8221;default&#8221; type=&#8221;4_4&#8243; theme_builder_area=&#8221;post_content&#8221;][et_pb_heading title=&#8221;F&#038;A &#8211; \u00dcber mich&#8221; _builder_version=&#8221;4.25.0&#8243; _module_preset=&#8221;default&#8221; theme_builder_area=&#8221;post_content&#8221; hover_enabled=&#8221;0&#8243; sticky_enabled=&#8221;0&#8243;][\/et_pb_heading][\/et_pb_column][\/et_pb_row][et_pb_row _builder_version=&#8221;4.25.0&#8243; _module_preset=&#8221;default&#8221; theme_builder_area=&#8221;post_content&#8221;][et_pb_column _builder_version=&#8221;4.25.0&#8243; _module_preset=&#8221;default&#8221; type=&#8221;4_4&#8243; theme_builder_area=&#8221;post_content&#8221;][et_pb_text _builder_version=&#8221;4.25.0&#8243; _module_preset=&#8221;default&#8221; theme_builder_area=&#8221;post_content&#8221; hover_enabled=&#8221;0&#8243; sticky_enabled=&#8221;0&#8243;]<\/p>\n<p>Die am h\u00e4ufigsten gestellten Fragen zu mir.<\/p>\n<p>[\/et_pb_text][\/et_pb_column][\/et_pb_row][et_pb_row _builder_version=&#8221;4.25.0&#8243; _module_preset=&#8221;default&#8221; theme_builder_area=&#8221;post_content&#8221;][et_pb_column _builder_version=&#8221;4.25.0&#8243; _module_preset=&#8221;default&#8221; type=&#8221;4_4&#8243; theme_builder_area=&#8221;post_content&#8221;][et_pb_accordion closed_toggle_background_color=&#8221;#d7e8df&#8221; toggle_icon=&#8221;&#x3b;||divi||400&#8243; icon_color=&#8221;#6B6B6B&#8221; _builder_version=&#8221;4.25.0&#8243; _module_preset=&#8221;default&#8221; hover_enabled=&#8221;0&#8243; border_radii=&#8221;on|20px|20px|20px|20px&#8221; border_width_all=&#8221;2px&#8221; border_style_all=&#8221;dotted&#8221; box_shadow_style=&#8221;preset2&#8243; locked=&#8221;off&#8221; global_colors_info=&#8221;{}&#8221; theme_builder_area=&#8221;post_content&#8221; sticky_enabled=&#8221;0&#8243;][et_pb_accordion_item title=&#8221;Wieso hast du dich selbstst\u00e4ndig gemacht?&#8221; _builder_version=&#8221;4.25.0&#8243; _module_preset=&#8221;default&#8221; hover_enabled=&#8221;0&#8243; global_colors_info=&#8221;{}&#8221; theme_builder_area=&#8221;et_body_layout&#8221; open=&#8221;off&#8221; sticky_enabled=&#8221;0&#8243;]<\/p>\n<p>Weil ich so vielen Menschen helfen m\u00f6chte wie es nur geht und ich gleichzeitig meine Passion leben kann. Das geht am einfachsten mit einer eigenen Firma.<\/p>\n<p>[\/et_pb_accordion_item][et_pb_accordion_item title=&#8221;Was ist f\u00fcr dich die gr\u00f6sste Herausforderung?&#8221; _builder_version=&#8221;4.25.0&#8243; _module_preset=&#8221;default&#8221; theme_builder_area=&#8221;post_content&#8221; hover_enabled=&#8221;0&#8243; sticky_enabled=&#8221;0&#8243;]<\/p>\n<p>Da ich Zuhause arbeite kann es schnell passieren, dass ich pl\u00f6tzlich nicht mehr am arbeiten bin sondern alles andere mache&#8230;<\/p>\n<p>[\/et_pb_accordion_item][et_pb_accordion_item title=&#8221;Wie viel arbeitest du als Selbstst\u00e4ndige?&#8221; _builder_version=&#8221;4.25.0&#8243; _module_preset=&#8221;default&#8221; theme_builder_area=&#8221;post_content&#8221; hover_enabled=&#8221;0&#8243; sticky_enabled=&#8221;0&#8243;]<\/p>\n<p>Das ist unterschiedlich. Es gibt Tage und Wochen da arbeite ich bis zu zw\u00f6lf Stunden, an anderen daf\u00fcr vielleicht nur drei oder vier Stunden. Ich arbeite auch zwischendurch Mal am Sonntag, wenn ich Bock habe&#8230;<\/p>\n<p>[\/et_pb_accordion_item][\/et_pb_accordion][et_pb_accordion closed_toggle_background_color=&#8221;#d7e8df&#8221; toggle_icon=&#8221;&#x3b;||divi||400&#8243; icon_color=&#8221;#6B6B6B&#8221; _builder_version=&#8221;4.25.0&#8243; _module_preset=&#8221;default&#8221; hover_enabled=&#8221;0&#8243; border_radii=&#8221;on|20px|20px|20px|20px&#8221; border_width_all=&#8221;2px&#8221; border_style_all=&#8221;dotted&#8221; box_shadow_style=&#8221;preset2&#8243; locked=&#8221;off&#8221; global_colors_info=&#8221;{}&#8221; theme_builder_area=&#8221;post_content&#8221; sticky_enabled=&#8221;0&#8243;][et_pb_accordion_item title=&#8221;Wieso machst du einen technischen und einen k\u00fcnstlerischen Teil?&#8221; _builder_version=&#8221;4.25.0&#8243; _module_preset=&#8221;default&#8221; global_colors_info=&#8221;{}&#8221; theme_builder_area=&#8221;et_body_layout&#8221; open=&#8221;off&#8221;]<\/p>\n<p>Weil ich beides liebe und f\u00fcr den k\u00fcnstlerischen Teil keine zweite Firma gr\u00fcnden wollte. Zudem wollte ich mich nicht zwischen den beiden Entscheiden, deshalb beides.\u00a0<\/p>\n<p>[\/et_pb_accordion_item][et_pb_accordion_item title=&#8221;Kennst du dich auch mit Computer Sachen wie Windows, Programminstallation etc. aus?&#8221; _builder_version=&#8221;4.25.0&#8243; _module_preset=&#8221;default&#8221; global_colors_info=&#8221;{}&#8221; theme_builder_area=&#8221;et_body_layout&#8221; open=&#8221;off&#8221;]<\/p>\n<p>Sagen wir mal so&#8230; ich kenne mich besser als der Durchschnitt damit aus, bin aber keine IT-Spezialistin.\u00a0<\/p>\n<p>[\/et_pb_accordion_item][\/et_pb_accordion][\/et_pb_column][\/et_pb_row][\/et_pb_section]<\/p>\n","protected":false},"excerpt":{"rendered":"<p>Die am h\u00e4ufigsten gestellten Fragen zu mir.Weil ich so vielen Menschen helfen m\u00f6chte wie es nur geht und ich gleichzeitig meine Passion leben kann. Das geht am einfachsten mit einer eigenen Firma.Da ich Zuhause arbeite kann es schnell passieren, dass ich pl\u00f6tzlich nicht mehr am arbeiten bin sondern alles andere mache&#8230;Das ist unterschiedlich. Es gibt [&hellip;]<\/p>\n","protected":false},"author":220149267,"featured_media":0,"parent":3534,"menu_order":0,"comment_status":"closed","ping_status":"closed","template":"","meta":{"_bbp_topic_count":0,"_bbp_reply_count":0,"_bbp_total_topic_count":0,"_bbp_total_reply_count":0,"_bbp_voice_count":0,"_bbp_anonymous_reply_count":0,"_bbp_topic_count_hidden":0,"_bbp_reply_count_hidden":0,"_bbp_forum_subforum_count":0,"_et_pb_use_builder":"on","_et_pb_old_content":"","_et_gb_content_width":"","om_disable_all_campaigns":false,"pmpro_default_level":"","_uag_custom_page_level_css":"","_monsterinsights_skip_tracking":false,"_monsterinsights_sitenote_active":false,"_monsterinsights_sitenote_note":"","_monsterinsights_sitenote_category":0,"_uf_show_specific_survey":0,"_uf_disable_surveys":false,"footnotes":""},"wf_page_folders":[3089],"class_list":["post-3556","page","type-page","status-publish","hentry","pmpro-has-access"],"aioseo_notices":[],"uagb_featured_image_src":{"full":false,"thumbnail":false,"medium":false,"medium_large":false,"large":false,"1536x1536":false,"2048x2048":false,"trp-custom-language-flag":false,"newspack-article-block-landscape-large":false,"newspack-article-block-portrait-large":false,"newspack-article-block-square-large":false,"newspack-article-block-landscape-medium":false,"newspack-article-block-portrait-medium":false,"newspack-article-block-square-medium":false,"newspack-article-block-landscape-intermediate":false,"newspack-article-block-portrait-intermediate":false,"newspack-article-block-square-intermediate":false,"newspack-article-block-landscape-small":false,"newspack-article-block-portrait-small":false,"newspack-article-block-square-small":false,"newspack-article-block-landscape-tiny":false,"newspack-article-block-portrait-tiny":false,"newspack-article-block-square-tiny":false,"newspack-article-block-uncropped":false,"et-pb-post-main-image":false,"et-pb-post-main-image-fullwidth":false,"et-pb-portfolio-image":false,"et-pb-portfolio-module-image":false,"et-pb-portfolio-image-single":false,"et-pb-gallery-module-image-portrait":false,"et-pb-post-main-image-fullwidth-large":false,"et-pb-image--responsive--desktop":false,"et-pb-image--responsive--tablet":false,"et-pb-image--responsive--phone":false,"d4p-bbp-thumb":false,"woocommerce_thumbnail":false,"woocommerce_single":false,"woocommerce_gallery_thumbnail":false},"uagb_author_info":{"display_name":"Monika Tschudi","author_link":"https:\/\/monikatschudi-techart.com\/en\/author\/motschudi\/"},"uagb_comment_info":0,"uagb_excerpt":"Die am h\u00e4ufigsten gestellten Fragen zu mir.Weil ich so vielen Menschen helfen m\u00f6chte wie es nur geht und ich gleichzeitig meine Passion leben kann. Das geht am einfachsten mit einer eigenen Firma.Da ich Zuhause arbeite kann es schnell passieren, dass ich pl\u00f6tzlich nicht mehr am arbeiten bin sondern alles andere mache...Das ist unterschiedlich. Es gibt&hellip;","jetpack_likes_enabled":true,"jetpack_sharing_enabled":true,"jetpack_shortlink":"https:\/\/wp.me\/PdV0az-Vm","jetpack-related-posts":[],"_links":{"self":[{"href":"https:\/\/monikatschudi-techart.com\/en\/wp-json\/wp\/v2\/pages\/3556","targetHints":{"allow":["GET"]}}],"collection":[{"href":"https:\/\/monikatschudi-techart.com\/en\/wp-json\/wp\/v2\/pages"}],"about":[{"href":"https:\/\/monikatschudi-techart.com\/en\/wp-json\/wp\/v2\/types\/page"}],"author":[{"embeddable":true,"href":"https:\/\/monikatschudi-techart.com\/en\/wp-json\/wp\/v2\/users\/220149267"}],"replies":[{"embeddable":true,"href":"https:\/\/monikatschudi-techart.com\/en\/wp-json\/wp\/v2\/comments?post=3556"}],"version-history":[{"count":3,"href":"https:\/\/monikatschudi-techart.com\/en\/wp-json\/wp\/v2\/pages\/3556\/revisions"}],"predecessor-version":[{"id":3559,"href":"https:\/\/monikatschudi-techart.com\/en\/wp-json\/wp\/v2\/pages\/3556\/revisions\/3559"}],"up":[{"embeddable":true,"href":"https:\/\/monikatschudi-techart.com\/en\/wp-json\/wp\/v2\/pages\/3534"}],"wp:attachment":[{"href":"https:\/\/monikatschudi-techart.com\/en\/wp-json\/wp\/v2\/media?parent=3556"}],"wp:term":[{"taxonomy":"wf_page_folders","embeddable":true,"href":"https:\/\/monikatschudi-techart.com\/en\/wp-json\/wp\/v2\/wf_page_folders?post=3556"}],"curies":[{"name":"wp","href":"https:\/\/api.w.org\/{rel}","templated":true}]}}