{"id":3466,"date":"2025-08-18T14:41:37","date_gmt":"2025-08-18T12:41:37","guid":{"rendered":"https:\/\/monikatschudi-techart.com\/?page_id=3466"},"modified":"2025-08-18T14:41:37","modified_gmt":"2025-08-18T12:41:37","slug":"ueber-mich","status":"publish","type":"page","link":"https:\/\/monikatschudi-techart.com\/en\/ueber-mich\/","title":{"rendered":"About me"},"content":{"rendered":"<p>[et_pb_section fb_built=&#8221;1&#8243; theme_builder_area=&#8221;post_content&#8221; _builder_version=&#8221;4.25.0&#8243; _module_preset=&#8221;default&#8221; custom_padding=&#8221;||57px|||&#8221;][et_pb_row _builder_version=&#8221;4.25.0&#8243; _module_preset=&#8221;default&#8221; theme_builder_area=&#8221;post_content&#8221;][et_pb_column _builder_version=&#8221;4.25.0&#8243; _module_preset=&#8221;default&#8221; type=&#8221;4_4&#8243; theme_builder_area=&#8221;post_content&#8221;][et_pb_heading title=&#8221;\u00dcber mich&#8221; _builder_version=&#8221;4.25.0&#8243; _module_preset=&#8221;default&#8221; theme_builder_area=&#8221;post_content&#8221; hover_enabled=&#8221;0&#8243; sticky_enabled=&#8221;0&#8243;][\/et_pb_heading][\/et_pb_column][\/et_pb_row][et_pb_row _builder_version=&#8221;4.25.0&#8243; _module_preset=&#8221;default&#8221; theme_builder_area=&#8221;post_content&#8221; column_structure=&#8221;1_2,1_2&#8243;][et_pb_column _builder_version=&#8221;4.25.0&#8243; _module_preset=&#8221;default&#8221; type=&#8221;1_2&#8243; theme_builder_area=&#8221;post_content&#8221;][et_pb_text _builder_version=&#8221;4.25.0&#8243; _module_preset=&#8221;default&#8221; theme_builder_area=&#8221;post_content&#8221; hover_enabled=&#8221;0&#8243; sticky_enabled=&#8221;0&#8243;]<\/p>\n<p>Hi, ich bin Moni<\/p>\n<p>&#8230;der Kopf hinter dem Monster Projekt Consi und Inhaberin von Monika Tschudi &#8211; Tech &amp; Art.\u00a0<\/p>\n<p>Geboren bin ich in der Schweiz, wo ich auch lebe und arbeite. In den Bergen, mit der geilsten Aussicht \u00fcberhaupt.<\/p>\n<p>Beschreiben w\u00fcrde ich mich als ordentliche Chaotin, mit einem starken Gerechtigkeitssinn und Durchhaltewillen. Empathische Helferin in Sachen Technik und Anwendungen.<\/p>\n<p>[\/et_pb_text][et_pb_image src=&#8221;<a href=\"https:\/\/monikatschudi-techart.com\/wp-content\/uploads\/2022\/04\/IMG20220414093840.jpg&#038;#8221\">https:\/\/monikatschudi-techart.com\/wp-content\/uploads\/2022\/04\/IMG20220414093840.jpg&#038;#8221<\/a>; _builder_version=&#8221;4.25.0&#8243; _module_preset=&#8221;default&#8221; theme_builder_area=&#8221;post_content&#8221; alt=&#8221;Profilbild Monika Tschudi&#8221; title_text=&#8221;IMG20220414093840&#8243; hover_enabled=&#8221;0&#8243; sticky_enabled=&#8221;0&#8243;][\/et_pb_image][et_pb_text _builder_version=&#8221;4.25.0&#8243; _module_preset=&#8221;default&#8221; theme_builder_area=&#8221;post_content&#8221; hover_enabled=&#8221;0&#8243; sticky_enabled=&#8221;0&#8243;]<\/p>\n<p>Lange Haare sind sch\u00f6n, an mir selbst mag ich sie aber gar nicht. Deshalb&#8230; Buzzcut. Keine Coiffeurbesuche, schnell gestylt und einfach zu pflegen.\u00a0<\/p>\n<p>Auch als ich sie l\u00e4nger trug, musste immer eine neue Frisur oder Haarfarbe her. Von rot bis grau war vieles dabei.\u00a0<\/p>\n<p>[\/et_pb_text][et_pb_image src=&#8221;<a href=\"https:\/\/monikatschudi-techart.com\/wp-content\/uploads\/2025\/08\/20250802_114010-rotated.jpg&#038;#8221\">https:\/\/monikatschudi-techart.com\/wp-content\/uploads\/2025\/08\/20250802_114010-rotated.jpg&#038;#8221<\/a>; _builder_version=&#8221;4.25.0&#8243; _module_preset=&#8221;default&#8221; theme_builder_area=&#8221;post_content&#8221; title_text=&#8221;20250802_114010&#8243; hover_enabled=&#8221;0&#8243; sticky_enabled=&#8221;0&#8243;][\/et_pb_image][et_pb_text _builder_version=&#8221;4.25.0&#8243; _module_preset=&#8221;default&#8221; theme_builder_area=&#8221;post_content&#8221; hover_enabled=&#8221;0&#8243; sticky_enabled=&#8221;0&#8243;]<\/p>\n<p>Wenn ich mich beschreiben m\u00fcsste&#8230; zielstrebig, hartn\u00e4ckig, empathisch, chaotisch, leicht schr\u00e4g und verpeilt, vertr\u00e4umt, diplomatisch, harmoniebed\u00fcrftig, geduldig ungeduldig, perfektionistisch&#8230; ah, leicht gr\u00f6ssenwahnsinnig habe ich noch vergessen.<\/p>\n<p>[\/et_pb_text][et_pb_image src=&#8221;<a href=\"https:\/\/monikatschudi-techart.com\/wp-content\/uploads\/2025\/08\/20250517_093356-rotated.jpg&#038;#8221\">https:\/\/monikatschudi-techart.com\/wp-content\/uploads\/2025\/08\/20250517_093356-rotated.jpg&#038;#8221<\/a>; _builder_version=&#8221;4.25.0&#8243; _module_preset=&#8221;default&#8221; theme_builder_area=&#8221;post_content&#8221; hover_enabled=&#8221;0&#8243; sticky_enabled=&#8221;0&#8243; title_text=&#8221;20250517_093356&#8243;][\/et_pb_image][\/et_pb_column][et_pb_column _builder_version=&#8221;4.25.0&#8243; _module_preset=&#8221;default&#8221; type=&#8221;1_2&#8243; theme_builder_area=&#8221;post_content&#8221;][et_pb_image src=&#8221;<a href=\"https:\/\/monikatschudi-techart.com\/wp-content\/uploads\/2025\/08\/20230316_170708_1.jpg&#038;#8221\">https:\/\/monikatschudi-techart.com\/wp-content\/uploads\/2025\/08\/20230316_170708_1.jpg&#038;#8221<\/a>; _builder_version=&#8221;4.25.0&#8243; _module_preset=&#8221;default&#8221; theme_builder_area=&#8221;post_content&#8221; alt=&#8221;Bild von Monika Tschudi&#8221; title_text=&#8221;20230316_170708_1&#8243; hover_enabled=&#8221;0&#8243; sticky_enabled=&#8221;0&#8243; max_height=&#8221;512px&#8221;][\/et_pb_image][et_pb_text _builder_version=&#8221;4.25.0&#8243; _module_preset=&#8221;default&#8221; theme_builder_area=&#8221;post_content&#8221; hover_enabled=&#8221;0&#8243; sticky_enabled=&#8221;0&#8243;]<\/p>\n<p>Ich liebe alles, was mit Technik zu tun hat. Meine Interessen sind viel zu viele, um alles umzusetzen. Programmieren, Gaming, Microsoft 365, Web-Design, Autos, Motorr\u00e4der um die wichtigsten zu nennen.<\/p>\n<p>[\/et_pb_text][et_pb_image src=&#8221;<a href=\"https:\/\/monikatschudi-techart.com\/wp-content\/uploads\/2025\/08\/20250623_203904-rotated.jpg&#038;#8221\">https:\/\/monikatschudi-techart.com\/wp-content\/uploads\/2025\/08\/20250623_203904-rotated.jpg&#038;#8221<\/a>; _builder_version=&#8221;4.25.0&#8243; _module_preset=&#8221;default&#8221; theme_builder_area=&#8221;post_content&#8221; title_text=&#8221;20250623_203904&#8243; hover_enabled=&#8221;0&#8243; sticky_enabled=&#8221;0&#8243; max_height=&#8221;532px&#8221;][\/et_pb_image][et_pb_text _builder_version=&#8221;4.25.0&#8243; _module_preset=&#8221;default&#8221; theme_builder_area=&#8221;post_content&#8221; hover_enabled=&#8221;0&#8243; sticky_enabled=&#8221;0&#8243;]<\/p>\n<p>Meine Hobbies, nun ja&#8230;ich bin Nebenberuflich Katzensitterin von unserem Maine-Coon &#8216;Lui&#8217; und den drei Bengal-Mix &#8216;Arno&#8217;, &#8216;Ezio&#8217; und &#8216;Eivor&#8217;. Alles Katerchen. Die drei Tiger sind Energie pur und v\u00f6llig durchgeknallt. Bengal l\u00e4sst gr\u00fcssen.<\/p>\n<p>Da Arno am liebsten Pflanzen, Lehmklumpen, Bl\u00e4tter und \u00c4ste f\u00e4ngt und &#8220;heimbringt&#8221;, bin ich \u00f6fter drin am g\u00e4rtnern als draussen im Garten.\u00a0<\/p>\n<p>Dann liebe ich die Fotografie, Natur, den Garten, Kunst, Malen, N\u00e4hen, bin handwerklich nicht ganz ungeschickt und helfe meinem Partner bei verschiedenen Projekten im und ums Haus.<\/p>\n<p>[\/et_pb_text][et_pb_image src=&#8221;<a href=\"https:\/\/monikatschudi-techart.com\/wp-content\/uploads\/2025\/08\/20250714_210154-rotated.jpg&#038;#8221\">https:\/\/monikatschudi-techart.com\/wp-content\/uploads\/2025\/08\/20250714_210154-rotated.jpg&#038;#8221<\/a>; _builder_version=&#8221;4.25.0&#8243; _module_preset=&#8221;default&#8221; theme_builder_area=&#8221;post_content&#8221; title_text=&#8221;20250714_210154&#8243; hover_enabled=&#8221;0&#8243; sticky_enabled=&#8221;0&#8243;][\/et_pb_image][et_pb_image src=&#8221;<a href=\"https:\/\/monikatschudi-techart.com\/wp-content\/uploads\/2025\/08\/20250427_073143.jpg&#038;#8221\">https:\/\/monikatschudi-techart.com\/wp-content\/uploads\/2025\/08\/20250427_073143.jpg&#038;#8221<\/a>; _builder_version=&#8221;4.25.0&#8243; _module_preset=&#8221;default&#8221; theme_builder_area=&#8221;post_content&#8221; title_text=&#8221;20250427_073143&#8243; hover_enabled=&#8221;0&#8243; sticky_enabled=&#8221;0&#8243;][\/et_pb_image][\/et_pb_column][\/et_pb_row][\/et_pb_section]<\/p>\n","protected":false},"excerpt":{"rendered":"<p>Hi, ich bin Moni &#8230;der Kopf hinter dem Monster Projekt Consi und Inhaberin von Monika Tschudi &#8211; Tech &amp; Art.\u00a0 Geboren bin ich in der Schweiz, wo ich auch lebe und arbeite. In den Bergen, mit der geilsten Aussicht \u00fcberhaupt. Beschreiben w\u00fcrde ich mich als ordentliche Chaotin, mit einem starken Gerechtigkeitssinn und Durchhaltewillen. Empathische Helferin [&hellip;]<\/p>\n","protected":false},"author":220149267,"featured_media":0,"parent":0,"menu_order":0,"comment_status":"closed","ping_status":"closed","template":"","meta":{"_bbp_topic_count":0,"_bbp_reply_count":0,"_bbp_total_topic_count":0,"_bbp_total_reply_count":0,"_bbp_voice_count":0,"_bbp_anonymous_reply_count":0,"_bbp_topic_count_hidden":0,"_bbp_reply_count_hidden":0,"_bbp_forum_subforum_count":0,"_et_pb_use_builder":"on","_et_pb_old_content":"","_et_gb_content_width":"","om_disable_all_campaigns":false,"pmpro_default_level":"","_uag_custom_page_level_css":"","_monsterinsights_skip_tracking":false,"_monsterinsights_sitenote_active":false,"_monsterinsights_sitenote_note":"","_monsterinsights_sitenote_category":0,"_uf_show_specific_survey":0,"_uf_disable_surveys":false,"footnotes":""},"wf_page_folders":[3087],"class_list":["post-3466","page","type-page","status-publish","hentry","pmpro-has-access"],"aioseo_notices":[],"uagb_featured_image_src":{"full":false,"thumbnail":false,"medium":false,"medium_large":false,"large":false,"1536x1536":false,"2048x2048":false,"trp-custom-language-flag":false,"newspack-article-block-landscape-large":false,"newspack-article-block-portrait-large":false,"newspack-article-block-square-large":false,"newspack-article-block-landscape-medium":false,"newspack-article-block-portrait-medium":false,"newspack-article-block-square-medium":false,"newspack-article-block-landscape-intermediate":false,"newspack-article-block-portrait-intermediate":false,"newspack-article-block-square-intermediate":false,"newspack-article-block-landscape-small":false,"newspack-article-block-portrait-small":false,"newspack-article-block-square-small":false,"newspack-article-block-landscape-tiny":false,"newspack-article-block-portrait-tiny":false,"newspack-article-block-square-tiny":false,"newspack-article-block-uncropped":false,"et-pb-post-main-image":false,"et-pb-post-main-image-fullwidth":false,"et-pb-portfolio-image":false,"et-pb-portfolio-module-image":false,"et-pb-portfolio-image-single":false,"et-pb-gallery-module-image-portrait":false,"et-pb-post-main-image-fullwidth-large":false,"et-pb-image--responsive--desktop":false,"et-pb-image--responsive--tablet":false,"et-pb-image--responsive--phone":false,"d4p-bbp-thumb":false,"woocommerce_thumbnail":false,"woocommerce_single":false,"woocommerce_gallery_thumbnail":false},"uagb_author_info":{"display_name":"Monika Tschudi","author_link":"https:\/\/monikatschudi-techart.com\/en\/author\/motschudi\/"},"uagb_comment_info":0,"uagb_excerpt":"Hi, ich bin Moni ...der Kopf hinter dem Monster Projekt Consi und Inhaberin von Monika Tschudi - Tech &amp; Art.\u00a0 Geboren bin ich in der Schweiz, wo ich auch lebe und arbeite. In den Bergen, mit der geilsten Aussicht \u00fcberhaupt. Beschreiben w\u00fcrde ich mich als ordentliche Chaotin, mit einem starken Gerechtigkeitssinn und Durchhaltewillen. Empathische Helferin&hellip;","jetpack_likes_enabled":true,"jetpack_sharing_enabled":true,"jetpack_shortlink":"https:\/\/wp.me\/PdV0az-TU","jetpack-related-posts":[],"_links":{"self":[{"href":"https:\/\/monikatschudi-techart.com\/en\/wp-json\/wp\/v2\/pages\/3466","targetHints":{"allow":["GET"]}}],"collection":[{"href":"https:\/\/monikatschudi-techart.com\/en\/wp-json\/wp\/v2\/pages"}],"about":[{"href":"https:\/\/monikatschudi-techart.com\/en\/wp-json\/wp\/v2\/types\/page"}],"author":[{"embeddable":true,"href":"https:\/\/monikatschudi-techart.com\/en\/wp-json\/wp\/v2\/users\/220149267"}],"replies":[{"embeddable":true,"href":"https:\/\/monikatschudi-techart.com\/en\/wp-json\/wp\/v2\/comments?post=3466"}],"version-history":[{"count":9,"href":"https:\/\/monikatschudi-techart.com\/en\/wp-json\/wp\/v2\/pages\/3466\/revisions"}],"predecessor-version":[{"id":3490,"href":"https:\/\/monikatschudi-techart.com\/en\/wp-json\/wp\/v2\/pages\/3466\/revisions\/3490"}],"wp:attachment":[{"href":"https:\/\/monikatschudi-techart.com\/en\/wp-json\/wp\/v2\/media?parent=3466"}],"wp:term":[{"taxonomy":"wf_page_folders","embeddable":true,"href":"https:\/\/monikatschudi-techart.com\/en\/wp-json\/wp\/v2\/wf_page_folders?post=3466"}],"curies":[{"name":"wp","href":"https:\/\/api.w.org\/{rel}","templated":true}]}}