{"id":3369,"date":"2025-08-16T12:44:13","date_gmt":"2025-08-16T10:44:13","guid":{"rendered":"https:\/\/monikatschudi-techart.com\/?page_id=3369"},"modified":"2025-08-16T13:50:22","modified_gmt":"2025-08-16T11:50:22","slug":"microsoft-business-coachings","status":"publish","type":"page","link":"https:\/\/monikatschudi-techart.com\/en\/webseite\/angebote\/microsoft-business-coachings\/","title":{"rendered":"Microsoft Business Coachings"},"content":{"rendered":"<p>[et_pb_section fb_built=&#8221;1&#8243; theme_builder_area=&#8221;post_content&#8221; _builder_version=&#8221;4.25.0&#8243; _module_preset=&#8221;default&#8221; custom_padding=&#8221;||28px|||&#8221;][et_pb_row _builder_version=&#8221;4.25.0&#8243; _module_preset=&#8221;default&#8221; theme_builder_area=&#8221;post_content&#8221;][et_pb_column _builder_version=&#8221;4.25.0&#8243; _module_preset=&#8221;default&#8221; type=&#8221;4_4&#8243; theme_builder_area=&#8221;post_content&#8221;][et_pb_heading title=&#8221;Microsoft Business Coachings&#8221; _builder_version=&#8221;4.25.0&#8243; _module_preset=&#8221;default&#8221; theme_builder_area=&#8221;post_content&#8221; hover_enabled=&#8221;0&#8243; sticky_enabled=&#8221;0&#8243;][\/et_pb_heading][\/et_pb_column][\/et_pb_row][\/et_pb_section][et_pb_section fb_built=&#8221;1&#8243; _builder_version=&#8221;4.25.0&#8243; _module_preset=&#8221;default&#8221; hover_enabled=&#8221;0&#8243; global_colors_info=&#8221;{}&#8221; theme_builder_area=&#8221;post_content&#8221; sticky_enabled=&#8221;0&#8243; locked=&#8221;off&#8221; custom_padding=&#8221;32px|||||&#8221;][et_pb_row _builder_version=&#8221;4.25.0&#8243; _module_preset=&#8221;default&#8221; global_colors_info=&#8221;{}&#8221; theme_builder_area=&#8221;et_body_layout&#8221;][et_pb_column type=&#8221;4_4&#8243; _builder_version=&#8221;4.25.0&#8243; _module_preset=&#8221;default&#8221; global_colors_info=&#8221;{}&#8221; theme_builder_area=&#8221;et_body_layout&#8221;][et_pb_text _builder_version=&#8221;4.25.0&#8243; _module_preset=&#8221;default&#8221; global_colors_info=&#8221;{}&#8221; theme_builder_area=&#8221;et_body_layout&#8221;]<\/p>\n<p>Mit meinem Microsoft Business Coaching unterst\u00fctze ich Einzelunternehmen und Firmen, ihre Mitarbeiter f\u00fcr Outlook und Co. fit zu machen. Praxisorientierte Grundlagenschulungen, Tipps &amp; Tricks, einfach erkl\u00e4rt und realit\u00e4tsnah, damit jeder versteht wie es geht und anschliessend auch umsetzen kann. F\u00fcr eine optimale Nutzung der Anwendungen, damit ihr effizienter und schneller eure Prozesse abarbeiten k\u00f6nnt.<\/p>\n<p>Du denkst dir: das k\u00f6nnen meine Mitarbeiter selbst lernen? Ja, k\u00f6nnen sie&#8230; aber mit viel Zeitaufwand, Einschr\u00e4nkungen und m\u00f6glichen, unn\u00f6tigen Fehlern.<\/p>\n<p>In meinen Trainings zeige ich euch praxisnah und verst\u00e4ndlich, wie ihr die Tools von Microsoft Office 365 optimal nutzen k\u00f6nnt. Nicht nur um Zeit zu sparen und effizienter zu arbeiten, sondern auch den Mitarbeitern die Ber\u00fchrungs\u00e4ngste und die \u00dcberforderung zu nehmen. Denn ja, h\u00e4ufig sind die Mitarbeiter \u00fcberfordert, weil sie sich zu wenig mit den Anwendungen auskennen und einfach irgendetwas machen. Sie wursteln sich durch die Anwendungen und damit steigt auch die Frustration.\u00a0<\/p>\n<p>Ob Microsoft Outlook, Planner, SharePoint, Word, Excel, PowerPoint oder Teams \u2013 ich bringe dir und deinem Team die besten Tipps und Strategien f\u00fcr den B\u00fcroalltag bei. Welche Anwendungen es sein sollen, bestimmst du als Unternehmen. Denn nicht jeder nutzt dieselben Anwendungen und hat andere Herausforderungen.<\/p>\n<p>Interesse? Gerne k\u00f6nnen wir bei einem unverbindlichen Erstgespr\u00e4ch abstimmen, ob die Schulung f\u00fcr euch geeignet ist und wie wir vorgehen k\u00f6nnen.\u00a0<\/p>\n<p>[\/et_pb_text][\/et_pb_column][\/et_pb_row][et_pb_row column_structure=&#8221;1_2,1_2&#8243; _builder_version=&#8221;4.25.0&#8243; _module_preset=&#8221;default&#8221; global_colors_info=&#8221;{}&#8221; theme_builder_area=&#8221;et_body_layout&#8221;][et_pb_column type=&#8221;1_2&#8243; _builder_version=&#8221;4.25.0&#8243; _module_preset=&#8221;default&#8221; global_colors_info=&#8221;{}&#8221; theme_builder_area=&#8221;et_body_layout&#8221;][et_pb_button button_url=&#8221;<a href=\"https:\/\/outlook.office.com\/bookwithme\/user\/3c0a41207de648cda17a1b22288a5cfd@monikatschudi-techart.com\/meetingtype\/5fGRn74L2km3Z1JuwKWiHw2?anonymous&#038;ismsaljsauthenabled&#038;ep=mlink&#038;#8221\" rel=\"nofollow\">https:\/\/outlook.office.com\/bookwithme\/user\/3c0a41207de648cda17a1b22288a5cfd@monikatschudi-techart.com\/meetingtype\/5fGRn74L2km3Z1JuwKWiHw2?anonymous&#038;ismsaljsauthenabled&#038;ep=mlink&#038;#8221<\/a>; url_new_window=&#8221;on&#8221; button_text=&#8221;Jetzt Erstgespr\u00e4ch buchen&#8221; button_alignment=&#8221;center&#8221; _builder_version=&#8221;4.25.0&#8243; _module_preset=&#8221;default&#8221; custom_button=&#8221;on&#8221; button_text_color=&#8221;#FFFFFF&#8221; button_bg_color=&#8221;#d1351d&#8221; button_border_color=&#8221;#000000&#8243; button_border_radius=&#8221;9px&#8221; button_letter_spacing=&#8221;0px&#8221; button_font=&#8221;&#8211;et_global_body_font|||||on|||&#8221; button_icon=&#8221;&#x24;||divi||400&#8243; button_icon_color=&#8221;#FFFFFF&#8221; global_colors_info=&#8221;{}&#8221; theme_builder_area=&#8221;et_body_layout&#8221;][\/et_pb_button][\/et_pb_column][et_pb_column type=&#8221;1_2&#8243; _builder_version=&#8221;4.25.0&#8243; _module_preset=&#8221;default&#8221; global_colors_info=&#8221;{}&#8221; theme_builder_area=&#8221;et_body_layout&#8221;][et_pb_button url_new_window=&#8221;on&#8221; button_text=&#8221;Preisliste&#8221; button_alignment=&#8221;center&#8221; _builder_version=&#8221;4.25.0&#8243; _module_preset=&#8221;default&#8221; custom_button=&#8221;on&#8221; button_text_color=&#8221;#FFFFFF&#8221; button_bg_color=&#8221;gcid-heading-color&#8221; button_border_color=&#8221;#000000&#8243; button_border_radius=&#8221;9px&#8221; button_letter_spacing=&#8221;0px&#8221; button_font=&#8221;&#8211;et_global_body_font|||||on|||&#8221; button_icon=&#8221;&#x24;||divi||400&#8243; button_icon_color=&#8221;#FFFFFF&#8221; global_colors_info=&#8221;{%22gcid-heading-color%22:%91%22button_bg_color%22%93}&#8221; theme_builder_area=&#8221;et_body_layout&#8221;][\/et_pb_button][\/et_pb_column][\/et_pb_row][et_pb_row _builder_version=&#8221;4.25.0&#8243; _module_preset=&#8221;default&#8221; global_colors_info=&#8221;{}&#8221; theme_builder_area=&#8221;et_body_layout&#8221;][et_pb_column type=&#8221;4_4&#8243; _builder_version=&#8221;4.25.0&#8243; _module_preset=&#8221;default&#8221; global_colors_info=&#8221;{}&#8221; theme_builder_area=&#8221;et_body_layout&#8221;][et_pb_image src=&#8221;<a href=\"https:\/\/monikatschudi-techart.com\/wp-content\/uploads\/2022\/12\/BildLEARN.png&#038;#8221\">https:\/\/monikatschudi-techart.com\/wp-content\/uploads\/2022\/12\/BildLEARN.png&#038;#8221<\/a>; title_text=&#8221;Microsoft Business Coaching&#8221; _builder_version=&#8221;4.25.0&#8243; _module_preset=&#8221;default&#8221; global_colors_info=&#8221;{}&#8221; theme_builder_area=&#8221;et_body_layout&#8221;][\/et_pb_image][\/et_pb_column][\/et_pb_row][\/et_pb_section]<\/p>\n","protected":false},"excerpt":{"rendered":"<p>Mit meinem Microsoft Business Coaching unterst\u00fctze ich Einzelunternehmen und Firmen, ihre Mitarbeiter f\u00fcr Outlook und Co. fit zu machen. Praxisorientierte Grundlagenschulungen, Tipps &amp; Tricks, einfach erkl\u00e4rt und realit\u00e4tsnah, damit jeder versteht wie es geht und anschliessend auch umsetzen kann. F\u00fcr eine optimale Nutzung der Anwendungen, damit ihr effizienter und schneller eure Prozesse abarbeiten k\u00f6nnt. Du [&hellip;]<\/p>\n","protected":false},"author":220149267,"featured_media":0,"parent":3332,"menu_order":0,"comment_status":"closed","ping_status":"closed","template":"","meta":{"_bbp_topic_count":0,"_bbp_reply_count":0,"_bbp_total_topic_count":0,"_bbp_total_reply_count":0,"_bbp_voice_count":0,"_bbp_anonymous_reply_count":0,"_bbp_topic_count_hidden":0,"_bbp_reply_count_hidden":0,"_bbp_forum_subforum_count":0,"_et_pb_use_builder":"on","_et_pb_old_content":"","_et_gb_content_width":"","om_disable_all_campaigns":false,"pmpro_default_level":"","_uag_custom_page_level_css":"","_monsterinsights_skip_tracking":false,"_monsterinsights_sitenote_active":false,"_monsterinsights_sitenote_note":"","_monsterinsights_sitenote_category":0,"_uf_show_specific_survey":0,"_uf_disable_surveys":false,"footnotes":""},"wf_page_folders":[3071],"class_list":["post-3369","page","type-page","status-publish","hentry","pmpro-has-access"],"aioseo_notices":[],"uagb_featured_image_src":{"full":false,"thumbnail":false,"medium":false,"medium_large":false,"large":false,"1536x1536":false,"2048x2048":false,"trp-custom-language-flag":false,"newspack-article-block-landscape-large":false,"newspack-article-block-portrait-large":false,"newspack-article-block-square-large":false,"newspack-article-block-landscape-medium":false,"newspack-article-block-portrait-medium":false,"newspack-article-block-square-medium":false,"newspack-article-block-landscape-intermediate":false,"newspack-article-block-portrait-intermediate":false,"newspack-article-block-square-intermediate":false,"newspack-article-block-landscape-small":false,"newspack-article-block-portrait-small":false,"newspack-article-block-square-small":false,"newspack-article-block-landscape-tiny":false,"newspack-article-block-portrait-tiny":false,"newspack-article-block-square-tiny":false,"newspack-article-block-uncropped":false,"et-pb-post-main-image":false,"et-pb-post-main-image-fullwidth":false,"et-pb-portfolio-image":false,"et-pb-portfolio-module-image":false,"et-pb-portfolio-image-single":false,"et-pb-gallery-module-image-portrait":false,"et-pb-post-main-image-fullwidth-large":false,"et-pb-image--responsive--desktop":false,"et-pb-image--responsive--tablet":false,"et-pb-image--responsive--phone":false,"d4p-bbp-thumb":false,"woocommerce_thumbnail":false,"woocommerce_single":false,"woocommerce_gallery_thumbnail":false},"uagb_author_info":{"display_name":"Monika Tschudi","author_link":"https:\/\/monikatschudi-techart.com\/en\/author\/motschudi\/"},"uagb_comment_info":0,"uagb_excerpt":"Mit meinem Microsoft Business Coaching unterst\u00fctze ich Einzelunternehmen und Firmen, ihre Mitarbeiter f\u00fcr Outlook und Co. fit zu machen. Praxisorientierte Grundlagenschulungen, Tipps &amp; Tricks, einfach erkl\u00e4rt und realit\u00e4tsnah, damit jeder versteht wie es geht und anschliessend auch umsetzen kann. F\u00fcr eine optimale Nutzung der Anwendungen, damit ihr effizienter und schneller eure Prozesse abarbeiten k\u00f6nnt. Du&hellip;","jetpack_likes_enabled":true,"jetpack_sharing_enabled":true,"jetpack_shortlink":"https:\/\/wp.me\/PdV0az-Sl","jetpack-related-posts":[],"_links":{"self":[{"href":"https:\/\/monikatschudi-techart.com\/en\/wp-json\/wp\/v2\/pages\/3369","targetHints":{"allow":["GET"]}}],"collection":[{"href":"https:\/\/monikatschudi-techart.com\/en\/wp-json\/wp\/v2\/pages"}],"about":[{"href":"https:\/\/monikatschudi-techart.com\/en\/wp-json\/wp\/v2\/types\/page"}],"author":[{"embeddable":true,"href":"https:\/\/monikatschudi-techart.com\/en\/wp-json\/wp\/v2\/users\/220149267"}],"replies":[{"embeddable":true,"href":"https:\/\/monikatschudi-techart.com\/en\/wp-json\/wp\/v2\/comments?post=3369"}],"version-history":[{"count":3,"href":"https:\/\/monikatschudi-techart.com\/en\/wp-json\/wp\/v2\/pages\/3369\/revisions"}],"predecessor-version":[{"id":3392,"href":"https:\/\/monikatschudi-techart.com\/en\/wp-json\/wp\/v2\/pages\/3369\/revisions\/3392"}],"up":[{"embeddable":true,"href":"https:\/\/monikatschudi-techart.com\/en\/wp-json\/wp\/v2\/pages\/3332"}],"wp:attachment":[{"href":"https:\/\/monikatschudi-techart.com\/en\/wp-json\/wp\/v2\/media?parent=3369"}],"wp:term":[{"taxonomy":"wf_page_folders","embeddable":true,"href":"https:\/\/monikatschudi-techart.com\/en\/wp-json\/wp\/v2\/wf_page_folders?post=3369"}],"curies":[{"name":"wp","href":"https:\/\/api.w.org\/{rel}","templated":true}]}}